{"id":22721,"date":"2025-02-25T20:57:33","date_gmt":"2025-02-25T20:57:33","guid":{"rendered":"https:\/\/paulgems.com\/?post_type=product&#038;p=22721"},"modified":"2025-04-12T09:40:16","modified_gmt":"2025-04-12T09:40:16","slug":"dianaaa","status":"publish","type":"product","link":"https:\/\/paulgems.com\/en\/escorts\/dianaaa\/","title":{"rendered":"Diana"},"content":{"rendered":"<div class=\"wpb-content-wrapper\"><p>[vc_row][vc_column]<div id=\"ultimate-heading-63246a039fbde1014\" class=\"uvc-heading ult-adjust-bottom-margin ultimate-heading-63246a039fbde1014 uvc-8018 \" data-hspacer=\"no_spacer\"  data-halign=\"left\" style=\"text-align:left\"><div class=\"uvc-heading-spacer no_spacer\" style=\"top\"><\/div><div class=\"uvc-main-heading ult-responsive\"  data-ultimate-target='.uvc-heading.ultimate-heading-63246a039fbde1014 h2'  data-responsive-json-new='{\"font-size\":\"desktop:50px;\",\"line-height\":\"desktop:65px;\"}' ><h2 style=\"font-family:&#039;Ephesis&#039;;font-weight:normal;color:#891c23;\">Diana<\/h2><\/div><\/div>[vc_column_text css=&#8221;&#8221; css_params=&#8221;&#8221;]<strong>Nuestras impresiones &#8230;<\/strong><\/p>\n<p>Sus ojos son dos joyas que tienen luz propia, alumbran un rostro femenino, fresco y c\u00e1lido, de tez suave y aterciopelada. Hay muchos adjetivos muy buenos para describir a esta espectacular modelo espa\u00f1ola de 34 a\u00f1os, aunque solo daremos unas peque\u00f1as pinceladas de su personalidad y apariencia porque lo dem\u00e1s lo deb\u00e9is descubrir vosotros mismos y conocerla, porque merece la pena y quedar\u00e1s encantado. Dulce, suave, c\u00e1lida, cari\u00f1osa, simp\u00e1tica, agradable y extovertida, alguna de estas pinceladas que hablan de su presentaci\u00f3n, todo ello envuelto en un espectacular f\u00edsico, muy cuidado, delgado y de figura suave y delicada. Atractiva por su forma de ser, que se completa con una elegancia innata y una se\u00f1orita que es \u00a0independiente completamente y que no necesita de nadie para que gu\u00ede sus pasos, ya que su camino comenz\u00f3 a labr\u00e1rselo ella misma. Es una dama actual, sofisticada y valiente.<\/p>\n<p>Con\u00f3cela y disfruta de sus mil y una fant\u00e1sias.<\/p>\n<p><em><strong>Descubriendo a Diana &#8230;<\/strong><\/em>[\/vc_column_text]<div class=\"ult-spacer spacer-6a039fbde1065\" data-id=\"6a039fbde1065\" data-height=\"50\" data-height-mobile=\"50\" data-height-tab=\"50\" data-height-tab-portrait=\"\" data-height-mobile-landscape=\"\" style=\"clear:both;display:block;\"><\/div>[\/vc_column][\/vc_row][vc_row full_width=&#8221;stretch_row_content&#8221; css=&#8221;.vc_custom_1698407329577{padding-bottom: 50px !important;background-color: #ececec !important;}&#8221;][vc_column]<div class=\"ult-spacer spacer-6a039fbde107c\" data-id=\"6a039fbde107c\" data-height=\"50\" data-height-mobile=\"50\" data-height-tab=\"50\" data-height-tab-portrait=\"\" data-height-mobile-landscape=\"\" style=\"clear:both;display:block;\"><\/div><div id=\"ultimate-heading-55486a039fbde1099\" class=\"uvc-heading ult-adjust-bottom-margin ultimate-heading-55486a039fbde1099 uvc-584 \" data-hspacer=\"no_spacer\"  data-halign=\"center\" style=\"text-align:center\"><div class=\"uvc-heading-spacer no_spacer\" style=\"top\"><\/div><div class=\"uvc-main-heading ult-responsive\"  data-ultimate-target='.uvc-heading.ultimate-heading-55486a039fbde1099 h2'  data-responsive-json-new='{\"font-size\":\"desktop:50px;\",\"line-height\":\"\"}' ><h2 style=\"font-family:&#039;Ephesis&#039;;font-weight:normal;color:#891c23;\">MODELO ORO ** GOLD MODEL<\/h2><\/div><\/div>[\/vc_column][\/vc_row][vc_row full_width=&#8221;stretch_row_content&#8221; no_padding=&#8221;yes&#8221; content_placement=&#8221;middle&#8221;][vc_column width=&#8221;1\/2&#8243; animation_delay=&#8221;400&#8243; css=&#8221;.vc_custom_1736715870466{background-image: url(https:\/\/paulgems.com\/wp-content\/uploads\/2025\/01\/0pol.jpg?id=22732) !important;background-position: center !important;background-repeat: no-repeat !important;background-size: cover !important;}&#8221; conditional_render=&#8221;%5B%7B%22value_role%22%3A%22administrator%22%7D%5D&#8221; css_params=&#8221;&#8221;][vc_single_image image=&#8221;14873&#8243; img_size=&#8221;960&#215;640&#8243; el_class=&#8221;mb-0&#8243;][\/vc_column][vc_column width=&#8221;1\/2&#8243; animation_delay=&#8221;400&#8243; css=&#8221;.vc_custom_1635171173273{padding-top: 0px !important;padding-bottom: 50px !important;background-color: #000000 !important;}&#8221;][vc_column_text css=&#8221;&#8221; css_params=&#8221;&#8221;]Pecho natural[\/vc_column_text][vc_row_inner][vc_column_inner el_class=&#8221;espaciofranjanegra&#8221; offset=&#8221;vc_col-md-offset-2 vc_col-md-8&#8243; el_id=&#8221;espaciofranjanegra&#8221;]<div id=\"ultimate-heading-99176a039fbde10d4\" class=\"uvc-heading ult-adjust-bottom-margin ultimate-heading-99176a039fbde10d4 uvc-4450 \" data-hspacer=\"no_spacer\"  data-halign=\"left\" style=\"text-align:left\"><div class=\"uvc-heading-spacer no_spacer\" style=\"top\"><\/div><div class=\"uvc-main-heading ult-responsive\"  data-ultimate-target='.uvc-heading.ultimate-heading-99176a039fbde10d4 h2'  data-responsive-json-new='{\"font-size\":\"desktop:50px;\",\"line-height\":\"desktop:65px;\"}' ><h2 style=\"font-family:&#039;Ephesis&#039;;font-weight:normal;color:#891c23;\">Diana<\/h2><\/div><div class=\"uvc-sub-heading ult-responsive\"  data-ultimate-target='.uvc-heading.ultimate-heading-99176a039fbde10d4 .uvc-sub-heading '  data-responsive-json-new='{\"font-size\":\"desktop:30px;tablet:27px;\",\"line-height\":\"desktop:37px;\"}'  style=\"font-family:&#039;Cormorant Garamond&#039;;font-weight:normal;color:#676767;\">&#8221; Bell\u00edsima modelo que har\u00e1 de tu encuentro un momento muy especial.&#8221;<\/div><\/div><div class=\"ult-spacer spacer-6a039fbde1108\" data-id=\"6a039fbde1108\" data-height=\"20\" data-height-mobile=\"20\" data-height-tab=\"20\" data-height-tab-portrait=\"\" data-height-mobile-landscape=\"\" style=\"clear:both;display:block;\"><\/div>[vc_column_text css=&#8221;&#8221; css_params=&#8221;&#8221;]<\/p>\n<p id=\"blanco\"><span class=\"rojo\">Profesi\u00f3n:<\/span> Esteticien<\/p>\n<p id=\"blanco\"><span class=\"rojo\">Edad:<\/span> 34 a\u00f1os<\/p>\n<p id=\"blanco\"><span class=\"rojo\">Altura:<\/span> 1,69 cm<\/p>\n<p id=\"blanco\"><span class=\"rojo\">Peso:<\/span> 52 kg<\/p>\n<p id=\"blanco\"><span class=\"rojo\">Medidas:<\/span> 90-62-93<\/p>\n<p id=\"blanco\"><span class=\"rojo\">Cabello:<\/span> rubio<\/p>\n<p id=\"blanco\"><span class=\"rojo\">Ojos:<\/span> avellana<\/p>\n<p id=\"blanco\"><span class=\"rojo\">Perfume:<\/span> Donna\/Valentino, Ceur Battant\/Louise Vouitton<\/p>\n<p id=\"blanco\"><span class=\"rojo\">Aficiones:<\/span> deporte, viajar, pilates, yoga, cine y acampar<\/p>\n<p id=\"blanco\"><span class=\"rojo\">Idiomas:<\/span> Espa\u00f1ol e ingl\u00e9s<\/p>\n<p>[\/vc_column_text]<div class=\"ult-spacer spacer-6a039fbde111c\" data-id=\"6a039fbde111c\" data-height=\"20\" data-height-mobile=\"20\" data-height-tab=\"20\" data-height-tab-portrait=\"\" data-height-mobile-landscape=\"\" style=\"clear:both;display:block;\"><\/div>[\/vc_column_inner][\/vc_row_inner][\/vc_column][\/vc_row][vc_row full_width=&#8221;stretch_row&#8221; bg_type=&#8221;bg_color&#8221; bg_override=&#8221;full&#8221; css=&#8221;.vc_custom_1635254849846{background-image: url(https:\/\/paulgems.com\/wp-content\/uploads\/2021\/10\/cabecera-home.jpg?id=13511) !important;background-position: center !important;background-repeat: no-repeat !important;background-size: cover !important;}&#8221; el_id=&#8221;servicios&#8221; bg_color_value=&#8221;rgba(0,0,0,0.8)&#8221;][vc_column]<div class=\"ult-spacer spacer-6a039fbde112d\" data-id=\"6a039fbde112d\" data-height=\"50\" data-height-mobile=\"50\" data-height-tab=\"50\" data-height-tab-portrait=\"\" data-height-mobile-landscape=\"\" style=\"clear:both;display:block;\"><\/div><div id=\"ultimate-heading-36096a039fbde1146\" class=\"uvc-heading ult-adjust-bottom-margin ultimate-heading-36096a039fbde1146 uvc-6952 \" data-hspacer=\"no_spacer\"  data-halign=\"center\" style=\"text-align:center\"><div class=\"uvc-heading-spacer no_spacer\" style=\"top\"><\/div><div class=\"uvc-main-heading ult-responsive\"  data-ultimate-target='.uvc-heading.ultimate-heading-36096a039fbde1146 h2'  data-responsive-json-new='{\"font-size\":\"desktop:50px;\",\"line-height\":\"\"}' ><h2 style=\"font-family:&#039;Ephesis&#039;;font-weight:normal;color:#ffffff;\">Servicios<\/h2><\/div><\/div><div class=\"ult-spacer spacer-6a039fbde1170\" data-id=\"6a039fbde1170\" data-height=\"50\" data-height-mobile=\"50\" data-height-tab=\"50\" data-height-tab-portrait=\"\" data-height-mobile-landscape=\"\" style=\"clear:both;display:block;\"><\/div>[vc_raw_html]JTNDZGl2JTIwaWQlM0QlMjJudWJlVGFncyUyMiUzRSUzQyUyRmRpdiUzRQ==[\/vc_raw_html][vc_separator color=&#8221;custom&#8221; border_width=&#8221;2&#8243; el_width=&#8221;70&#8243; accent_color=&#8221;#891c23&#8243;][vc_column_text]<\/p>\n<p class=\"nota\" style=\"text-align: center;\">NOTA: Paul Gems Elite Models Madrid, ofrece un servicio exclusivo como acompa\u00f1antes de lujo, toda interacci\u00f3n \u00edntima que pueda transcurrir durante la cita ser\u00e1 de mutuo acuerdo y consensuado entre ambas partes, el caballero y la acompa\u00f1ante, para que la cita salga a la perfecci\u00f3n. ALGUNOS de los servicios tienen un plus extra acordado con la se\u00f1orita ( a consultar con ella).<\/p>\n<p>[\/vc_column_text]<div class=\"ult-spacer spacer-6a039fbde1182\" data-id=\"6a039fbde1182\" data-height=\"25\" data-height-mobile=\"25\" data-height-tab=\"25\" data-height-tab-portrait=\"\" data-height-mobile-landscape=\"\" style=\"clear:both;display:block;\"><\/div>[vc_raw_js]JTNDc2NyaXB0JTNFJTIwJTBBJTI4ZnVuY3Rpb24lMjglMjQlMjklMjAlN0IlMEElMEElMEElMjAlMjQlMjglMjIudGFnZ2VkX2FzJTIwYSUyMiUyOS5lYWNoJTI4ZnVuY3Rpb24lMjglMjklN0IlMEElMjAlMjAlMjAlMjAlMjAlMjAlMjAlMEElMjAlMjAlMjAlMjAlMjAlMjAlMjB2YXIlMjBtaXRhZyUzRCUyMiUzQ3AlMjBjbGFzcyUzRCUyNyUyNyUzRSUyMiUyQiUyMCUyNCUyOHRoaXMlMjkuaHRtbCUyOCUyOSUyQiUyMCUyMiUzQyUyRnAlM0UlMjIlM0IlMEElMjAlMjAlMjAlMjAlMjAlMjAlMjAlMjAlMjAlMjQlMjglMjIlMjNudWJlVGFncyUyMiUyOS5wcmVwZW5kJTI4JTIwbWl0YWclMjklM0IlMEElMjAlMjAlMjAlMjAlN0QlMjklM0IlMEElN0QlMjklMjhqUXVlcnklMjklM0IlMEElMEElMjAlM0MlMkZzY3JpcHQlM0U=[\/vc_raw_js][\/vc_column][\/vc_row][vc_row][vc_column]<div class=\"ult-spacer spacer-6a039fbde1193\" data-id=\"6a039fbde1193\" data-height=\"25\" data-height-mobile=\"25\" data-height-tab=\"25\" data-height-tab-portrait=\"\" data-height-mobile-landscape=\"\" style=\"clear:both;display:block;\"><\/div><div id=\"ultimate-heading-26176a039fbde11b4\" class=\"uvc-heading ult-adjust-bottom-margin ultimate-heading-26176a039fbde11b4 uvc-4087 sinmbotton\" data-hspacer=\"line_only\"  data-halign=\"center\" style=\"text-align:center\"><div class=\"uvc-main-heading ult-responsive\"  data-ultimate-target='.uvc-heading.ultimate-heading-26176a039fbde11b4 h2'  data-responsive-json-new='{\"font-size\":\"desktop:30px;\",\"line-height\":\"\"}' ><h2 style=\"font-family:&#039;Cormorant Garamond&#039;;font-weight:600;color:#891c23;\">Disponibilidad<\/h2><\/div><div class=\"uvc-heading-spacer line_only\" style=\"topheight:1px;\"><span class=\"uvc-headings-line\" style=\"border-style:solid;border-bottom-width:1px;border-color:#891c23;width:170px;\"><\/span><\/div><\/div><div class=\"ult-spacer spacer-6a039fbde11e0\" data-id=\"6a039fbde11e0\" data-height=\"25\" data-height-mobile=\"25\" data-height-tab=\"25\" data-height-tab-portrait=\"\" data-height-mobile-landscape=\"\" style=\"clear:both;display:block;\"><\/div>[vc_row_inner][vc_column_inner][vc_column_text css=&#8221;&#8221; css_params=&#8221;&#8221;]Avisar con al menos 1 hora y media con antelaci\u00f3n antes del evento para que la se\u00f1orita se prepare y pueda acudir con tiempo.[\/vc_column_text][\/vc_column_inner][\/vc_row_inner]<div class=\"ult-spacer spacer-6a039fbde11f2\" data-id=\"6a039fbde11f2\" data-height=\"25\" data-height-mobile=\"25\" data-height-tab=\"25\" data-height-tab-portrait=\"\" data-height-mobile-landscape=\"\" style=\"clear:both;display:block;\"><\/div>[\/vc_column][\/vc_row][vc_row][vc_column]<div class=\"ult-spacer spacer-6a039fbde1202\" data-id=\"6a039fbde1202\" data-height=\"25\" data-height-mobile=\"25\" data-height-tab=\"25\" data-height-tab-portrait=\"\" data-height-mobile-landscape=\"\" style=\"clear:both;display:block;\"><\/div><div id=\"ultimate-heading-78326a039fbde121a\" class=\"uvc-heading ult-adjust-bottom-margin ultimate-heading-78326a039fbde121a uvc-166 \" data-hspacer=\"no_spacer\"  data-halign=\"left\" style=\"text-align:left\"><div class=\"uvc-heading-spacer no_spacer\" style=\"top\"><\/div><div class=\"uvc-main-heading ult-responsive\"  data-ultimate-target='.uvc-heading.ultimate-heading-78326a039fbde121a h2'  data-responsive-json-new='{\"font-size\":\"desktop:30px;\",\"line-height\":\"\"}' ><h2 style=\"font-family:&#039;Cormorant Garamond&#039;;font-weight:normal;color:#676767;\">Datos de importancia<\/h2><\/div><\/div><div class=\"ult-spacer spacer-6a039fbde1243\" data-id=\"6a039fbde1243\" data-height=\"25\" data-height-mobile=\"25\" data-height-tab=\"25\" data-height-tab-portrait=\"\" data-height-mobile-landscape=\"\" style=\"clear:both;display:block;\"><\/div>[vc_column_text]Fotos 100% reales, disfruta de una experiencia real con mujeres reales tan bellas como interesantes.<\/p>\n<p>El abono de la tarifa de su cita se abonar\u00e1 por adelantado, en efectivo y directamente a la se\u00f1orita, a ser posible en Euros, si no es as\u00ed deber\u00e1 informar a la agencia para concretar el cambio a la moneda nacional.<\/p>\n<p>Si el cliente\/a desea concretar un viaje con alguna\/o de nuestras\/os chicas\/os se abonar\u00e1 el 50 % del viaje por adelantado y el total de los gastos del viaje del\/ la acompa\u00f1ante, al menos 4 d\u00edas laborables al desplazamiento, mediante transferencia bancaria u otros ingresos similares. Dej\u00e1ndonos las fechas de ida y regreso, destino y hospedaje de la se\u00f1orita o chico.[\/vc_column_text][\/vc_column][\/vc_row][vc_row css=&#8221;.vc_custom_1634904782330{padding-top: 50px !important;padding-bottom: 50px !important;}&#8221;][vc_column]<div class=\"ult-spacer spacer-6a039fbde1254\" data-id=\"6a039fbde1254\" data-height=\"25\" data-height-mobile=\"25\" data-height-tab=\"25\" data-height-tab-portrait=\"\" data-height-mobile-landscape=\"\" style=\"clear:both;display:block;\"><\/div><div id=\"ultimate-heading-91146a039fbde126d\" class=\"uvc-heading ult-adjust-bottom-margin ultimate-heading-91146a039fbde126d uvc-8361 \" data-hspacer=\"no_spacer\"  data-halign=\"center\" style=\"text-align:center\"><div class=\"uvc-heading-spacer no_spacer\" style=\"top\"><\/div><div class=\"uvc-sub-heading ult-responsive\"  data-ultimate-target='.uvc-heading.ultimate-heading-91146a039fbde126d .uvc-sub-heading '  data-responsive-json-new='{\"font-size\":\"desktop:50px;tablet_portrait:40px;\",\"line-height\":\"desktop:34px;\"}'  style=\"font-family:&#039;Ephesis&#039;;font-weight:normal;color:#891c23;\">\u00abNuestro sello de presentaci\u00f3n, la excelencia\u00bb<\/p>\n<p>\u00abNuestro objetivo, alcanzar tus expectativas\u00bb<\/div><\/div><div class=\"ult-spacer spacer-6a039fbde128c\" data-id=\"6a039fbde128c\" data-height=\"25\" data-height-mobile=\"25\" data-height-tab=\"25\" data-height-tab-portrait=\"\" data-height-mobile-landscape=\"\" style=\"clear:both;display:block;\"><\/div>[\/vc_column][\/vc_row]<\/p>\n<\/div>","protected":false},"excerpt":{"rendered":"<p>[vc_row][vc_column][vc_column_text css=&#8221;&#8221; css_params=&#8221;&#8221;]Nuestras impresiones &#8230; Sus ojos son dos joyas que tienen luz propia, alumbran un rostro femenino, fresco y c\u00e1lido, de tez suave y aterciopelada. Hay muchos adjetivos muy buenos para describir a esta espectacular modelo espa\u00f1ola de 34 a\u00f1os, aunque solo daremos unas peque\u00f1as pinceladas de su personalidad y apariencia porque lo dem\u00e1s [&hellip;]<\/p>\n","protected":false},"featured_media":22724,"comment_status":"open","ping_status":"closed","template":"","meta":[],"product_brand":[],"product_cat":[206,383,45,24,85,95],"product_tag":[351,352,353,354,355,357],"class_list":{"0":"post-22721","1":"product","2":"type-product","3":"status-publish","4":"has-post-thumbnail","6":"product_cat-cosmetologa","7":"product_cat-gold","8":"product_cat-madrid","9":"product_cat-escorts-madrid","10":"product_cat-1-69-cm","11":"product_cat-34-anos","12":"product_tag-acompanante-vip-para-eventos-y-reuniones","13":"product_tag-acompanante-vip-viajes-internacionales","14":"product_tag-acompanante-vip-social","15":"product_tag-acompanante-vip-para-cenas","16":"product_tag-acompanante-vip-viajes-nacionales","17":"product_tag-acompanante-vip-trato-gfe","19":"first","20":"instock","21":"shipping-taxable","22":"product-type-simple"},"yoast_head":"<!-- This site is optimized with the Yoast SEO plugin v26.3 - https:\/\/yoast.com\/wordpress\/plugins\/seo\/ -->\n<title>Diana | Paul Gems<\/title>\n<meta name=\"robots\" content=\"index, follow, max-snippet:-1, max-image-preview:large, max-video-preview:-1\" \/>\n<link rel=\"canonical\" href=\"https:\/\/paulgems.com\/escorts\/dianaaa\/\" \/>\n<meta property=\"og:locale\" content=\"en_US\" \/>\n<meta property=\"og:type\" content=\"article\" \/>\n<meta property=\"og:title\" content=\"Diana | Paul Gems\" \/>\n<meta property=\"og:description\" content=\"[vc_row][vc_column][vc_column_text css=&#8221;&#8221; css_params=&#8221;&#8221;]Nuestras impresiones &#8230; Sus ojos son dos joyas que tienen luz propia, alumbran un rostro femenino, fresco y c\u00e1lido, de tez suave y aterciopelada. Hay muchos adjetivos muy buenos para describir a esta espectacular modelo espa\u00f1ola de 34 a\u00f1os, aunque solo daremos unas peque\u00f1as pinceladas de su personalidad y apariencia porque lo dem\u00e1s [&hellip;]\" \/>\n<meta property=\"og:url\" content=\"https:\/\/paulgems.com\/escorts\/dianaaa\/\" \/>\n<meta property=\"og:site_name\" content=\"Paul Gems\" \/>\n<meta property=\"article:modified_time\" content=\"2025-04-12T09:40:16+00:00\" \/>\n<meta property=\"og:image\" content=\"https:\/\/paulgems.com\/wp-content\/uploads\/2025\/01\/olikjuh.jpg\" \/>\n\t<meta property=\"og:image:width\" content=\"650\" \/>\n\t<meta property=\"og:image:height\" content=\"975\" \/>\n\t<meta property=\"og:image:type\" content=\"image\/jpeg\" \/>\n<meta name=\"twitter:card\" content=\"summary_large_image\" \/>\n<meta name=\"twitter:label1\" content=\"Est. reading time\" \/>\n\t<meta name=\"twitter:data1\" content=\"3 minutes\" \/>\n<script type=\"application\/ld+json\" class=\"yoast-schema-graph\">{\"@context\":\"https:\/\/schema.org\",\"@graph\":[{\"@type\":\"WebPage\",\"@id\":\"https:\/\/paulgems.com\/escorts\/dianaaa\/\",\"url\":\"https:\/\/paulgems.com\/escorts\/dianaaa\/\",\"name\":\"Diana | Paul Gems\",\"isPartOf\":{\"@id\":\"https:\/\/paulgems.com\/#website\"},\"primaryImageOfPage\":{\"@id\":\"https:\/\/paulgems.com\/escorts\/dianaaa\/#primaryimage\"},\"image\":{\"@id\":\"https:\/\/paulgems.com\/escorts\/dianaaa\/#primaryimage\"},\"thumbnailUrl\":\"https:\/\/paulgems.com\/wp-content\/uploads\/2025\/01\/olikjuh.jpg\",\"datePublished\":\"2025-02-25T20:57:33+00:00\",\"dateModified\":\"2025-04-12T09:40:16+00:00\",\"breadcrumb\":{\"@id\":\"https:\/\/paulgems.com\/escorts\/dianaaa\/#breadcrumb\"},\"inLanguage\":\"en-US\",\"potentialAction\":[{\"@type\":\"ReadAction\",\"target\":[\"https:\/\/paulgems.com\/escorts\/dianaaa\/\"]}]},{\"@type\":\"ImageObject\",\"inLanguage\":\"en-US\",\"@id\":\"https:\/\/paulgems.com\/escorts\/dianaaa\/#primaryimage\",\"url\":\"https:\/\/paulgems.com\/wp-content\/uploads\/2025\/01\/olikjuh.jpg\",\"contentUrl\":\"https:\/\/paulgems.com\/wp-content\/uploads\/2025\/01\/olikjuh.jpg\",\"width\":650,\"height\":975},{\"@type\":\"BreadcrumbList\",\"@id\":\"https:\/\/paulgems.com\/escorts\/dianaaa\/#breadcrumb\",\"itemListElement\":[{\"@type\":\"ListItem\",\"position\":1,\"name\":\"Portada\",\"item\":\"https:\/\/paulgems.com\/en\/\"},{\"@type\":\"ListItem\",\"position\":2,\"name\":\"Productos\",\"item\":\"https:\/\/paulgems.com\/shop\/\"},{\"@type\":\"ListItem\",\"position\":3,\"name\":\"Diana\"}]},{\"@type\":\"WebSite\",\"@id\":\"https:\/\/paulgems.com\/#website\",\"url\":\"https:\/\/paulgems.com\/\",\"name\":\"Paul Gems\",\"description\":\"\",\"potentialAction\":[{\"@type\":\"SearchAction\",\"target\":{\"@type\":\"EntryPoint\",\"urlTemplate\":\"https:\/\/paulgems.com\/?s={search_term_string}\"},\"query-input\":{\"@type\":\"PropertyValueSpecification\",\"valueRequired\":true,\"valueName\":\"search_term_string\"}}],\"inLanguage\":\"en-US\"}]}<\/script>\n<!-- \/ Yoast SEO plugin. -->","yoast_head_json":{"title":"Diana | Paul Gems","robots":{"index":"index","follow":"follow","max-snippet":"max-snippet:-1","max-image-preview":"max-image-preview:large","max-video-preview":"max-video-preview:-1"},"canonical":"https:\/\/paulgems.com\/escorts\/dianaaa\/","og_locale":"en_US","og_type":"article","og_title":"Diana | Paul Gems","og_description":"[vc_row][vc_column][vc_column_text css=&#8221;&#8221; css_params=&#8221;&#8221;]Nuestras impresiones &#8230; Sus ojos son dos joyas que tienen luz propia, alumbran un rostro femenino, fresco y c\u00e1lido, de tez suave y aterciopelada. Hay muchos adjetivos muy buenos para describir a esta espectacular modelo espa\u00f1ola de 34 a\u00f1os, aunque solo daremos unas peque\u00f1as pinceladas de su personalidad y apariencia porque lo dem\u00e1s [&hellip;]","og_url":"https:\/\/paulgems.com\/escorts\/dianaaa\/","og_site_name":"Paul Gems","article_modified_time":"2025-04-12T09:40:16+00:00","og_image":[{"width":650,"height":975,"url":"https:\/\/paulgems.com\/wp-content\/uploads\/2025\/01\/olikjuh.jpg","type":"image\/jpeg"}],"twitter_card":"summary_large_image","twitter_misc":{"Est. reading time":"3 minutes"},"schema":{"@context":"https:\/\/schema.org","@graph":[{"@type":"WebPage","@id":"https:\/\/paulgems.com\/escorts\/dianaaa\/","url":"https:\/\/paulgems.com\/escorts\/dianaaa\/","name":"Diana | Paul Gems","isPartOf":{"@id":"https:\/\/paulgems.com\/#website"},"primaryImageOfPage":{"@id":"https:\/\/paulgems.com\/escorts\/dianaaa\/#primaryimage"},"image":{"@id":"https:\/\/paulgems.com\/escorts\/dianaaa\/#primaryimage"},"thumbnailUrl":"https:\/\/paulgems.com\/wp-content\/uploads\/2025\/01\/olikjuh.jpg","datePublished":"2025-02-25T20:57:33+00:00","dateModified":"2025-04-12T09:40:16+00:00","breadcrumb":{"@id":"https:\/\/paulgems.com\/escorts\/dianaaa\/#breadcrumb"},"inLanguage":"en-US","potentialAction":[{"@type":"ReadAction","target":["https:\/\/paulgems.com\/escorts\/dianaaa\/"]}]},{"@type":"ImageObject","inLanguage":"en-US","@id":"https:\/\/paulgems.com\/escorts\/dianaaa\/#primaryimage","url":"https:\/\/paulgems.com\/wp-content\/uploads\/2025\/01\/olikjuh.jpg","contentUrl":"https:\/\/paulgems.com\/wp-content\/uploads\/2025\/01\/olikjuh.jpg","width":650,"height":975},{"@type":"BreadcrumbList","@id":"https:\/\/paulgems.com\/escorts\/dianaaa\/#breadcrumb","itemListElement":[{"@type":"ListItem","position":1,"name":"Portada","item":"https:\/\/paulgems.com\/en\/"},{"@type":"ListItem","position":2,"name":"Productos","item":"https:\/\/paulgems.com\/shop\/"},{"@type":"ListItem","position":3,"name":"Diana"}]},{"@type":"WebSite","@id":"https:\/\/paulgems.com\/#website","url":"https:\/\/paulgems.com\/","name":"Paul Gems","description":"","potentialAction":[{"@type":"SearchAction","target":{"@type":"EntryPoint","urlTemplate":"https:\/\/paulgems.com\/?s={search_term_string}"},"query-input":{"@type":"PropertyValueSpecification","valueRequired":true,"valueName":"search_term_string"}}],"inLanguage":"en-US"}]}},"_links":{"self":[{"href":"https:\/\/paulgems.com\/en\/wp-json\/wp\/v2\/product\/22721","targetHints":{"allow":["GET"]}}],"collection":[{"href":"https:\/\/paulgems.com\/en\/wp-json\/wp\/v2\/product"}],"about":[{"href":"https:\/\/paulgems.com\/en\/wp-json\/wp\/v2\/types\/product"}],"replies":[{"embeddable":true,"href":"https:\/\/paulgems.com\/en\/wp-json\/wp\/v2\/comments?post=22721"}],"wp:featuredmedia":[{"embeddable":true,"href":"https:\/\/paulgems.com\/en\/wp-json\/wp\/v2\/media\/22724"}],"wp:attachment":[{"href":"https:\/\/paulgems.com\/en\/wp-json\/wp\/v2\/media?parent=22721"}],"wp:term":[{"taxonomy":"product_brand","embeddable":true,"href":"https:\/\/paulgems.com\/en\/wp-json\/wp\/v2\/product_brand?post=22721"},{"taxonomy":"product_cat","embeddable":true,"href":"https:\/\/paulgems.com\/en\/wp-json\/wp\/v2\/product_cat?post=22721"},{"taxonomy":"product_tag","embeddable":true,"href":"https:\/\/paulgems.com\/en\/wp-json\/wp\/v2\/product_tag?post=22721"}],"curies":[{"name":"wp","href":"https:\/\/api.w.org\/{rel}","templated":true}]}}