{"id":22122,"date":"2025-08-29T18:55:27","date_gmt":"2025-08-29T18:55:27","guid":{"rendered":"https:\/\/paulgems.com\/?post_type=product&#038;p=22122"},"modified":"2026-01-03T10:54:41","modified_gmt":"2026-01-03T10:54:41","slug":"cameliaespanola","status":"publish","type":"product","link":"https:\/\/paulgems.com\/en\/escorts\/cameliaespanola\/","title":{"rendered":"Camelia"},"content":{"rendered":"<div class=\"wpb-content-wrapper\"><p>[vc_row][vc_column]<div id=\"ultimate-heading-563269d8e7a7be76e\" class=\"uvc-heading ult-adjust-bottom-margin ultimate-heading-563269d8e7a7be76e uvc-7434 \" data-hspacer=\"no_spacer\"  data-halign=\"left\" style=\"text-align:left\"><div class=\"uvc-heading-spacer no_spacer\" style=\"top\"><\/div><div class=\"uvc-main-heading ult-responsive\"  data-ultimate-target='.uvc-heading.ultimate-heading-563269d8e7a7be76e h2'  data-responsive-json-new='{\"font-size\":\"desktop:50px;\",\"line-height\":\"desktop:65px;\"}' ><h2 style=\"font-family:&#039;Ephesis&#039;;font-weight:normal;color:#891c23;\">Camelia Espa\u00f1ola<\/h2><\/div><\/div>[vc_column_text css=&#8221;&#8221;]<em><strong>Nuestras impresiones&#8230;<\/strong><\/em><\/p>\n<p>Una espectacular modelo espa\u00f1ola que combina sus estudios universitarios con el trabajo de acompa\u00f1ante de lujo para Paul Gems. \u00a0Su voz \u00a0dulce y c\u00e1lida , encandila a los caballeros, con una actitud muy femenina&#8230; . C\u00e1lida, cercana, atractiva, elegante, sutil, vers\u00e1til, femenina, sensual, inteligente, activa, din\u00e1mica&#8230; y podr\u00edamos seguir describi\u00e9ndola pero dejaremos que se\u00e1is vosotros quienes descubran todos y cada uno de sus secretos&#8230;<\/p>\n<p>Un cuerpo trabajado en el gimnasio, una piel clara y unos ojos espectaculares, algunos aspectos f\u00edsicos que podr\u00edamos destacar de esta encantadora jovencita de 23 a\u00f1os de edad.<\/p>\n<p><em><strong>Conociendo a Camelia &#8230;<\/strong><\/em>[\/vc_column_text]<div class=\"ult-spacer spacer-69d8e7a7be7d0\" data-id=\"69d8e7a7be7d0\" data-height=\"50\" data-height-mobile=\"50\" data-height-tab=\"50\" data-height-tab-portrait=\"\" data-height-mobile-landscape=\"\" style=\"clear:both;display:block;\"><\/div>[\/vc_column][\/vc_row][vc_row full_width=&#8221;stretch_row_content&#8221; css=&#8221;.vc_custom_1698407658704{padding-bottom: 50px !important;background-color: #ececec !important;}&#8221;][vc_column]<div class=\"ult-spacer spacer-69d8e7a7be7ed\" data-id=\"69d8e7a7be7ed\" data-height=\"50\" data-height-mobile=\"50\" data-height-tab=\"50\" data-height-tab-portrait=\"\" data-height-mobile-landscape=\"\" style=\"clear:both;display:block;\"><\/div><div id=\"ultimate-heading-624069d8e7a7be810\" class=\"uvc-heading ult-adjust-bottom-margin ultimate-heading-624069d8e7a7be810 uvc-535 \" data-hspacer=\"no_spacer\"  data-halign=\"center\" style=\"text-align:center\"><div class=\"uvc-heading-spacer no_spacer\" style=\"top\"><\/div><div class=\"uvc-main-heading ult-responsive\"  data-ultimate-target='.uvc-heading.ultimate-heading-624069d8e7a7be810 h2'  data-responsive-json-new='{\"font-size\":\"desktop:50px;\",\"line-height\":\"\"}' ><h2 style=\"font-family:&#039;Ephesis&#039;;font-weight:normal;color:#891c23;\">Tarifas<\/h2><\/div><div class=\"uvc-sub-heading ult-responsive\"  data-ultimate-target='.uvc-heading.ultimate-heading-624069d8e7a7be810 .uvc-sub-heading '  data-responsive-json-new='{\"font-size\":\"\",\"line-height\":\"\"}'  style=\"font-weight:normal;\">Modelo Plata ** Silver Model<\/div><\/div>[\/vc_column][\/vc_row][vc_row full_width=&#8221;stretch_row_content&#8221; no_padding=&#8221;yes&#8221; content_placement=&#8221;middle&#8221;][vc_column width=&#8221;1\/2&#8243; animation_delay=&#8221;400&#8243; css=&#8221;.vc_custom_1726426725243{background-image: url(https:\/\/paulgems.com\/wp-content\/uploads\/2024\/09\/dfkjklfjddfd.jpg?id=22123) !important;background-position: center !important;background-repeat: no-repeat !important;background-size: cover !important;}&#8221;][vc_single_image image=&#8221;14873&#8243; img_size=&#8221;960&#215;640&#8243; el_class=&#8221;mb-0&#8243;][\/vc_column][vc_column width=&#8221;1\/2&#8243; animation_delay=&#8221;400&#8243; css=&#8221;.vc_custom_1635171173273{padding-top: 0px !important;padding-bottom: 50px !important;background-color: #000000 !important;}&#8221;][vc_column_text]Espa\u00f1ola[\/vc_column_text][vc_row_inner][vc_column_inner el_class=&#8221;espaciofranjanegra&#8221; offset=&#8221;vc_col-md-offset-2 vc_col-md-8&#8243; el_id=&#8221;espaciofranjanegra&#8221;]<div id=\"ultimate-heading-742269d8e7a7be859\" class=\"uvc-heading ult-adjust-bottom-margin ultimate-heading-742269d8e7a7be859 uvc-6378 \" data-hspacer=\"no_spacer\"  data-halign=\"left\" style=\"text-align:left\"><div class=\"uvc-heading-spacer no_spacer\" style=\"top\"><\/div><div class=\"uvc-main-heading ult-responsive\"  data-ultimate-target='.uvc-heading.ultimate-heading-742269d8e7a7be859 h2'  data-responsive-json-new='{\"font-size\":\"desktop:50px;\",\"line-height\":\"desktop:65px;\"}' ><h2 style=\"font-family:&#039;Ephesis&#039;;font-weight:normal;color:#891c23;\">Camelia<\/h2><\/div><div class=\"uvc-sub-heading ult-responsive\"  data-ultimate-target='.uvc-heading.ultimate-heading-742269d8e7a7be859 .uvc-sub-heading '  data-responsive-json-new='{\"font-size\":\"desktop:30px;tablet:27px;\",\"line-height\":\"desktop:37px;\"}'  style=\"font-family:&#039;Cormorant Garamond&#039;;font-weight:normal;color:#676767;\">&#8220;Camale\u00f3nica, vers\u00e1til, dulce y con un cuerpo precioso y unos ojos que te hechizar\u00e1n.&#8221;<\/div><\/div><div class=\"ult-spacer spacer-69d8e7a7be898\" data-id=\"69d8e7a7be898\" data-height=\"20\" data-height-mobile=\"20\" data-height-tab=\"20\" data-height-tab-portrait=\"\" data-height-mobile-landscape=\"\" style=\"clear:both;display:block;\"><\/div>[vc_column_text css=&#8221;&#8221;]<\/p>\n<p id=\"blanco\"><span class=\"rojo\">Profesi\u00f3n:<\/span>\u00a0Universitaria<\/p>\n<p id=\"blanco\"><span class=\"rojo\">Edad:<\/span> 23 a\u00f1os<\/p>\n<p id=\"blanco\"><span class=\"rojo\">Altura:<\/span> 1,64 cm<\/p>\n<p id=\"blanco\"><span class=\"rojo\">Peso:<\/span> 52 \u00a0kg<\/p>\n<p id=\"blanco\"><span class=\"rojo\">Medidas:<\/span>\u00a090-60\u201390 (natural)<\/p>\n<p id=\"blanco\"><span class=\"rojo\">Cabello:<\/span>\u00a0rubio<\/p>\n<p id=\"blanco\"><span class=\"rojo\">Ojos:<\/span>\u00a0verdes oliva<\/p>\n<p id=\"blanco\"><span class=\"rojo\">Joyas:<\/span> Rolex<\/p>\n<p id=\"blanco\"><span class=\"rojo\">Aficiones:<\/span>\u00a0baile, naturaleza, deporte, gimnasio y alta gastronom\u00eda<\/p>\n<p id=\"blanco\"><span class=\"rojo\">Idiomas:<\/span> Espa\u00f1ol \u00a0e ingl\u00e9s<\/p>\n<p>[\/vc_column_text]<div class=\"ult-spacer spacer-69d8e7a7be8b8\" data-id=\"69d8e7a7be8b8\" data-height=\"20\" data-height-mobile=\"20\" data-height-tab=\"20\" data-height-tab-portrait=\"\" data-height-mobile-landscape=\"\" style=\"clear:both;display:block;\"><\/div>[\/vc_column_inner][\/vc_row_inner][\/vc_column][\/vc_row][vc_row full_width=&#8221;stretch_row&#8221; bg_type=&#8221;bg_color&#8221; bg_override=&#8221;full&#8221; css=&#8221;.vc_custom_1635254849846{background-image: url(https:\/\/paulgems.com\/wp-content\/uploads\/2021\/10\/cabecera-home.jpg?id=13511) !important;background-position: center !important;background-repeat: no-repeat !important;background-size: cover !important;}&#8221; el_id=&#8221;servicios&#8221; bg_color_value=&#8221;rgba(0,0,0,0.8)&#8221;][vc_column]<div class=\"ult-spacer spacer-69d8e7a7be8d0\" data-id=\"69d8e7a7be8d0\" data-height=\"50\" data-height-mobile=\"50\" data-height-tab=\"50\" data-height-tab-portrait=\"\" data-height-mobile-landscape=\"\" style=\"clear:both;display:block;\"><\/div><div id=\"ultimate-heading-262869d8e7a7be8ef\" class=\"uvc-heading ult-adjust-bottom-margin ultimate-heading-262869d8e7a7be8ef uvc-4832 \" data-hspacer=\"no_spacer\"  data-halign=\"center\" style=\"text-align:center\"><div class=\"uvc-heading-spacer no_spacer\" style=\"top\"><\/div><div class=\"uvc-main-heading ult-responsive\"  data-ultimate-target='.uvc-heading.ultimate-heading-262869d8e7a7be8ef h2'  data-responsive-json-new='{\"font-size\":\"desktop:50px;\",\"line-height\":\"\"}' ><h2 style=\"font-family:&#039;Ephesis&#039;;font-weight:normal;color:#ffffff;\">Servicios<\/h2><\/div><\/div><div class=\"ult-spacer spacer-69d8e7a7be924\" data-id=\"69d8e7a7be924\" data-height=\"50\" data-height-mobile=\"50\" data-height-tab=\"50\" data-height-tab-portrait=\"\" data-height-mobile-landscape=\"\" style=\"clear:both;display:block;\"><\/div>[vc_raw_html]JTNDZGl2JTIwaWQlM0QlMjJudWJlVGFncyUyMiUzRSUzQyUyRmRpdiUzRQ==[\/vc_raw_html][vc_separator color=&#8221;custom&#8221; border_width=&#8221;2&#8243; el_width=&#8221;70&#8243; accent_color=&#8221;#891c23&#8243;][vc_column_text]<\/p>\n<p class=\"nota\" style=\"text-align: center;\">NOTA: Paul Gems Elite Models Madrid, ofrece un servicio exclusivo como acompa\u00f1antes de lujo, toda interacci\u00f3n \u00edntima que pueda transcurrir durante la cita ser\u00e1 de mutuo acuerdo y consensuado entre ambas partes, el caballero y la acompa\u00f1ante, para que la cita salga a la perfecci\u00f3n. ALGUNOS de los servicios tienen un plus extra acordado con la se\u00f1orita ( a consultar con ella).<\/p>\n<p>[\/vc_column_text]<div class=\"ult-spacer spacer-69d8e7a7be939\" data-id=\"69d8e7a7be939\" data-height=\"25\" data-height-mobile=\"25\" data-height-tab=\"25\" data-height-tab-portrait=\"\" data-height-mobile-landscape=\"\" style=\"clear:both;display:block;\"><\/div>[vc_raw_js]JTNDc2NyaXB0JTNFJTIwJTBBJTI4ZnVuY3Rpb24lMjglMjQlMjklMjAlN0IlMEElMEElMEElMjAlMjQlMjglMjIudGFnZ2VkX2FzJTIwYSUyMiUyOS5lYWNoJTI4ZnVuY3Rpb24lMjglMjklN0IlMEElMjAlMjAlMjAlMjAlMjAlMjAlMjAlMEElMjAlMjAlMjAlMjAlMjAlMjAlMjB2YXIlMjBtaXRhZyUzRCUyMiUzQ3AlMjBjbGFzcyUzRCUyNyUyNyUzRSUyMiUyQiUyMCUyNCUyOHRoaXMlMjkuaHRtbCUyOCUyOSUyQiUyMCUyMiUzQyUyRnAlM0UlMjIlM0IlMEElMjAlMjAlMjAlMjAlMjAlMjAlMjAlMjAlMjAlMjQlMjglMjIlMjNudWJlVGFncyUyMiUyOS5wcmVwZW5kJTI4JTIwbWl0YWclMjklM0IlMEElMjAlMjAlMjAlMjAlN0QlMjklM0IlMEElN0QlMjklMjhqUXVlcnklMjklM0IlMEElMEElMjAlM0MlMkZzY3JpcHQlM0U=[\/vc_raw_js][\/vc_column][\/vc_row][vc_row][vc_column]<div class=\"ult-spacer spacer-69d8e7a7be94d\" data-id=\"69d8e7a7be94d\" data-height=\"25\" data-height-mobile=\"25\" data-height-tab=\"25\" data-height-tab-portrait=\"\" data-height-mobile-landscape=\"\" style=\"clear:both;display:block;\"><\/div><div id=\"ultimate-heading-499269d8e7a7be984\" class=\"uvc-heading ult-adjust-bottom-margin ultimate-heading-499269d8e7a7be984 uvc-836 sinmbotton\" data-hspacer=\"line_only\"  data-halign=\"center\" style=\"text-align:center\"><div class=\"uvc-main-heading ult-responsive\"  data-ultimate-target='.uvc-heading.ultimate-heading-499269d8e7a7be984 h2'  data-responsive-json-new='{\"font-size\":\"desktop:30px;\",\"line-height\":\"\"}' ><h2 style=\"font-family:&#039;Cormorant Garamond&#039;;font-weight:600;color:#891c23;\">Disponibilidad<\/h2><\/div><div class=\"uvc-heading-spacer line_only\" style=\"topheight:1px;\"><span class=\"uvc-headings-line\" style=\"border-style:solid;border-bottom-width:1px;border-color:#891c23;width:170px;\"><\/span><\/div><\/div><div class=\"ult-spacer spacer-69d8e7a7be9bd\" data-id=\"69d8e7a7be9bd\" data-height=\"25\" data-height-mobile=\"25\" data-height-tab=\"25\" data-height-tab-portrait=\"\" data-height-mobile-landscape=\"\" style=\"clear:both;display:block;\"><\/div>[vc_row_inner][vc_column_inner][vc_column_text]<\/p>\n<p class=\"disponibilidad mb-0\">\u00a0Para concretar una cita con la se\u00f1orita, hay que avisar con antelaci\u00f3n para ver la disponibilidad y \u00a0que se prepare para ir a la cita con 1 hora y media m\u00ednimo de antelaci\u00f3n.<\/p>\n<p>[\/vc_column_text][\/vc_column_inner][\/vc_row_inner][vc_row_inner][vc_column_inner][vc_column_text][\/vc_column_text][\/vc_column_inner][\/vc_row_inner]<div class=\"ult-spacer spacer-69d8e7a7be9d2\" data-id=\"69d8e7a7be9d2\" data-height=\"25\" data-height-mobile=\"25\" data-height-tab=\"25\" data-height-tab-portrait=\"\" data-height-mobile-landscape=\"\" style=\"clear:both;display:block;\"><\/div>[\/vc_column][\/vc_row][vc_row][vc_column]<div class=\"ult-spacer spacer-69d8e7a7be9e5\" data-id=\"69d8e7a7be9e5\" data-height=\"25\" data-height-mobile=\"25\" data-height-tab=\"25\" data-height-tab-portrait=\"\" data-height-mobile-landscape=\"\" style=\"clear:both;display:block;\"><\/div><div id=\"ultimate-heading-144769d8e7a7bea03\" class=\"uvc-heading ult-adjust-bottom-margin ultimate-heading-144769d8e7a7bea03 uvc-4002 \" data-hspacer=\"no_spacer\"  data-halign=\"left\" style=\"text-align:left\"><div class=\"uvc-heading-spacer no_spacer\" style=\"top\"><\/div><div class=\"uvc-main-heading ult-responsive\"  data-ultimate-target='.uvc-heading.ultimate-heading-144769d8e7a7bea03 h2'  data-responsive-json-new='{\"font-size\":\"desktop:30px;\",\"line-height\":\"\"}' ><h2 style=\"font-family:&#039;Cormorant Garamond&#039;;font-weight:normal;color:#676767;\">Datos de importancia<\/h2><\/div><\/div><div class=\"ult-spacer spacer-69d8e7a7bea33\" data-id=\"69d8e7a7bea33\" data-height=\"25\" data-height-mobile=\"25\" data-height-tab=\"25\" data-height-tab-portrait=\"\" data-height-mobile-landscape=\"\" style=\"clear:both;display:block;\"><\/div>[vc_column_text]Fotos 100% reales, disfruta de una experiencia real con mujeres reales tan bellas como interesantes. En la tarifa si el caballero quiere, se incluye la invitaci\u00f3n a la habitaci\u00f3n,parking privado, y alguna sorpresa m\u00e1s&#8230;<\/p>\n<p>El abono de la tarifa de su cita se abonar\u00e1 por adelantado, en efectivo y directamente a la se\u00f1orita, a ser posible en Euros, si no es as\u00ed deber\u00e1 informar a la agencia para concretar el cambio a la moneda nacional.<\/p>\n<p>Si el cliente\/a desea concretar un viaje con alguna\/o de nuestras\/os chicas\/os se abonar\u00e1 el 50 % del viaje por adelantado y el total de los gastos del viaje del\/ la acompa\u00f1ante, al menos 4 d\u00edas laborables al desplazamiento, mediante transferencia bancaria u otros ingresos similares. Dej\u00e1ndonos las fechas de ida y regreso, destino y hospedaje de la se\u00f1orita o chico.[\/vc_column_text][\/vc_column][\/vc_row][vc_row css=&#8221;.vc_custom_1634904782330{padding-top: 50px !important;padding-bottom: 50px !important;}&#8221;][vc_column]<div class=\"ult-spacer spacer-69d8e7a7bea48\" data-id=\"69d8e7a7bea48\" data-height=\"25\" data-height-mobile=\"25\" data-height-tab=\"25\" data-height-tab-portrait=\"\" data-height-mobile-landscape=\"\" style=\"clear:both;display:block;\"><\/div><div id=\"ultimate-heading-848869d8e7a7bea66\" class=\"uvc-heading ult-adjust-bottom-margin ultimate-heading-848869d8e7a7bea66 uvc-8654 \" data-hspacer=\"no_spacer\"  data-halign=\"center\" style=\"text-align:center\"><div class=\"uvc-heading-spacer no_spacer\" style=\"top\"><\/div><div class=\"uvc-sub-heading ult-responsive\"  data-ultimate-target='.uvc-heading.ultimate-heading-848869d8e7a7bea66 .uvc-sub-heading '  data-responsive-json-new='{\"font-size\":\"desktop:50px;tablet_portrait:40px;\",\"line-height\":\"desktop:34px;\"}'  style=\"font-family:&#039;Ephesis&#039;;font-weight:normal;color:#891c23;\">\u00abNuestro sello de presentaci\u00f3n, la excelencia\u00bb<\/p>\n<p>\u00abNuestro objetivo, alcanzar tus expectativas\u00bb<\/div><\/div><div class=\"ult-spacer spacer-69d8e7a7bea8a\" data-id=\"69d8e7a7bea8a\" data-height=\"25\" data-height-mobile=\"25\" data-height-tab=\"25\" data-height-tab-portrait=\"\" data-height-mobile-landscape=\"\" style=\"clear:both;display:block;\"><\/div>[\/vc_column][\/vc_row]<\/p>\n<\/div>","protected":false},"excerpt":{"rendered":"<p>[vc_row][vc_column][vc_column_text css=&#8221;&#8221;]Nuestras impresiones&#8230; Una espectacular modelo espa\u00f1ola que combina sus estudios universitarios con el trabajo de acompa\u00f1ante de lujo para Paul Gems. \u00a0Su voz \u00a0dulce y c\u00e1lida , encandila a los caballeros, con una actitud muy femenina&#8230; . C\u00e1lida, cercana, atractiva, elegante, sutil, vers\u00e1til, femenina, sensual, inteligente, activa, din\u00e1mica&#8230; y podr\u00edamos seguir describi\u00e9ndola pero dejaremos [&hellip;]<\/p>\n","protected":false},"featured_media":23656,"comment_status":"open","ping_status":"closed","template":"","meta":[],"product_brand":[],"product_cat":[156,377,382,24,90,59,62],"product_tag":[351,352,353,354,355,357],"class_list":{"0":"post-22122","1":"product","2":"type-product","3":"status-publish","4":"has-post-thumbnail","6":"product_cat-espanola","7":"product_cat-madrid-exclusiva","8":"product_cat-silver","9":"product_cat-escorts-madrid","10":"product_cat-1-64-cm","11":"product_cat-59","12":"product_cat-universitaria","13":"product_tag-acompanante-vip-para-eventos-y-reuniones","14":"product_tag-acompanante-vip-viajes-internacionales","15":"product_tag-acompanante-vip-social","16":"product_tag-acompanante-vip-para-cenas","17":"product_tag-acompanante-vip-viajes-nacionales","18":"product_tag-acompanante-vip-trato-gfe","20":"first","21":"instock","22":"shipping-taxable","23":"product-type-simple"},"yoast_head":"<!-- This site is optimized with the Yoast SEO plugin v26.3 - https:\/\/yoast.com\/wordpress\/plugins\/seo\/ -->\n<title>Camelia -<\/title>\n<meta name=\"robots\" content=\"index, follow, max-snippet:-1, max-image-preview:large, max-video-preview:-1\" \/>\n<link rel=\"canonical\" href=\"https:\/\/paulgems.com\/escorts\/cameliaespanola\/\" \/>\n<meta property=\"og:locale\" content=\"en_US\" \/>\n<meta property=\"og:type\" content=\"article\" \/>\n<meta property=\"og:title\" content=\"Camelia -\" \/>\n<meta property=\"og:description\" content=\"[vc_row][vc_column][vc_column_text css=&#8221;&#8221;]Nuestras impresiones&#8230; Una espectacular modelo espa\u00f1ola que combina sus estudios universitarios con el trabajo de acompa\u00f1ante de lujo para Paul Gems. \u00a0Su voz \u00a0dulce y c\u00e1lida , encandila a los caballeros, con una actitud muy femenina&#8230; . C\u00e1lida, cercana, atractiva, elegante, sutil, vers\u00e1til, femenina, sensual, inteligente, activa, din\u00e1mica&#8230; y podr\u00edamos seguir describi\u00e9ndola pero dejaremos [&hellip;]\" \/>\n<meta property=\"og:url\" content=\"https:\/\/paulgems.com\/escorts\/cameliaespanola\/\" \/>\n<meta property=\"article:modified_time\" content=\"2026-01-03T10:54:41+00:00\" \/>\n<meta property=\"og:image\" content=\"https:\/\/paulgems.com\/wp-content\/uploads\/2025\/03\/olikuj-4.jpg\" \/>\n\t<meta property=\"og:image:width\" content=\"650\" \/>\n\t<meta property=\"og:image:height\" content=\"975\" \/>\n\t<meta property=\"og:image:type\" content=\"image\/jpeg\" \/>\n<meta name=\"twitter:card\" content=\"summary_large_image\" \/>\n<meta name=\"twitter:label1\" content=\"Est. reading time\" \/>\n\t<meta name=\"twitter:data1\" content=\"3 minutes\" \/>\n<script type=\"application\/ld+json\" class=\"yoast-schema-graph\">{\"@context\":\"https:\/\/schema.org\",\"@graph\":[{\"@type\":\"WebPage\",\"@id\":\"https:\/\/paulgems.com\/escorts\/cameliaespanola\/\",\"url\":\"https:\/\/paulgems.com\/escorts\/cameliaespanola\/\",\"name\":\"Camelia -\",\"isPartOf\":{\"@id\":\"https:\/\/paulgems.com\/#website\"},\"primaryImageOfPage\":{\"@id\":\"https:\/\/paulgems.com\/escorts\/cameliaespanola\/#primaryimage\"},\"image\":{\"@id\":\"https:\/\/paulgems.com\/escorts\/cameliaespanola\/#primaryimage\"},\"thumbnailUrl\":\"https:\/\/paulgems.com\/wp-content\/uploads\/2025\/03\/olikuj-4.jpg\",\"datePublished\":\"2025-08-29T18:55:27+00:00\",\"dateModified\":\"2026-01-03T10:54:41+00:00\",\"breadcrumb\":{\"@id\":\"https:\/\/paulgems.com\/escorts\/cameliaespanola\/#breadcrumb\"},\"inLanguage\":\"en-US\",\"potentialAction\":[{\"@type\":\"ReadAction\",\"target\":[\"https:\/\/paulgems.com\/escorts\/cameliaespanola\/\"]}]},{\"@type\":\"ImageObject\",\"inLanguage\":\"en-US\",\"@id\":\"https:\/\/paulgems.com\/escorts\/cameliaespanola\/#primaryimage\",\"url\":\"https:\/\/paulgems.com\/wp-content\/uploads\/2025\/03\/olikuj-4.jpg\",\"contentUrl\":\"https:\/\/paulgems.com\/wp-content\/uploads\/2025\/03\/olikuj-4.jpg\",\"width\":650,\"height\":975},{\"@type\":\"BreadcrumbList\",\"@id\":\"https:\/\/paulgems.com\/escorts\/cameliaespanola\/#breadcrumb\",\"itemListElement\":[{\"@type\":\"ListItem\",\"position\":1,\"name\":\"Portada\",\"item\":\"https:\/\/paulgems.com\/en\/\"},{\"@type\":\"ListItem\",\"position\":2,\"name\":\"Productos\",\"item\":\"https:\/\/paulgems.com\/shop\/\"},{\"@type\":\"ListItem\",\"position\":3,\"name\":\"Camelia\"}]},{\"@type\":\"WebSite\",\"@id\":\"https:\/\/paulgems.com\/#website\",\"url\":\"https:\/\/paulgems.com\/\",\"name\":\"\",\"description\":\"\",\"potentialAction\":[{\"@type\":\"SearchAction\",\"target\":{\"@type\":\"EntryPoint\",\"urlTemplate\":\"https:\/\/paulgems.com\/?s={search_term_string}\"},\"query-input\":{\"@type\":\"PropertyValueSpecification\",\"valueRequired\":true,\"valueName\":\"search_term_string\"}}],\"inLanguage\":\"en-US\"}]}<\/script>\n<!-- \/ Yoast SEO plugin. -->","yoast_head_json":{"title":"Camelia -","robots":{"index":"index","follow":"follow","max-snippet":"max-snippet:-1","max-image-preview":"max-image-preview:large","max-video-preview":"max-video-preview:-1"},"canonical":"https:\/\/paulgems.com\/escorts\/cameliaespanola\/","og_locale":"en_US","og_type":"article","og_title":"Camelia -","og_description":"[vc_row][vc_column][vc_column_text css=&#8221;&#8221;]Nuestras impresiones&#8230; Una espectacular modelo espa\u00f1ola que combina sus estudios universitarios con el trabajo de acompa\u00f1ante de lujo para Paul Gems. \u00a0Su voz \u00a0dulce y c\u00e1lida , encandila a los caballeros, con una actitud muy femenina&#8230; . C\u00e1lida, cercana, atractiva, elegante, sutil, vers\u00e1til, femenina, sensual, inteligente, activa, din\u00e1mica&#8230; y podr\u00edamos seguir describi\u00e9ndola pero dejaremos [&hellip;]","og_url":"https:\/\/paulgems.com\/escorts\/cameliaespanola\/","article_modified_time":"2026-01-03T10:54:41+00:00","og_image":[{"width":650,"height":975,"url":"https:\/\/paulgems.com\/wp-content\/uploads\/2025\/03\/olikuj-4.jpg","type":"image\/jpeg"}],"twitter_card":"summary_large_image","twitter_misc":{"Est. reading time":"3 minutes"},"schema":{"@context":"https:\/\/schema.org","@graph":[{"@type":"WebPage","@id":"https:\/\/paulgems.com\/escorts\/cameliaespanola\/","url":"https:\/\/paulgems.com\/escorts\/cameliaespanola\/","name":"Camelia -","isPartOf":{"@id":"https:\/\/paulgems.com\/#website"},"primaryImageOfPage":{"@id":"https:\/\/paulgems.com\/escorts\/cameliaespanola\/#primaryimage"},"image":{"@id":"https:\/\/paulgems.com\/escorts\/cameliaespanola\/#primaryimage"},"thumbnailUrl":"https:\/\/paulgems.com\/wp-content\/uploads\/2025\/03\/olikuj-4.jpg","datePublished":"2025-08-29T18:55:27+00:00","dateModified":"2026-01-03T10:54:41+00:00","breadcrumb":{"@id":"https:\/\/paulgems.com\/escorts\/cameliaespanola\/#breadcrumb"},"inLanguage":"en-US","potentialAction":[{"@type":"ReadAction","target":["https:\/\/paulgems.com\/escorts\/cameliaespanola\/"]}]},{"@type":"ImageObject","inLanguage":"en-US","@id":"https:\/\/paulgems.com\/escorts\/cameliaespanola\/#primaryimage","url":"https:\/\/paulgems.com\/wp-content\/uploads\/2025\/03\/olikuj-4.jpg","contentUrl":"https:\/\/paulgems.com\/wp-content\/uploads\/2025\/03\/olikuj-4.jpg","width":650,"height":975},{"@type":"BreadcrumbList","@id":"https:\/\/paulgems.com\/escorts\/cameliaespanola\/#breadcrumb","itemListElement":[{"@type":"ListItem","position":1,"name":"Portada","item":"https:\/\/paulgems.com\/en\/"},{"@type":"ListItem","position":2,"name":"Productos","item":"https:\/\/paulgems.com\/shop\/"},{"@type":"ListItem","position":3,"name":"Camelia"}]},{"@type":"WebSite","@id":"https:\/\/paulgems.com\/#website","url":"https:\/\/paulgems.com\/","name":"","description":"","potentialAction":[{"@type":"SearchAction","target":{"@type":"EntryPoint","urlTemplate":"https:\/\/paulgems.com\/?s={search_term_string}"},"query-input":{"@type":"PropertyValueSpecification","valueRequired":true,"valueName":"search_term_string"}}],"inLanguage":"en-US"}]}},"_links":{"self":[{"href":"https:\/\/paulgems.com\/en\/wp-json\/wp\/v2\/product\/22122","targetHints":{"allow":["GET"]}}],"collection":[{"href":"https:\/\/paulgems.com\/en\/wp-json\/wp\/v2\/product"}],"about":[{"href":"https:\/\/paulgems.com\/en\/wp-json\/wp\/v2\/types\/product"}],"replies":[{"embeddable":true,"href":"https:\/\/paulgems.com\/en\/wp-json\/wp\/v2\/comments?post=22122"}],"wp:featuredmedia":[{"embeddable":true,"href":"https:\/\/paulgems.com\/en\/wp-json\/wp\/v2\/media\/23656"}],"wp:attachment":[{"href":"https:\/\/paulgems.com\/en\/wp-json\/wp\/v2\/media?parent=22122"}],"wp:term":[{"taxonomy":"product_brand","embeddable":true,"href":"https:\/\/paulgems.com\/en\/wp-json\/wp\/v2\/product_brand?post=22122"},{"taxonomy":"product_cat","embeddable":true,"href":"https:\/\/paulgems.com\/en\/wp-json\/wp\/v2\/product_cat?post=22122"},{"taxonomy":"product_tag","embeddable":true,"href":"https:\/\/paulgems.com\/en\/wp-json\/wp\/v2\/product_tag?post=22122"}],"curies":[{"name":"wp","href":"https:\/\/api.w.org\/{rel}","templated":true}]}}