{"id":22078,"date":"1981-04-11T21:51:17","date_gmt":"1981-04-11T21:51:17","guid":{"rendered":"https:\/\/paulgems.com\/?post_type=product&#038;p=22078"},"modified":"2026-04-12T17:07:19","modified_gmt":"2026-04-12T17:07:19","slug":"estelaespanola","status":"publish","type":"product","link":"https:\/\/paulgems.com\/en\/escorts\/estelaespanola\/","title":{"rendered":"Estela"},"content":{"rendered":"<div class=\"wpb-content-wrapper\"><p>[vc_row][vc_column]<div id=\"ultimate-heading-203269eb8c3a6fca5\" class=\"uvc-heading ult-adjust-bottom-margin ultimate-heading-203269eb8c3a6fca5 uvc-8757 \" data-hspacer=\"no_spacer\"  data-halign=\"left\" style=\"text-align:left\"><div class=\"uvc-heading-spacer no_spacer\" style=\"top\"><\/div><div class=\"uvc-main-heading ult-responsive\"  data-ultimate-target='.uvc-heading.ultimate-heading-203269eb8c3a6fca5 h2'  data-responsive-json-new='{\"font-size\":\"desktop:50px;\",\"line-height\":\"desktop:65px;\"}' ><h2 style=\"font-family:&#039;Ephesis&#039;;font-weight:normal;color:#891c23;\">Estela<\/h2><\/div><\/div>[vc_column_text css=&#8221;&#8221;]Acompa\u00f1ante social espa\u00f1ola muy elegante, sofisticada y con una educaci\u00f3n exquisita. De melena casta\u00f1a y un cuerpo precioso completamente natural, de piel clara y ojos muy expresivos. Es muy simp\u00e1tica, divertida y con una conversaci\u00f3n muy interesante e inteligente , que unido a su belleza la hace m\u00e1s atractiva a\u00fan. Es una escorts social perfecta para acompa\u00f1arte a cualquier evento, una reuni\u00f3n, una cena, un viaje o cualquier fiesta privada. \u00a0No dejes la oportunidad de conocerla porque te llevar\u00e1s una gran sorpresa, no te dejar\u00e1 indiferente.<\/p>\n<p>Adora ir a cualquier restaurante de moda y tomar una copa de Champagne, mientras entablan una conversaci\u00f3n tan interesante como agradable. D\u00e9jate llevar por esta encantadora se\u00f1orita y por todos sus encantos.[\/vc_column_text]<div class=\"ult-spacer spacer-69eb8c3a6fd0d\" data-id=\"69eb8c3a6fd0d\" data-height=\"50\" data-height-mobile=\"50\" data-height-tab=\"50\" data-height-tab-portrait=\"\" data-height-mobile-landscape=\"\" style=\"clear:both;display:block;\"><\/div>[\/vc_column][\/vc_row][vc_row full_width=&#8221;stretch_row_content&#8221; css=&#8221;.vc_custom_1698406285343{padding-bottom: 50px !important;background-color: #ececec !important;}&#8221;][vc_column]<div class=\"ult-spacer spacer-69eb8c3a6fd2a\" data-id=\"69eb8c3a6fd2a\" data-height=\"50\" data-height-mobile=\"50\" data-height-tab=\"50\" data-height-tab-portrait=\"\" data-height-mobile-landscape=\"\" style=\"clear:both;display:block;\"><\/div><div id=\"ultimate-heading-689869eb8c3a6fd4b\" class=\"uvc-heading ult-adjust-bottom-margin ultimate-heading-689869eb8c3a6fd4b uvc-8254 \" data-hspacer=\"no_spacer\"  data-halign=\"center\" style=\"text-align:center\"><div class=\"uvc-heading-spacer no_spacer\" style=\"top\"><\/div><div class=\"uvc-main-heading ult-responsive\"  data-ultimate-target='.uvc-heading.ultimate-heading-689869eb8c3a6fd4b h2'  data-responsive-json-new='{\"font-size\":\"desktop:50px;\",\"line-height\":\"\"}' ><h2 style=\"font-family:&#039;Ephesis&#039;;font-weight:normal;color:#891c23;\">Modelo Diamante ** Diamond Model<\/h2><\/div><\/div>[\/vc_column][\/vc_row][vc_row full_width=&#8221;stretch_row_content&#8221; no_padding=&#8221;yes&#8221; content_placement=&#8221;middle&#8221;][vc_column width=&#8221;1\/2&#8243; animation_delay=&#8221;400&#8243; css=&#8221;.vc_custom_1744917011140{background-image: url(https:\/\/paulgems.com\/wp-content\/uploads\/2024\/09\/sadfddfdg.jpg?id=23182) !important;background-position: center !important;background-repeat: no-repeat !important;background-size: cover !important;}&#8221; conditional_render=&#8221;%5B%7B%22value_role%22%3A%22administrator%22%7D%5D&#8221; css_params=&#8221;&#8221;][vc_single_image image=&#8221;14873&#8243; img_size=&#8221;960&#215;640&#8243; el_class=&#8221;mb-0&#8243;][\/vc_column][vc_column width=&#8221;1\/2&#8243; animation_delay=&#8221;400&#8243; css=&#8221;.vc_custom_1635171173273{padding-top: 0px !important;padding-bottom: 50px !important;background-color: #000000 !important;}&#8221;][vc_column_text]<\/p>\n<p class=\"cajaroja\">Espa\u00f1ola<\/p>\n<p>[\/vc_column_text][vc_row_inner][vc_column_inner el_class=&#8221;espaciofranjanegra&#8221; offset=&#8221;vc_col-md-offset-2 vc_col-md-8&#8243; el_id=&#8221;espaciofranjanegra&#8221;]<div id=\"ultimate-heading-811469eb8c3a6fd93\" class=\"uvc-heading ult-adjust-bottom-margin ultimate-heading-811469eb8c3a6fd93 uvc-466 \" data-hspacer=\"no_spacer\"  data-halign=\"left\" style=\"text-align:left\"><div class=\"uvc-heading-spacer no_spacer\" style=\"top\"><\/div><div class=\"uvc-main-heading ult-responsive\"  data-ultimate-target='.uvc-heading.ultimate-heading-811469eb8c3a6fd93 h2'  data-responsive-json-new='{\"font-size\":\"desktop:50px;\",\"line-height\":\"desktop:65px;\"}' ><h2 style=\"font-family:&#039;Ephesis&#039;;font-weight:normal;color:#891c23;\">Estela<\/h2><\/div><div class=\"uvc-sub-heading ult-responsive\"  data-ultimate-target='.uvc-heading.ultimate-heading-811469eb8c3a6fd93 .uvc-sub-heading '  data-responsive-json-new='{\"font-size\":\"desktop:30px;tablet:27px;\",\"line-height\":\"desktop:37px;\"}'  style=\"font-family:&#039;Cormorant Garamond&#039;;font-weight:normal;color:#676767;\">&#8220;Exquisita en sus formas, un precioso cuerpo completamente natural y una personalidad c\u00e1lida y extrovertida.&#8221;<\/div><\/div><div class=\"ult-spacer spacer-69eb8c3a6fdcb\" data-id=\"69eb8c3a6fdcb\" data-height=\"20\" data-height-mobile=\"20\" data-height-tab=\"20\" data-height-tab-portrait=\"\" data-height-mobile-landscape=\"\" style=\"clear:both;display:block;\"><\/div>[vc_column_text css=&#8221;&#8221;]<\/p>\n<p id=\"blanco\"><span class=\"rojo\">Profesi\u00f3n:<\/span>\u00a0Asistente de direcci\u00f3n<\/p>\n<p id=\"blanco\"><span class=\"rojo\">Edad:<\/span> 28 a\u00f1os<\/p>\n<p id=\"blanco\"><span class=\"rojo\">Altura:<\/span> 1,70 cm<\/p>\n<p id=\"blanco\"><span class=\"rojo\">Peso:<\/span> 53 kg<\/p>\n<p id=\"blanco\"><span class=\"rojo\">Medidas:<\/span>\u00a085-63-88<\/p>\n<p id=\"blanco\"><span class=\"rojo\">Cabello:<\/span> casta\u00f1o oscuro<\/p>\n<p id=\"blanco\"><span class=\"rojo\">Ojos:<\/span> casta\u00f1os<\/p>\n<p id=\"blanco\"><span class=\"rojo\">Perfume:<\/span>\u00a0Blooming Bouquet, Dior.<\/p>\n<p id=\"blanco\"><span class=\"rojo\">Aficiones:<\/span>\u00a0yoga, playa, deporte, viaje para descubrir nuevas culturas y conversaciones que aporten y sean divertidas. Una bebida el Champagne<\/p>\n<p id=\"blanco\"><span class=\"rojo\">Idiomas:<\/span> Espa\u00f1ol, ingl\u00e9s y franc\u00e9s<\/p>\n<p>[\/vc_column_text]<div class=\"ult-spacer spacer-69eb8c3a6fde1\" data-id=\"69eb8c3a6fde1\" data-height=\"20\" data-height-mobile=\"20\" data-height-tab=\"20\" data-height-tab-portrait=\"\" data-height-mobile-landscape=\"\" style=\"clear:both;display:block;\"><\/div>[\/vc_column_inner][\/vc_row_inner][\/vc_column][\/vc_row][vc_row full_width=&#8221;stretch_row&#8221; bg_type=&#8221;bg_color&#8221; bg_override=&#8221;full&#8221; css=&#8221;.vc_custom_1635254849846{background-image: url(https:\/\/paulgems.com\/wp-content\/uploads\/2021\/10\/cabecera-home.jpg?id=13511) !important;background-position: center !important;background-repeat: no-repeat !important;background-size: cover !important;}&#8221; el_id=&#8221;servicios&#8221; bg_color_value=&#8221;rgba(0,0,0,0.8)&#8221;][vc_column]<div class=\"ult-spacer spacer-69eb8c3a6fdf5\" data-id=\"69eb8c3a6fdf5\" data-height=\"50\" data-height-mobile=\"50\" data-height-tab=\"50\" data-height-tab-portrait=\"\" data-height-mobile-landscape=\"\" style=\"clear:both;display:block;\"><\/div><div id=\"ultimate-heading-550069eb8c3a6fe10\" class=\"uvc-heading ult-adjust-bottom-margin ultimate-heading-550069eb8c3a6fe10 uvc-8077 \" data-hspacer=\"no_spacer\"  data-halign=\"center\" style=\"text-align:center\"><div class=\"uvc-heading-spacer no_spacer\" style=\"top\"><\/div><div class=\"uvc-main-heading ult-responsive\"  data-ultimate-target='.uvc-heading.ultimate-heading-550069eb8c3a6fe10 h2'  data-responsive-json-new='{\"font-size\":\"desktop:50px;\",\"line-height\":\"\"}' ><h2 style=\"font-family:&#039;Ephesis&#039;;font-weight:normal;color:#ffffff;\">Servicios<\/h2><\/div><\/div><div class=\"ult-spacer spacer-69eb8c3a6fe3f\" data-id=\"69eb8c3a6fe3f\" data-height=\"50\" data-height-mobile=\"50\" data-height-tab=\"50\" data-height-tab-portrait=\"\" data-height-mobile-landscape=\"\" style=\"clear:both;display:block;\"><\/div>[vc_raw_html]JTNDZGl2JTIwaWQlM0QlMjJudWJlVGFncyUyMiUzRSUzQyUyRmRpdiUzRQ==[\/vc_raw_html][vc_separator color=&#8221;custom&#8221; border_width=&#8221;2&#8243; el_width=&#8221;70&#8243; accent_color=&#8221;#891c23&#8243;][vc_column_text]<\/p>\n<p class=\"nota\" style=\"text-align: center;\">NOTA: Paul Gems Elite Models Madrid, ofrece un servicio exclusivo como acompa\u00f1antes de lujo, toda interacci\u00f3n \u00edntima que pueda transcurrir durante la cita ser\u00e1 de mutuo acuerdo y consensuado entre ambas partes, el caballero y la acompa\u00f1ante, para que la cita salga a la perfecci\u00f3n. ALGUNOS de los servicios tienen un plus extra acordado con la se\u00f1orita ( a consultar con ella).<\/p>\n<p>[\/vc_column_text]<div class=\"ult-spacer spacer-69eb8c3a6fe53\" data-id=\"69eb8c3a6fe53\" data-height=\"25\" data-height-mobile=\"25\" data-height-tab=\"25\" data-height-tab-portrait=\"\" data-height-mobile-landscape=\"\" style=\"clear:both;display:block;\"><\/div>[vc_raw_js]JTNDc2NyaXB0JTNFJTIwJTBBJTI4ZnVuY3Rpb24lMjglMjQlMjklMjAlN0IlMEElMEElMEElMjAlMjQlMjglMjIudGFnZ2VkX2FzJTIwYSUyMiUyOS5lYWNoJTI4ZnVuY3Rpb24lMjglMjklN0IlMEElMjAlMjAlMjAlMjAlMjAlMjAlMjAlMEElMjAlMjAlMjAlMjAlMjAlMjAlMjB2YXIlMjBtaXRhZyUzRCUyMiUzQ3AlMjBjbGFzcyUzRCUyNyUyNyUzRSUyMiUyQiUyMCUyNCUyOHRoaXMlMjkuaHRtbCUyOCUyOSUyQiUyMCUyMiUzQyUyRnAlM0UlMjIlM0IlMEElMjAlMjAlMjAlMjAlMjAlMjAlMjAlMjAlMjAlMjQlMjglMjIlMjNudWJlVGFncyUyMiUyOS5wcmVwZW5kJTI4JTIwbWl0YWclMjklM0IlMEElMjAlMjAlMjAlMjAlN0QlMjklM0IlMEElN0QlMjklMjhqUXVlcnklMjklM0IlMEElMEElMjAlM0MlMkZzY3JpcHQlM0U=[\/vc_raw_js][\/vc_column][\/vc_row][vc_row][vc_column]<div class=\"ult-spacer spacer-69eb8c3a6fe67\" data-id=\"69eb8c3a6fe67\" data-height=\"25\" data-height-mobile=\"25\" data-height-tab=\"25\" data-height-tab-portrait=\"\" data-height-mobile-landscape=\"\" style=\"clear:both;display:block;\"><\/div><div id=\"ultimate-heading-534669eb8c3a6fea3\" class=\"uvc-heading ult-adjust-bottom-margin ultimate-heading-534669eb8c3a6fea3 uvc-646 sinmbotton\" data-hspacer=\"line_only\"  data-halign=\"center\" style=\"text-align:center\"><div class=\"uvc-main-heading ult-responsive\"  data-ultimate-target='.uvc-heading.ultimate-heading-534669eb8c3a6fea3 h2'  data-responsive-json-new='{\"font-size\":\"desktop:30px;\",\"line-height\":\"\"}' ><h2 style=\"font-family:&#039;Cormorant Garamond&#039;;font-weight:600;color:#891c23;\">Disponibilidad<\/h2><\/div><div class=\"uvc-heading-spacer line_only\" style=\"topheight:1px;\"><span class=\"uvc-headings-line\" style=\"border-style:solid;border-bottom-width:1px;border-color:#891c23;width:170px;\"><\/span><\/div><\/div><div class=\"ult-spacer spacer-69eb8c3a6fed7\" data-id=\"69eb8c3a6fed7\" data-height=\"25\" data-height-mobile=\"25\" data-height-tab=\"25\" data-height-tab-portrait=\"\" data-height-mobile-landscape=\"\" style=\"clear:both;display:block;\"><\/div>[vc_row_inner][vc_column_inner][vc_column_text css=&#8221;&#8221; css_params=&#8221;&#8221;]<\/p>\n<p class=\"disponibilidad mb-0\">Hay que avisar con \u00a02 horas de antelaci\u00f3n para ver la disponibilidad , que se organice y se traslade al lugar del encuentro.<\/p>\n<p>[\/vc_column_text][\/vc_column_inner][\/vc_row_inner]<div class=\"ult-spacer spacer-69eb8c3a6feeb\" data-id=\"69eb8c3a6feeb\" data-height=\"25\" data-height-mobile=\"25\" data-height-tab=\"25\" data-height-tab-portrait=\"\" data-height-mobile-landscape=\"\" style=\"clear:both;display:block;\"><\/div>[\/vc_column][\/vc_row][vc_row][vc_column]<div class=\"ult-spacer spacer-69eb8c3a6fefe\" data-id=\"69eb8c3a6fefe\" data-height=\"25\" data-height-mobile=\"25\" data-height-tab=\"25\" data-height-tab-portrait=\"\" data-height-mobile-landscape=\"\" style=\"clear:both;display:block;\"><\/div><div id=\"ultimate-heading-704069eb8c3a6ff1a\" class=\"uvc-heading ult-adjust-bottom-margin ultimate-heading-704069eb8c3a6ff1a uvc-9336 \" data-hspacer=\"no_spacer\"  data-halign=\"left\" style=\"text-align:left\"><div class=\"uvc-heading-spacer no_spacer\" style=\"top\"><\/div><div class=\"uvc-main-heading ult-responsive\"  data-ultimate-target='.uvc-heading.ultimate-heading-704069eb8c3a6ff1a h2'  data-responsive-json-new='{\"font-size\":\"desktop:30px;\",\"line-height\":\"\"}' ><h2 style=\"font-family:&#039;Cormorant Garamond&#039;;font-weight:normal;color:#676767;\">Datos de importancia<\/h2><\/div><\/div><div class=\"ult-spacer spacer-69eb8c3a6ff48\" data-id=\"69eb8c3a6ff48\" data-height=\"25\" data-height-mobile=\"25\" data-height-tab=\"25\" data-height-tab-portrait=\"\" data-height-mobile-landscape=\"\" style=\"clear:both;display:block;\"><\/div>[vc_column_text]Fotos 100% reales, disfruta de una experiencia real con mujeres reales tan bellas como interesantes.<\/p>\n<p>El abono de la tarifa de su cita se abonar\u00e1 por adelantado, en efectivo y directamente a la se\u00f1orita, a ser posible en Euros, si no es as\u00ed deber\u00e1 informar a la agencia para concretar el cambio a la moneda nacional.<\/p>\n<p>Si el cliente\/a desea concretar un viaje con alguna\/o de nuestras\/os chicas\/os se abonar\u00e1 el 50 % del viaje por adelantado y el total de los gastos del viaje del\/ la acompa\u00f1ante, al menos 4 d\u00edas laborables al desplazamiento, mediante transferencia bancaria u otros ingresos similares. Dej\u00e1ndonos las fechas de ida y regreso, destino y hospedaje de la se\u00f1orita o chico.[\/vc_column_text][\/vc_column][\/vc_row][vc_row css=&#8221;.vc_custom_1634904782330{padding-top: 50px !important;padding-bottom: 50px !important;}&#8221;][vc_column]<div class=\"ult-spacer spacer-69eb8c3a6ff63\" data-id=\"69eb8c3a6ff63\" data-height=\"25\" data-height-mobile=\"25\" data-height-tab=\"25\" data-height-tab-portrait=\"\" data-height-mobile-landscape=\"\" style=\"clear:both;display:block;\"><\/div><div id=\"ultimate-heading-841369eb8c3a6ff7f\" class=\"uvc-heading ult-adjust-bottom-margin ultimate-heading-841369eb8c3a6ff7f uvc-5715 \" data-hspacer=\"no_spacer\"  data-halign=\"center\" style=\"text-align:center\"><div class=\"uvc-heading-spacer no_spacer\" style=\"top\"><\/div><div class=\"uvc-sub-heading ult-responsive\"  data-ultimate-target='.uvc-heading.ultimate-heading-841369eb8c3a6ff7f .uvc-sub-heading '  data-responsive-json-new='{\"font-size\":\"desktop:50px;tablet_portrait:40px;\",\"line-height\":\"desktop:34px;\"}'  style=\"font-family:&#039;Ephesis&#039;;font-weight:normal;color:#891c23;\">\u00abNuestro sello de presentaci\u00f3n, la excelencia\u00bb<\/p>\n<p>\u00abNuestro objetivo, alcanzar tus expectativas\u00bb<\/div><\/div><div class=\"ult-spacer spacer-69eb8c3a6ffa2\" data-id=\"69eb8c3a6ffa2\" data-height=\"25\" data-height-mobile=\"25\" data-height-tab=\"25\" data-height-tab-portrait=\"\" data-height-mobile-landscape=\"\" style=\"clear:both;display:block;\"><\/div>[\/vc_column][\/vc_row]<\/p>\n<\/div>","protected":false},"excerpt":{"rendered":"<p>[vc_row][vc_column][vc_column_text css=&#8221;&#8221;]Acompa\u00f1ante social espa\u00f1ola muy elegante, sofisticada y con una educaci\u00f3n exquisita. De melena casta\u00f1a y un cuerpo precioso completamente natural, de piel clara y ojos muy expresivos. Es muy simp\u00e1tica, divertida y con una conversaci\u00f3n muy interesante e inteligente , que unido a su belleza la hace m\u00e1s atractiva a\u00fan. Es una escorts social [&hellip;]<\/p>\n","protected":false},"featured_media":23178,"comment_status":"open","ping_status":"closed","template":"","meta":[],"product_brand":[],"product_cat":[156,381,424,24,102,56],"product_tag":[351,352,353,354,355,357],"class_list":{"0":"post-22078","1":"product","2":"type-product","3":"status-publish","4":"has-post-thumbnail","6":"product_cat-espanola","7":"product_cat-diamond","8":"product_cat-bilbao-madrid","9":"product_cat-escorts-madrid","10":"product_cat-manager","11":"product_cat-1-70-cm","12":"product_tag-acompanante-vip-para-eventos-y-reuniones","13":"product_tag-acompanante-vip-viajes-internacionales","14":"product_tag-acompanante-vip-social","15":"product_tag-acompanante-vip-para-cenas","16":"product_tag-acompanante-vip-viajes-nacionales","17":"product_tag-acompanante-vip-trato-gfe","19":"first","20":"instock","21":"shipping-taxable","22":"product-type-simple"},"yoast_head":"<!-- This site is optimized with the Yoast SEO plugin v26.3 - https:\/\/yoast.com\/wordpress\/plugins\/seo\/ -->\n<title>Estela -<\/title>\n<meta name=\"robots\" content=\"index, follow, max-snippet:-1, max-image-preview:large, max-video-preview:-1\" \/>\n<link rel=\"canonical\" href=\"https:\/\/paulgems.com\/escorts\/estelaespanola\/\" \/>\n<meta property=\"og:locale\" content=\"en_US\" \/>\n<meta property=\"og:type\" content=\"article\" \/>\n<meta property=\"og:title\" content=\"Estela -\" \/>\n<meta property=\"og:description\" content=\"[vc_row][vc_column][vc_column_text css=&#8221;&#8221;]Acompa\u00f1ante social espa\u00f1ola muy elegante, sofisticada y con una educaci\u00f3n exquisita. De melena casta\u00f1a y un cuerpo precioso completamente natural, de piel clara y ojos muy expresivos. Es muy simp\u00e1tica, divertida y con una conversaci\u00f3n muy interesante e inteligente , que unido a su belleza la hace m\u00e1s atractiva a\u00fan. Es una escorts social [&hellip;]\" \/>\n<meta property=\"og:url\" content=\"https:\/\/paulgems.com\/escorts\/estelaespanola\/\" \/>\n<meta property=\"article:modified_time\" content=\"2026-04-12T17:07:19+00:00\" \/>\n<meta property=\"og:image\" content=\"https:\/\/paulgems.com\/wp-content\/uploads\/2024\/09\/123pol.jpg\" \/>\n\t<meta property=\"og:image:width\" content=\"650\" \/>\n\t<meta property=\"og:image:height\" content=\"975\" \/>\n\t<meta property=\"og:image:type\" content=\"image\/jpeg\" \/>\n<meta name=\"twitter:card\" content=\"summary_large_image\" \/>\n<meta name=\"twitter:label1\" content=\"Est. reading time\" \/>\n\t<meta name=\"twitter:data1\" content=\"3 minutes\" \/>\n<script type=\"application\/ld+json\" class=\"yoast-schema-graph\">{\"@context\":\"https:\/\/schema.org\",\"@graph\":[{\"@type\":\"WebPage\",\"@id\":\"https:\/\/paulgems.com\/escorts\/estelaespanola\/\",\"url\":\"https:\/\/paulgems.com\/escorts\/estelaespanola\/\",\"name\":\"Estela -\",\"isPartOf\":{\"@id\":\"https:\/\/paulgems.com\/#website\"},\"primaryImageOfPage\":{\"@id\":\"https:\/\/paulgems.com\/escorts\/estelaespanola\/#primaryimage\"},\"image\":{\"@id\":\"https:\/\/paulgems.com\/escorts\/estelaespanola\/#primaryimage\"},\"thumbnailUrl\":\"https:\/\/paulgems.com\/wp-content\/uploads\/2024\/09\/123pol.jpg\",\"datePublished\":\"1981-04-11T21:51:17+00:00\",\"dateModified\":\"2026-04-12T17:07:19+00:00\",\"breadcrumb\":{\"@id\":\"https:\/\/paulgems.com\/escorts\/estelaespanola\/#breadcrumb\"},\"inLanguage\":\"en-US\",\"potentialAction\":[{\"@type\":\"ReadAction\",\"target\":[\"https:\/\/paulgems.com\/escorts\/estelaespanola\/\"]}]},{\"@type\":\"ImageObject\",\"inLanguage\":\"en-US\",\"@id\":\"https:\/\/paulgems.com\/escorts\/estelaespanola\/#primaryimage\",\"url\":\"https:\/\/paulgems.com\/wp-content\/uploads\/2024\/09\/123pol.jpg\",\"contentUrl\":\"https:\/\/paulgems.com\/wp-content\/uploads\/2024\/09\/123pol.jpg\",\"width\":650,\"height\":975},{\"@type\":\"BreadcrumbList\",\"@id\":\"https:\/\/paulgems.com\/escorts\/estelaespanola\/#breadcrumb\",\"itemListElement\":[{\"@type\":\"ListItem\",\"position\":1,\"name\":\"Portada\",\"item\":\"https:\/\/paulgems.com\/en\/\"},{\"@type\":\"ListItem\",\"position\":2,\"name\":\"Productos\",\"item\":\"https:\/\/paulgems.com\/shop\/\"},{\"@type\":\"ListItem\",\"position\":3,\"name\":\"Estela\"}]},{\"@type\":\"WebSite\",\"@id\":\"https:\/\/paulgems.com\/#website\",\"url\":\"https:\/\/paulgems.com\/\",\"name\":\"\",\"description\":\"\",\"potentialAction\":[{\"@type\":\"SearchAction\",\"target\":{\"@type\":\"EntryPoint\",\"urlTemplate\":\"https:\/\/paulgems.com\/?s={search_term_string}\"},\"query-input\":{\"@type\":\"PropertyValueSpecification\",\"valueRequired\":true,\"valueName\":\"search_term_string\"}}],\"inLanguage\":\"en-US\"}]}<\/script>\n<!-- \/ Yoast SEO plugin. -->","yoast_head_json":{"title":"Estela -","robots":{"index":"index","follow":"follow","max-snippet":"max-snippet:-1","max-image-preview":"max-image-preview:large","max-video-preview":"max-video-preview:-1"},"canonical":"https:\/\/paulgems.com\/escorts\/estelaespanola\/","og_locale":"en_US","og_type":"article","og_title":"Estela -","og_description":"[vc_row][vc_column][vc_column_text css=&#8221;&#8221;]Acompa\u00f1ante social espa\u00f1ola muy elegante, sofisticada y con una educaci\u00f3n exquisita. De melena casta\u00f1a y un cuerpo precioso completamente natural, de piel clara y ojos muy expresivos. Es muy simp\u00e1tica, divertida y con una conversaci\u00f3n muy interesante e inteligente , que unido a su belleza la hace m\u00e1s atractiva a\u00fan. Es una escorts social [&hellip;]","og_url":"https:\/\/paulgems.com\/escorts\/estelaespanola\/","article_modified_time":"2026-04-12T17:07:19+00:00","og_image":[{"width":650,"height":975,"url":"https:\/\/paulgems.com\/wp-content\/uploads\/2024\/09\/123pol.jpg","type":"image\/jpeg"}],"twitter_card":"summary_large_image","twitter_misc":{"Est. reading time":"3 minutes"},"schema":{"@context":"https:\/\/schema.org","@graph":[{"@type":"WebPage","@id":"https:\/\/paulgems.com\/escorts\/estelaespanola\/","url":"https:\/\/paulgems.com\/escorts\/estelaespanola\/","name":"Estela -","isPartOf":{"@id":"https:\/\/paulgems.com\/#website"},"primaryImageOfPage":{"@id":"https:\/\/paulgems.com\/escorts\/estelaespanola\/#primaryimage"},"image":{"@id":"https:\/\/paulgems.com\/escorts\/estelaespanola\/#primaryimage"},"thumbnailUrl":"https:\/\/paulgems.com\/wp-content\/uploads\/2024\/09\/123pol.jpg","datePublished":"1981-04-11T21:51:17+00:00","dateModified":"2026-04-12T17:07:19+00:00","breadcrumb":{"@id":"https:\/\/paulgems.com\/escorts\/estelaespanola\/#breadcrumb"},"inLanguage":"en-US","potentialAction":[{"@type":"ReadAction","target":["https:\/\/paulgems.com\/escorts\/estelaespanola\/"]}]},{"@type":"ImageObject","inLanguage":"en-US","@id":"https:\/\/paulgems.com\/escorts\/estelaespanola\/#primaryimage","url":"https:\/\/paulgems.com\/wp-content\/uploads\/2024\/09\/123pol.jpg","contentUrl":"https:\/\/paulgems.com\/wp-content\/uploads\/2024\/09\/123pol.jpg","width":650,"height":975},{"@type":"BreadcrumbList","@id":"https:\/\/paulgems.com\/escorts\/estelaespanola\/#breadcrumb","itemListElement":[{"@type":"ListItem","position":1,"name":"Portada","item":"https:\/\/paulgems.com\/en\/"},{"@type":"ListItem","position":2,"name":"Productos","item":"https:\/\/paulgems.com\/shop\/"},{"@type":"ListItem","position":3,"name":"Estela"}]},{"@type":"WebSite","@id":"https:\/\/paulgems.com\/#website","url":"https:\/\/paulgems.com\/","name":"","description":"","potentialAction":[{"@type":"SearchAction","target":{"@type":"EntryPoint","urlTemplate":"https:\/\/paulgems.com\/?s={search_term_string}"},"query-input":{"@type":"PropertyValueSpecification","valueRequired":true,"valueName":"search_term_string"}}],"inLanguage":"en-US"}]}},"_links":{"self":[{"href":"https:\/\/paulgems.com\/en\/wp-json\/wp\/v2\/product\/22078","targetHints":{"allow":["GET"]}}],"collection":[{"href":"https:\/\/paulgems.com\/en\/wp-json\/wp\/v2\/product"}],"about":[{"href":"https:\/\/paulgems.com\/en\/wp-json\/wp\/v2\/types\/product"}],"replies":[{"embeddable":true,"href":"https:\/\/paulgems.com\/en\/wp-json\/wp\/v2\/comments?post=22078"}],"wp:featuredmedia":[{"embeddable":true,"href":"https:\/\/paulgems.com\/en\/wp-json\/wp\/v2\/media\/23178"}],"wp:attachment":[{"href":"https:\/\/paulgems.com\/en\/wp-json\/wp\/v2\/media?parent=22078"}],"wp:term":[{"taxonomy":"product_brand","embeddable":true,"href":"https:\/\/paulgems.com\/en\/wp-json\/wp\/v2\/product_brand?post=22078"},{"taxonomy":"product_cat","embeddable":true,"href":"https:\/\/paulgems.com\/en\/wp-json\/wp\/v2\/product_cat?post=22078"},{"taxonomy":"product_tag","embeddable":true,"href":"https:\/\/paulgems.com\/en\/wp-json\/wp\/v2\/product_tag?post=22078"}],"curies":[{"name":"wp","href":"https:\/\/api.w.org\/{rel}","templated":true}]}}