{"id":21201,"date":"2024-02-28T21:16:49","date_gmt":"2024-02-28T21:16:49","guid":{"rendered":"https:\/\/paulgems.com\/?post_type=product&#038;p=21201"},"modified":"2024-02-28T21:32:08","modified_gmt":"2024-02-28T21:32:08","slug":"daysi2","status":"publish","type":"product","link":"https:\/\/paulgems.com\/en\/escorts\/daysi2\/","title":{"rendered":"Daysi"},"content":{"rendered":"<div class=\"wpb-content-wrapper\"><p>[vc_row][vc_column]<div id=\"ultimate-heading-42566a039f961bab7\" class=\"uvc-heading ult-adjust-bottom-margin ultimate-heading-42566a039f961bab7 uvc-1127 \" data-hspacer=\"no_spacer\"  data-halign=\"left\" style=\"text-align:left\"><div class=\"uvc-heading-spacer no_spacer\" style=\"top\"><\/div><div class=\"uvc-main-heading ult-responsive\"  data-ultimate-target='.uvc-heading.ultimate-heading-42566a039f961bab7 h2'  data-responsive-json-new='{\"font-size\":\"desktop:50px;\",\"line-height\":\"desktop:65px;\"}' ><h2 style=\"font-family:&#039;Ephesis&#039;;font-weight:normal;color:#891c23;\">Daysi<\/h2><\/div><\/div>[vc_column_text]Esta hermosa jovencita de 26 a\u00f1os de ojos grandes y expresivos y facciones muy femeninas, nos acompa\u00f1ar\u00e1 por mucho tiempo en la capital, se ha afincado en Madrid por su trabajo y compagina su profesi\u00f3n con la de recepcionista, adem\u00e1s de estar en continua formaci\u00f3n para mejorar y crecer en su \u00e1mbito profesional. Esperamos contar con su excelente presencia en nuestra agencia ya que es una se\u00f1orita muy inteligente, agradable, c\u00e1lida y muy simp\u00e1tica.<\/p>\n<p>Se desenvuelve muy bien en ambientes internacionales. Perfecta para ser la acompa\u00f1ante perfecta para viajes de negocios empresariales o simplemente de ocio a alg\u00fan destino ex\u00f3tico ya que es amante de los viajes.[\/vc_column_text]<div class=\"ult-spacer spacer-6a039f961bb14\" data-id=\"6a039f961bb14\" data-height=\"50\" data-height-mobile=\"50\" data-height-tab=\"50\" data-height-tab-portrait=\"\" data-height-mobile-landscape=\"\" style=\"clear:both;display:block;\"><\/div>[\/vc_column][\/vc_row][vc_row full_width=&#8221;stretch_row_content&#8221; css=&#8221;.vc_custom_1635408101964{background-color: #ececec !important;}&#8221;][vc_column]<div class=\"ult-spacer spacer-6a039f961bb2d\" data-id=\"6a039f961bb2d\" data-height=\"50\" data-height-mobile=\"50\" data-height-tab=\"50\" data-height-tab-portrait=\"\" data-height-mobile-landscape=\"\" style=\"clear:both;display:block;\"><\/div><div id=\"ultimate-heading-40576a039f961bb4a\" class=\"uvc-heading ult-adjust-bottom-margin ultimate-heading-40576a039f961bb4a uvc-6880 \" data-hspacer=\"no_spacer\"  data-halign=\"center\" style=\"text-align:center\"><div class=\"uvc-heading-spacer no_spacer\" style=\"top\"><\/div><div class=\"uvc-main-heading ult-responsive\"  data-ultimate-target='.uvc-heading.ultimate-heading-40576a039f961bb4a h2'  data-responsive-json-new='{\"font-size\":\"desktop:50px;\",\"line-height\":\"\"}' ><h2 style=\"font-family:&#039;Ephesis&#039;;font-weight:normal;color:#891c23;\">Modelo Bronce ** Bronze Model<\/h2><\/div><\/div>[\/vc_column][\/vc_row][vc_row full_width=&#8221;stretch_row_content&#8221; content_placement=&#8221;middle&#8221; no_padding=&#8221;yes&#8221;][vc_column width=&#8221;1\/2&#8243; animation_delay=&#8221;400&#8243; css=&#8221;.vc_custom_1691522156512{background-image: url(https:\/\/paulgems.com\/wp-content\/uploads\/2023\/08\/vip9.jpg?id=19537) !important;background-position: center !important;background-repeat: no-repeat !important;background-size: cover !important;}&#8221;][vc_single_image image=&#8221;20424&#8243; img_size=&#8221;960&#215;640&#8243; el_class=&#8221;mb-0&#8243; label=&#8221;&#8221;][\/vc_column][vc_column width=&#8221;1\/2&#8243; animation_delay=&#8221;400&#8243; css=&#8221;.vc_custom_1635171173273{padding-top: 0px !important;padding-bottom: 50px !important;background-color: #000000 !important;}&#8221;][vc_column_text]Recepcionista[\/vc_column_text][vc_row_inner][vc_column_inner el_class=&#8221;espaciofranjanegra&#8221; offset=&#8221;vc_col-md-offset-2 vc_col-md-8&#8243; el_id=&#8221;espaciofranjanegra&#8221;]<div id=\"ultimate-heading-55776a039f961bb86\" class=\"uvc-heading ult-adjust-bottom-margin ultimate-heading-55776a039f961bb86 uvc-186 \" data-hspacer=\"no_spacer\"  data-halign=\"left\" style=\"text-align:left\"><div class=\"uvc-heading-spacer no_spacer\" style=\"top\"><\/div><div class=\"uvc-main-heading ult-responsive\"  data-ultimate-target='.uvc-heading.ultimate-heading-55776a039f961bb86 h2'  data-responsive-json-new='{\"font-size\":\"desktop:50px;\",\"line-height\":\"desktop:65px;\"}' ><h2 style=\"font-family:&#039;Ephesis&#039;;font-weight:normal;color:#891c23;\">Daisy<\/h2><\/div><div class=\"uvc-sub-heading ult-responsive\"  data-ultimate-target='.uvc-heading.ultimate-heading-55776a039f961bb86 .uvc-sub-heading '  data-responsive-json-new='{\"font-size\":\"desktop:30px;tablet:27px;\",\"line-height\":\"desktop:37px;\"}'  style=\"font-family:&#039;Cormorant Garamond&#039;;font-weight:normal;color:#676767;\">&#8220;Una cita perfecta, con una se\u00f1orita guap\u00edsima e inteligente.&#8221;<\/div><\/div><div class=\"ult-spacer spacer-6a039f961bbb8\" data-id=\"6a039f961bbb8\" data-height=\"20\" data-height-mobile=\"20\" data-height-tab=\"20\" data-height-tab-portrait=\"\" data-height-mobile-landscape=\"\" style=\"clear:both;display:block;\"><\/div>[vc_column_text]<\/p>\n<p id=\"blanco\"><span class=\"rojo\">Profesi\u00f3n: recepcionista<\/span><\/p>\n<p id=\"blanco\"><span class=\"rojo\">Edad:<\/span>\u00a0 26 a\u00f1os<\/p>\n<p id=\"blanco\"><span class=\"rojo\">Altura:<\/span> 1,66 cm<\/p>\n<p id=\"blanco\"><span class=\"rojo\">Peso:<\/span> 50 kg<\/p>\n<p id=\"blanco\"><span class=\"rojo\">Medidas:<\/span> 90-61\u201392<\/p>\n<p id=\"blanco\"><span class=\"rojo\">Cabello:<\/span>\u00a0casta\u00f1o<\/p>\n<p id=\"blanco\"><span class=\"rojo\">Ojos:<\/span>\u00a0miel<\/p>\n<p id=\"blanco\"><span class=\"rojo\">Joyas:<\/span>\u00a0Messika<\/p>\n<p id=\"blanco\"><span class=\"rojo\">Aficiones: viajar, fotograf\u00eda, pintura, shopping, gimnasio y baile<\/span><\/p>\n<p id=\"blanco\"><span class=\"rojo\">Idiomas:<\/span>\u00a0espa\u00f1ol e ingl\u00e9s<\/p>\n<p>[\/vc_column_text]<div class=\"ult-spacer spacer-6a039f961bbcf\" data-id=\"6a039f961bbcf\" data-height=\"20\" data-height-mobile=\"20\" data-height-tab=\"20\" data-height-tab-portrait=\"\" data-height-mobile-landscape=\"\" style=\"clear:both;display:block;\"><\/div>[\/vc_column_inner][\/vc_row_inner][\/vc_column][\/vc_row][vc_row full_width=&#8221;stretch_row&#8221; bg_type=&#8221;bg_color&#8221; bg_override=&#8221;full&#8221; css=&#8221;.vc_custom_1635254849846{background-image: url(https:\/\/paulgems.com\/wp-content\/uploads\/2021\/10\/cabecera-home.jpg?id=13511) !important;background-position: center !important;background-repeat: no-repeat !important;background-size: cover !important;}&#8221; el_id=&#8221;servicios&#8221; bg_color_value=&#8221;rgba(0,0,0,0.8)&#8221;][vc_column]<div class=\"ult-spacer spacer-6a039f961bbf0\" data-id=\"6a039f961bbf0\" data-height=\"50\" data-height-mobile=\"50\" data-height-tab=\"50\" data-height-tab-portrait=\"\" data-height-mobile-landscape=\"\" style=\"clear:both;display:block;\"><\/div><div id=\"ultimate-heading-34936a039f961bc16\" class=\"uvc-heading ult-adjust-bottom-margin ultimate-heading-34936a039f961bc16 uvc-8996 \" data-hspacer=\"no_spacer\"  data-halign=\"center\" style=\"text-align:center\"><div class=\"uvc-heading-spacer no_spacer\" style=\"top\"><\/div><div class=\"uvc-main-heading ult-responsive\"  data-ultimate-target='.uvc-heading.ultimate-heading-34936a039f961bc16 h2'  data-responsive-json-new='{\"font-size\":\"desktop:50px;\",\"line-height\":\"\"}' ><h2 style=\"font-family:&#039;Ephesis&#039;;font-weight:normal;color:#ffffff;\">Servicios<\/h2><\/div><\/div><div class=\"ult-spacer spacer-6a039f961bc41\" data-id=\"6a039f961bc41\" data-height=\"50\" data-height-mobile=\"50\" data-height-tab=\"50\" data-height-tab-portrait=\"\" data-height-mobile-landscape=\"\" style=\"clear:both;display:block;\"><\/div>[vc_raw_html]JTNDZGl2JTIwaWQlM0QlMjJudWJlVGFncyUyMiUzRSUzQyUyRmRpdiUzRQ==[\/vc_raw_html][vc_separator color=&#8221;custom&#8221; border_width=&#8221;2&#8243; el_width=&#8221;70&#8243; accent_color=&#8221;#891c23&#8243;][vc_column_text]<\/p>\n<p class=\"nota\" style=\"text-align: center;\">NOTA: Paul Gems Elite Models Madrid, ofrece un servicio exclusivo como acompa\u00f1antes de lujo, toda interacci\u00f3n \u00edntima que pueda transcurrir durante la cita ser\u00e1 de mutuo acuerdo y consensuado entre ambas partes, el caballero y la acompa\u00f1ante, para que la cita salga a la perfecci\u00f3n. ALGUNOS de los servicios tienen un plus extra acordado con la se\u00f1orita ( a consultar con ella).<\/p>\n<p>[\/vc_column_text]<div class=\"ult-spacer spacer-6a039f961bc53\" data-id=\"6a039f961bc53\" data-height=\"25\" data-height-mobile=\"25\" data-height-tab=\"25\" data-height-tab-portrait=\"\" data-height-mobile-landscape=\"\" style=\"clear:both;display:block;\"><\/div>[vc_raw_js]JTNDc2NyaXB0JTNFJTIwJTBBJTI4ZnVuY3Rpb24lMjglMjQlMjklMjAlN0IlMEElMEElMEElMjAlMjQlMjglMjIudGFnZ2VkX2FzJTIwYSUyMiUyOS5lYWNoJTI4ZnVuY3Rpb24lMjglMjklN0IlMEElMjAlMjAlMjAlMjAlMjAlMjAlMjAlMEElMjAlMjAlMjAlMjAlMjAlMjAlMjB2YXIlMjBtaXRhZyUzRCUyMiUzQ3AlMjBjbGFzcyUzRCUyNyUyNyUzRSUyMiUyQiUyMCUyNCUyOHRoaXMlMjkuaHRtbCUyOCUyOSUyQiUyMCUyMiUzQyUyRnAlM0UlMjIlM0IlMEElMjAlMjAlMjAlMjAlMjAlMjAlMjAlMjAlMjAlMjQlMjglMjIlMjNudWJlVGFncyUyMiUyOS5wcmVwZW5kJTI4JTIwbWl0YWclMjklM0IlMEElMjAlMjAlMjAlMjAlN0QlMjklM0IlMEElN0QlMjklMjhqUXVlcnklMjklM0IlMEElMEElMjAlM0MlMkZzY3JpcHQlM0U=[\/vc_raw_js][\/vc_column][\/vc_row][vc_row][vc_column]<div class=\"ult-spacer spacer-6a039f961bc64\" data-id=\"6a039f961bc64\" data-height=\"25\" data-height-mobile=\"25\" data-height-tab=\"25\" data-height-tab-portrait=\"\" data-height-mobile-landscape=\"\" style=\"clear:both;display:block;\"><\/div><div id=\"ultimate-heading-64286a039f961bc85\" class=\"uvc-heading ult-adjust-bottom-margin ultimate-heading-64286a039f961bc85 uvc-4763 sinmbotton\" data-hspacer=\"line_only\"  data-halign=\"center\" style=\"text-align:center\"><div class=\"uvc-main-heading ult-responsive\"  data-ultimate-target='.uvc-heading.ultimate-heading-64286a039f961bc85 h2'  data-responsive-json-new='{\"font-size\":\"desktop:30px;\",\"line-height\":\"\"}' ><h2 style=\"font-family:&#039;Cormorant Garamond&#039;;font-weight:600;color:#891c23;\">Disponibilidad<\/h2><\/div><div class=\"uvc-heading-spacer line_only\" style=\"topheight:1px;\"><span class=\"uvc-headings-line\" style=\"border-style:solid;border-bottom-width:1px;border-color:#891c23;width:170px;\"><\/span><\/div><\/div><div class=\"ult-spacer spacer-6a039f961bcb2\" data-id=\"6a039f961bcb2\" data-height=\"25\" data-height-mobile=\"25\" data-height-tab=\"25\" data-height-tab-portrait=\"\" data-height-mobile-landscape=\"\" style=\"clear:both;display:block;\"><\/div>[vc_row_inner][vc_column_inner][vc_column_text]<\/p>\n<p class=\"disponibilidad mb-0\">Con 1 hora y media de antelaci\u00f3n para que la chica se arregle y se desplace al hotel del caballero.<\/p>\n<p>[\/vc_column_text][\/vc_column_inner][\/vc_row_inner]<div class=\"ult-spacer spacer-6a039f961bcc5\" data-id=\"6a039f961bcc5\" data-height=\"25\" data-height-mobile=\"25\" data-height-tab=\"25\" data-height-tab-portrait=\"\" data-height-mobile-landscape=\"\" style=\"clear:both;display:block;\"><\/div>[\/vc_column][\/vc_row][vc_row][vc_column]<div class=\"ult-spacer spacer-6a039f961bcd5\" data-id=\"6a039f961bcd5\" data-height=\"25\" data-height-mobile=\"25\" data-height-tab=\"25\" data-height-tab-portrait=\"\" data-height-mobile-landscape=\"\" style=\"clear:both;display:block;\"><\/div><div id=\"ultimate-heading-15326a039f961bcee\" class=\"uvc-heading ult-adjust-bottom-margin ultimate-heading-15326a039f961bcee uvc-9250 \" data-hspacer=\"no_spacer\"  data-halign=\"left\" style=\"text-align:left\"><div class=\"uvc-heading-spacer no_spacer\" style=\"top\"><\/div><div class=\"uvc-main-heading ult-responsive\"  data-ultimate-target='.uvc-heading.ultimate-heading-15326a039f961bcee h2'  data-responsive-json-new='{\"font-size\":\"desktop:30px;\",\"line-height\":\"\"}' ><h2 style=\"font-family:&#039;Cormorant Garamond&#039;;font-weight:normal;color:#676767;\">Datos de importancia<\/h2><\/div><\/div><div class=\"ult-spacer spacer-6a039f961bd16\" data-id=\"6a039f961bd16\" data-height=\"25\" data-height-mobile=\"25\" data-height-tab=\"25\" data-height-tab-portrait=\"\" data-height-mobile-landscape=\"\" style=\"clear:both;display:block;\"><\/div>[vc_column_text]Fotos 100% reales, disfruta de una experiencia real con mujeres reales tan bellas como interesantes.<\/p>\n<p>El abono de la tarifa de su cita se abonar\u00e1 por adelantado, en efectivo y directamente a la se\u00f1orita, a ser posible en Euros, si no es as\u00ed deber\u00e1 informar a la agencia para concretar el cambio a la moneda nacional.<\/p>\n<p>Si el cliente\/a desea concretar un viaje con alguna\/o de nuestras\/os chicas\/os se abonar\u00e1 el 50 % del viaje por adelantado y el total de los gastos del viaje del\/ la acompa\u00f1ante, al menos 4 d\u00edas laborables al desplazamiento, mediante transferencia bancaria u otros ingresos similares. Dej\u00e1ndonos las fechas de ida y regreso, destino y hospedaje de la se\u00f1orita o chico.[\/vc_column_text][\/vc_column][\/vc_row][vc_row css=&#8221;.vc_custom_1634904782330{padding-top: 50px !important;padding-bottom: 50px !important;}&#8221;][vc_column]<div class=\"ult-spacer spacer-6a039f961bd26\" data-id=\"6a039f961bd26\" data-height=\"25\" data-height-mobile=\"25\" data-height-tab=\"25\" data-height-tab-portrait=\"\" data-height-mobile-landscape=\"\" style=\"clear:both;display:block;\"><\/div><div id=\"ultimate-heading-2816a039f961bd3e\" class=\"uvc-heading ult-adjust-bottom-margin ultimate-heading-2816a039f961bd3e uvc-3040 \" data-hspacer=\"no_spacer\"  data-halign=\"center\" style=\"text-align:center\"><div class=\"uvc-heading-spacer no_spacer\" style=\"top\"><\/div><div class=\"uvc-sub-heading ult-responsive\"  data-ultimate-target='.uvc-heading.ultimate-heading-2816a039f961bd3e .uvc-sub-heading '  data-responsive-json-new='{\"font-size\":\"desktop:50px;tablet_portrait:40px;\",\"line-height\":\"desktop:34px;\"}'  style=\"font-family:&#039;Ephesis&#039;;font-weight:normal;color:#891c23;\">\u00abNuestro sello de presentaci\u00f3n, la excelencia\u00bb<\/p>\n<p>\u00abNuestro objetivo, alcanzar tus expectativas\u00bb<\/div><\/div><div class=\"ult-spacer spacer-6a039f961bd5c\" data-id=\"6a039f961bd5c\" data-height=\"25\" data-height-mobile=\"25\" data-height-tab=\"25\" data-height-tab-portrait=\"\" data-height-mobile-landscape=\"\" style=\"clear:both;display:block;\"><\/div>[\/vc_column][\/vc_row]<\/p>\n<\/div>","protected":false},"excerpt":{"rendered":"<p>[vc_row][vc_column][vc_column_text]Esta hermosa jovencita de 26 a\u00f1os de ojos grandes y expresivos y facciones muy femeninas, nos acompa\u00f1ar\u00e1 por mucho tiempo en la capital, se ha afincado en Madrid por su trabajo y compagina su profesi\u00f3n con la de recepcionista, adem\u00e1s de estar en continua formaci\u00f3n para mejorar y crecer en su \u00e1mbito profesional. Esperamos contar [&hellip;]<\/p>\n","protected":false},"featured_media":20420,"comment_status":"open","ping_status":"closed","template":"","meta":[],"product_brand":[],"product_cat":[384,219,45,24,86],"product_tag":[357,351,352,353,354,355],"class_list":{"0":"post-21201","1":"product","2":"type-product","3":"status-publish","4":"has-post-thumbnail","6":"product_cat-bronze","7":"product_cat-recepcionista","8":"product_cat-madrid","9":"product_cat-escorts-madrid","10":"product_cat-1-66-cm","11":"product_tag-acompanante-vip-trato-gfe","12":"product_tag-acompanante-vip-para-eventos-y-reuniones","13":"product_tag-acompanante-vip-viajes-internacionales","14":"product_tag-acompanante-vip-social","15":"product_tag-acompanante-vip-para-cenas","16":"product_tag-acompanante-vip-viajes-nacionales","18":"first","19":"instock","20":"shipping-taxable","21":"product-type-simple"},"yoast_head":"<!-- This site is optimized with the Yoast SEO plugin v26.3 - https:\/\/yoast.com\/wordpress\/plugins\/seo\/ -->\n<title>Daysi | Paul Gems<\/title>\n<meta name=\"robots\" content=\"index, follow, max-snippet:-1, max-image-preview:large, max-video-preview:-1\" \/>\n<link rel=\"canonical\" href=\"https:\/\/paulgems.com\/escorts\/daysi2\/\" \/>\n<meta property=\"og:locale\" content=\"en_US\" \/>\n<meta property=\"og:type\" content=\"article\" \/>\n<meta property=\"og:title\" content=\"Daysi | Paul Gems\" \/>\n<meta property=\"og:description\" content=\"[vc_row][vc_column][vc_column_text]Esta hermosa jovencita de 26 a\u00f1os de ojos grandes y expresivos y facciones muy femeninas, nos acompa\u00f1ar\u00e1 por mucho tiempo en la capital, se ha afincado en Madrid por su trabajo y compagina su profesi\u00f3n con la de recepcionista, adem\u00e1s de estar en continua formaci\u00f3n para mejorar y crecer en su \u00e1mbito profesional. Esperamos contar [&hellip;]\" \/>\n<meta property=\"og:url\" content=\"https:\/\/paulgems.com\/escorts\/daysi2\/\" \/>\n<meta property=\"og:site_name\" content=\"Paul Gems\" \/>\n<meta property=\"article:modified_time\" content=\"2024-02-28T21:32:08+00:00\" \/>\n<meta property=\"og:image\" content=\"https:\/\/paulgems.com\/wp-content\/uploads\/2023\/11\/Lujo6789.jpg\" \/>\n\t<meta property=\"og:image:width\" content=\"650\" \/>\n\t<meta property=\"og:image:height\" content=\"975\" \/>\n\t<meta property=\"og:image:type\" content=\"image\/jpeg\" \/>\n<meta name=\"twitter:card\" content=\"summary_large_image\" \/>\n<meta name=\"twitter:label1\" content=\"Est. reading time\" \/>\n\t<meta name=\"twitter:data1\" content=\"3 minutes\" \/>\n<script type=\"application\/ld+json\" class=\"yoast-schema-graph\">{\"@context\":\"https:\/\/schema.org\",\"@graph\":[{\"@type\":\"WebPage\",\"@id\":\"https:\/\/paulgems.com\/escorts\/daysi2\/\",\"url\":\"https:\/\/paulgems.com\/escorts\/daysi2\/\",\"name\":\"Daysi | Paul Gems\",\"isPartOf\":{\"@id\":\"https:\/\/paulgems.com\/#website\"},\"primaryImageOfPage\":{\"@id\":\"https:\/\/paulgems.com\/escorts\/daysi2\/#primaryimage\"},\"image\":{\"@id\":\"https:\/\/paulgems.com\/escorts\/daysi2\/#primaryimage\"},\"thumbnailUrl\":\"https:\/\/paulgems.com\/wp-content\/uploads\/2023\/11\/Lujo6789.jpg\",\"datePublished\":\"2024-02-28T21:16:49+00:00\",\"dateModified\":\"2024-02-28T21:32:08+00:00\",\"breadcrumb\":{\"@id\":\"https:\/\/paulgems.com\/escorts\/daysi2\/#breadcrumb\"},\"inLanguage\":\"en-US\",\"potentialAction\":[{\"@type\":\"ReadAction\",\"target\":[\"https:\/\/paulgems.com\/escorts\/daysi2\/\"]}]},{\"@type\":\"ImageObject\",\"inLanguage\":\"en-US\",\"@id\":\"https:\/\/paulgems.com\/escorts\/daysi2\/#primaryimage\",\"url\":\"https:\/\/paulgems.com\/wp-content\/uploads\/2023\/11\/Lujo6789.jpg\",\"contentUrl\":\"https:\/\/paulgems.com\/wp-content\/uploads\/2023\/11\/Lujo6789.jpg\",\"width\":650,\"height\":975},{\"@type\":\"BreadcrumbList\",\"@id\":\"https:\/\/paulgems.com\/escorts\/daysi2\/#breadcrumb\",\"itemListElement\":[{\"@type\":\"ListItem\",\"position\":1,\"name\":\"Portada\",\"item\":\"https:\/\/paulgems.com\/en\/\"},{\"@type\":\"ListItem\",\"position\":2,\"name\":\"Productos\",\"item\":\"https:\/\/paulgems.com\/shop\/\"},{\"@type\":\"ListItem\",\"position\":3,\"name\":\"Daysi\"}]},{\"@type\":\"WebSite\",\"@id\":\"https:\/\/paulgems.com\/#website\",\"url\":\"https:\/\/paulgems.com\/\",\"name\":\"Paul Gems\",\"description\":\"\",\"potentialAction\":[{\"@type\":\"SearchAction\",\"target\":{\"@type\":\"EntryPoint\",\"urlTemplate\":\"https:\/\/paulgems.com\/?s={search_term_string}\"},\"query-input\":{\"@type\":\"PropertyValueSpecification\",\"valueRequired\":true,\"valueName\":\"search_term_string\"}}],\"inLanguage\":\"en-US\"}]}<\/script>\n<!-- \/ Yoast SEO plugin. -->","yoast_head_json":{"title":"Daysi | Paul Gems","robots":{"index":"index","follow":"follow","max-snippet":"max-snippet:-1","max-image-preview":"max-image-preview:large","max-video-preview":"max-video-preview:-1"},"canonical":"https:\/\/paulgems.com\/escorts\/daysi2\/","og_locale":"en_US","og_type":"article","og_title":"Daysi | Paul Gems","og_description":"[vc_row][vc_column][vc_column_text]Esta hermosa jovencita de 26 a\u00f1os de ojos grandes y expresivos y facciones muy femeninas, nos acompa\u00f1ar\u00e1 por mucho tiempo en la capital, se ha afincado en Madrid por su trabajo y compagina su profesi\u00f3n con la de recepcionista, adem\u00e1s de estar en continua formaci\u00f3n para mejorar y crecer en su \u00e1mbito profesional. Esperamos contar [&hellip;]","og_url":"https:\/\/paulgems.com\/escorts\/daysi2\/","og_site_name":"Paul Gems","article_modified_time":"2024-02-28T21:32:08+00:00","og_image":[{"width":650,"height":975,"url":"https:\/\/paulgems.com\/wp-content\/uploads\/2023\/11\/Lujo6789.jpg","type":"image\/jpeg"}],"twitter_card":"summary_large_image","twitter_misc":{"Est. reading time":"3 minutes"},"schema":{"@context":"https:\/\/schema.org","@graph":[{"@type":"WebPage","@id":"https:\/\/paulgems.com\/escorts\/daysi2\/","url":"https:\/\/paulgems.com\/escorts\/daysi2\/","name":"Daysi | Paul Gems","isPartOf":{"@id":"https:\/\/paulgems.com\/#website"},"primaryImageOfPage":{"@id":"https:\/\/paulgems.com\/escorts\/daysi2\/#primaryimage"},"image":{"@id":"https:\/\/paulgems.com\/escorts\/daysi2\/#primaryimage"},"thumbnailUrl":"https:\/\/paulgems.com\/wp-content\/uploads\/2023\/11\/Lujo6789.jpg","datePublished":"2024-02-28T21:16:49+00:00","dateModified":"2024-02-28T21:32:08+00:00","breadcrumb":{"@id":"https:\/\/paulgems.com\/escorts\/daysi2\/#breadcrumb"},"inLanguage":"en-US","potentialAction":[{"@type":"ReadAction","target":["https:\/\/paulgems.com\/escorts\/daysi2\/"]}]},{"@type":"ImageObject","inLanguage":"en-US","@id":"https:\/\/paulgems.com\/escorts\/daysi2\/#primaryimage","url":"https:\/\/paulgems.com\/wp-content\/uploads\/2023\/11\/Lujo6789.jpg","contentUrl":"https:\/\/paulgems.com\/wp-content\/uploads\/2023\/11\/Lujo6789.jpg","width":650,"height":975},{"@type":"BreadcrumbList","@id":"https:\/\/paulgems.com\/escorts\/daysi2\/#breadcrumb","itemListElement":[{"@type":"ListItem","position":1,"name":"Portada","item":"https:\/\/paulgems.com\/en\/"},{"@type":"ListItem","position":2,"name":"Productos","item":"https:\/\/paulgems.com\/shop\/"},{"@type":"ListItem","position":3,"name":"Daysi"}]},{"@type":"WebSite","@id":"https:\/\/paulgems.com\/#website","url":"https:\/\/paulgems.com\/","name":"Paul Gems","description":"","potentialAction":[{"@type":"SearchAction","target":{"@type":"EntryPoint","urlTemplate":"https:\/\/paulgems.com\/?s={search_term_string}"},"query-input":{"@type":"PropertyValueSpecification","valueRequired":true,"valueName":"search_term_string"}}],"inLanguage":"en-US"}]}},"_links":{"self":[{"href":"https:\/\/paulgems.com\/en\/wp-json\/wp\/v2\/product\/21201","targetHints":{"allow":["GET"]}}],"collection":[{"href":"https:\/\/paulgems.com\/en\/wp-json\/wp\/v2\/product"}],"about":[{"href":"https:\/\/paulgems.com\/en\/wp-json\/wp\/v2\/types\/product"}],"replies":[{"embeddable":true,"href":"https:\/\/paulgems.com\/en\/wp-json\/wp\/v2\/comments?post=21201"}],"wp:featuredmedia":[{"embeddable":true,"href":"https:\/\/paulgems.com\/en\/wp-json\/wp\/v2\/media\/20420"}],"wp:attachment":[{"href":"https:\/\/paulgems.com\/en\/wp-json\/wp\/v2\/media?parent=21201"}],"wp:term":[{"taxonomy":"product_brand","embeddable":true,"href":"https:\/\/paulgems.com\/en\/wp-json\/wp\/v2\/product_brand?post=21201"},{"taxonomy":"product_cat","embeddable":true,"href":"https:\/\/paulgems.com\/en\/wp-json\/wp\/v2\/product_cat?post=21201"},{"taxonomy":"product_tag","embeddable":true,"href":"https:\/\/paulgems.com\/en\/wp-json\/wp\/v2\/product_tag?post=21201"}],"curies":[{"name":"wp","href":"https:\/\/api.w.org\/{rel}","templated":true}]}}