{"id":20699,"date":"2025-06-30T00:34:27","date_gmt":"2025-06-30T00:34:27","guid":{"rendered":"https:\/\/paulgems.com\/?post_type=product&#038;p=20699"},"modified":"2025-07-25T13:17:48","modified_gmt":"2025-07-25T13:17:48","slug":"adria","status":"publish","type":"product","link":"https:\/\/paulgems.com\/en\/escorts\/adria\/","title":{"rendered":"Adriana"},"content":{"rendered":"<div class=\"wpb-content-wrapper\"><p>[vc_row][vc_column]<div id=\"ultimate-heading-567769f0dd8eb71aa\" class=\"uvc-heading ult-adjust-bottom-margin ultimate-heading-567769f0dd8eb71aa uvc-4067 \" data-hspacer=\"no_spacer\"  data-halign=\"left\" style=\"text-align:left\"><div class=\"uvc-heading-spacer no_spacer\" style=\"top\"><\/div><div class=\"uvc-main-heading ult-responsive\"  data-ultimate-target='.uvc-heading.ultimate-heading-567769f0dd8eb71aa h2'  data-responsive-json-new='{\"font-size\":\"desktop:50px;\",\"line-height\":\"desktop:65px;\"}' ><h2 style=\"font-family:&#039;Ephesis&#039;;font-weight:normal;color:#891c23;\">Adriana Espa\u00f1ola<\/h2><\/div><\/div>[vc_column_text]<em><strong>Nuestras impresiones&#8230;<\/strong><\/em><\/p>\n<p>Espectacular universitaria espa\u00f1ola con rasgos muy femeninos y con un f\u00edsico que no deja indiferente a nadie, es una se\u00f1orita con una simpat\u00eda y carisma especial, su forma de hablar , sonre\u00edr y comportarse la hace m\u00e1s atractiva a\u00fan. Su su piel, su mirada, su oratoria, su elegancia y su f\u00edsico hacen de ella una acompa\u00f1ante perfecta y con todas las cualidades para ser un dama Paul Gems. Tiene unas piernas buen tonificadas, una piel dorada suave, unos ojos guises-verdosos que hipnotizan y unos labios gruesos \u00a0que completan un rostro femenino y sutil.<\/p>\n<p>Amante de los animales, de la vida sana y de la vida urbana, le encanta tomar una copa de vino durante la cena en uno de los restaurantes de gastronom\u00eda nacional m\u00e1s exquisitos de la ciudad. \u00a0Se sabe desenvolver en todos los acontecimientos, eventos o reuniones a los que acude ya que tiene una conversaci\u00f3n fluida e interesante, se une todo ello a una seguridad y confianza en sus propias posibilidades y lo que puede llegar a aportar.<\/p>\n<p><em><strong>Descubriendo a Adriana &#8230;<\/strong><\/em><\/p>\n<ol>\n<li><em>\u00bfC\u00faal es tu referente en la moda?<\/em><\/li>\n<\/ol>\n<p>Me quedar\u00eda con el modista Hannibal Laguna, considero que es uno de los dise\u00f1adores con mayor creatividad de la industria , adem\u00e1s navega entre la exquisitez y el lujo sobre todo en las \u00a0colecciones femeninas, la alta costura lleva a\u00f1os rindiendose a sus pies y no es para menos porque su larga trayectoria en las pasarelas le ha alzado a lo m\u00e1s alto y \u00a0a\u00f1os de \u00e9xito sigue en la cima de la pir\u00e1mide, por ello por su constancia, buen trabajo y grandes colecciones con tanta proyecci\u00f3n internacional es por lo que admiro a este dise\u00f1ador. Fue f\u00e1cil la respuesta porque la verdad, desde que comenc\u00e9 a seguir su trabajo, no he dejado de sorprenderme, desde su primera \u00a0colecci\u00f3n en 1985 &#8220;bellocotton&#8221;, pasando por sus colecciones de &#8220;pr\u00eat-\u00e1-prter&#8221; , hasta sus m\u00faltiples galardonas de la industria de la moda, es un creador innato y un apasionado de la innovaci\u00f3n.<\/p>\n<p><em>\u00a0 \u00a0 2. \u00bfQue opinas sobre los problemas ambientales que afectan a nuestro planeta?<\/em><\/p>\n<p>jajaja (risas) No me esperaba una pregunta tan transcendente pero bueno es un tema que se debe abordar con mucha delicadeza y quiz\u00e1s desde mi ignorancia y mi humilde opini\u00f3n os voy a dar una respuesta. (risas) \u00a0Realmente estamos en una situaci\u00f3n actual que todas las evidencias cient\u00edficas apuntan a que estamos en un periodo donde la actuaci\u00f3n del ser humano esta influyendo gravemente sobre todo los ciclos naturales \u00a0del planeta, estamos rompiendo con a\u00f1os de evoluci\u00f3n y equilibrio sobre todos los sistemas y creo que si seguimos por este camino podr\u00edamos llegar a un colapso global que puede provocar un agravamiento de los desastres naturales. Debemos tomar conscienciencia que el planeta es nuestro hogar y como tal debemos hacer pol\u00edticas y consciencia social, empezando por uno mismo, dirigido a minimizar este impacto. Es dif\u00edcil la soluci\u00f3n, pero si \u00a0no lo intentamos creo que estamos inclinando la balanza hacia un lado donde no me gustar\u00eda estar.[\/vc_column_text]<div class=\"ult-spacer spacer-69f0dd8eb7233\" data-id=\"69f0dd8eb7233\" data-height=\"50\" data-height-mobile=\"50\" data-height-tab=\"50\" data-height-tab-portrait=\"\" data-height-mobile-landscape=\"\" style=\"clear:both;display:block;\"><\/div>[\/vc_column][\/vc_row][vc_row full_width=&#8221;stretch_row_content&#8221; css=&#8221;.vc_custom_1698407329577{padding-bottom: 50px !important;background-color: #ececec !important;}&#8221;][vc_column]<div class=\"ult-spacer spacer-69f0dd8eb7269\" data-id=\"69f0dd8eb7269\" data-height=\"50\" data-height-mobile=\"50\" data-height-tab=\"50\" data-height-tab-portrait=\"\" data-height-mobile-landscape=\"\" style=\"clear:both;display:block;\"><\/div><div id=\"ultimate-heading-133669f0dd8eb72a5\" class=\"uvc-heading ult-adjust-bottom-margin ultimate-heading-133669f0dd8eb72a5 uvc-933 \" data-hspacer=\"no_spacer\"  data-halign=\"center\" style=\"text-align:center\"><div class=\"uvc-heading-spacer no_spacer\" style=\"top\"><\/div><div class=\"uvc-main-heading ult-responsive\"  data-ultimate-target='.uvc-heading.ultimate-heading-133669f0dd8eb72a5 h2'  data-responsive-json-new='{\"font-size\":\"desktop:50px;\",\"line-height\":\"\"}' ><h2 style=\"font-family:&#039;Ephesis&#039;;font-weight:normal;color:#891c23;\">MODELO ORO ** GOLD MODEL<\/h2><\/div><\/div>[\/vc_column][\/vc_row][vc_row full_width=&#8221;stretch_row_content&#8221; no_padding=&#8221;yes&#8221; content_placement=&#8221;middle&#8221;][vc_column width=&#8221;1\/2&#8243; animation_delay=&#8221;400&#8243; css=&#8221;.vc_custom_1733003175079{background-image: url(https:\/\/paulgems.com\/wp-content\/uploads\/2024\/07\/dfgdsfg.jpg?id=22565) !important;background-position: center !important;background-repeat: no-repeat !important;background-size: cover !important;}&#8221; conditional_render=&#8221;%5B%7B%22value_role%22%3A%22administrator%22%7D%5D&#8221; css_params=&#8221;&#8221;][vc_single_image image=&#8221;14873&#8243; img_size=&#8221;960&#215;640&#8243; el_class=&#8221;mb-0&#8243;][\/vc_column][vc_column width=&#8221;1\/2&#8243; animation_delay=&#8221;400&#8243; css=&#8221;.vc_custom_1635171173273{padding-top: 0px !important;padding-bottom: 50px !important;background-color: #000000 !important;}&#8221;][vc_column_text]<\/p>\n<p class=\"cajaroja\">Espa\u00f1ola<\/p>\n<p>[\/vc_column_text][vc_row_inner][vc_column_inner el_class=&#8221;espaciofranjanegra&#8221; offset=&#8221;vc_col-md-offset-2 vc_col-md-8&#8243; el_id=&#8221;espaciofranjanegra&#8221;]<div id=\"ultimate-heading-442069f0dd8eb72fa\" class=\"uvc-heading ult-adjust-bottom-margin ultimate-heading-442069f0dd8eb72fa uvc-8171 \" data-hspacer=\"no_spacer\"  data-halign=\"left\" style=\"text-align:left\"><div class=\"uvc-heading-spacer no_spacer\" style=\"top\"><\/div><div class=\"uvc-main-heading ult-responsive\"  data-ultimate-target='.uvc-heading.ultimate-heading-442069f0dd8eb72fa h2'  data-responsive-json-new='{\"font-size\":\"desktop:50px;\",\"line-height\":\"desktop:65px;\"}' ><h2 style=\"font-family:&#039;Ephesis&#039;;font-weight:normal;color:#891c23;\">Adriana<\/h2><\/div><div class=\"uvc-sub-heading ult-responsive\"  data-ultimate-target='.uvc-heading.ultimate-heading-442069f0dd8eb72fa .uvc-sub-heading '  data-responsive-json-new='{\"font-size\":\"desktop:30px;tablet:27px;\",\"line-height\":\"desktop:37px;\"}'  style=\"font-family:&#039;Cormorant Garamond&#039;;font-weight:normal;color:#676767;\">&#8221; Espa\u00f1ola espectacular, que si dejas pasar la oportunidad de conocerla te arrepentir\u00e1s.&#8221;<\/div><\/div><div class=\"ult-spacer spacer-69f0dd8eb7346\" data-id=\"69f0dd8eb7346\" data-height=\"20\" data-height-mobile=\"20\" data-height-tab=\"20\" data-height-tab-portrait=\"\" data-height-mobile-landscape=\"\" style=\"clear:both;display:block;\"><\/div>[vc_column_text css=&#8221;&#8221; css_params=&#8221;&#8221;]<\/p>\n<p id=\"blanco\"><span class=\"rojo\">Profesi\u00f3n:<\/span>\u00a0Universitaria<\/p>\n<p id=\"blanco\"><span class=\"rojo\">Edad:<\/span>\u00a023 a\u00f1os<\/p>\n<p id=\"blanco\"><span class=\"rojo\">Altura:<\/span> 1,67 cm<\/p>\n<p id=\"blanco\"><span class=\"rojo\">Peso:<\/span>\u00a044 kg<\/p>\n<p id=\"blanco\"><span class=\"rojo\">Medidas:<\/span>\u00a091-59-91<\/p>\n<p id=\"blanco\"><span class=\"rojo\">Cabello:<\/span> casta\u00f1o oscuro<\/p>\n<p id=\"blanco\"><span class=\"rojo\">Ojos:<\/span>\u00a0grises-verdosos<\/p>\n<p id=\"blanco\"><span class=\"rojo\">Perfume:<\/span>\u00a0Prada<\/p>\n<p id=\"blanco\"><span class=\"rojo\">Aficiones:<\/span>\u00a0deporte, naturaleza, moda, gimnasio, teatro y m\u00fasica<\/p>\n<p id=\"blanco\"><span class=\"rojo\">Idiomas:<\/span> Espa\u00f1ol e ingl\u00e9s<\/p>\n<p>[\/vc_column_text]<div class=\"ult-spacer spacer-69f0dd8eb736f\" data-id=\"69f0dd8eb736f\" data-height=\"20\" data-height-mobile=\"20\" data-height-tab=\"20\" data-height-tab-portrait=\"\" data-height-mobile-landscape=\"\" style=\"clear:both;display:block;\"><\/div>[\/vc_column_inner][\/vc_row_inner][\/vc_column][\/vc_row][vc_row full_width=&#8221;stretch_row&#8221; bg_type=&#8221;bg_color&#8221; bg_override=&#8221;full&#8221; css=&#8221;.vc_custom_1635254849846{background-image: url(https:\/\/paulgems.com\/wp-content\/uploads\/2021\/10\/cabecera-home.jpg?id=13511) !important;background-position: center !important;background-repeat: no-repeat !important;background-size: cover !important;}&#8221; el_id=&#8221;servicios&#8221; bg_color_value=&#8221;rgba(0,0,0,0.8)&#8221;][vc_column]<div class=\"ult-spacer spacer-69f0dd8eb7396\" data-id=\"69f0dd8eb7396\" data-height=\"50\" data-height-mobile=\"50\" data-height-tab=\"50\" data-height-tab-portrait=\"\" data-height-mobile-landscape=\"\" style=\"clear:both;display:block;\"><\/div><div id=\"ultimate-heading-693269f0dd8eb73cd\" class=\"uvc-heading ult-adjust-bottom-margin ultimate-heading-693269f0dd8eb73cd uvc-8167 \" data-hspacer=\"no_spacer\"  data-halign=\"center\" style=\"text-align:center\"><div class=\"uvc-heading-spacer no_spacer\" style=\"top\"><\/div><div class=\"uvc-main-heading ult-responsive\"  data-ultimate-target='.uvc-heading.ultimate-heading-693269f0dd8eb73cd h2'  data-responsive-json-new='{\"font-size\":\"desktop:50px;\",\"line-height\":\"\"}' ><h2 style=\"font-family:&#039;Ephesis&#039;;font-weight:normal;color:#ffffff;\">Servicios<\/h2><\/div><\/div><div class=\"ult-spacer spacer-69f0dd8eb742f\" data-id=\"69f0dd8eb742f\" data-height=\"50\" data-height-mobile=\"50\" data-height-tab=\"50\" data-height-tab-portrait=\"\" data-height-mobile-landscape=\"\" style=\"clear:both;display:block;\"><\/div>[vc_raw_html]JTNDZGl2JTIwaWQlM0QlMjJudWJlVGFncyUyMiUzRSUzQyUyRmRpdiUzRQ==[\/vc_raw_html][vc_separator color=&#8221;custom&#8221; border_width=&#8221;2&#8243; el_width=&#8221;70&#8243; accent_color=&#8221;#891c23&#8243;][vc_column_text]<\/p>\n<p class=\"nota\" style=\"text-align: center;\">NOTA: Paul Gems Elite Models Madrid, ofrece un servicio exclusivo como acompa\u00f1antes de lujo, toda interacci\u00f3n \u00edntima que pueda transcurrir durante la cita ser\u00e1 de mutuo acuerdo y consensuado entre ambas partes, el caballero y la acompa\u00f1ante, para que la cita salga a la perfecci\u00f3n. ALGUNOS de los servicios tienen un plus extra acordado con la se\u00f1orita ( a consultar con ella).<\/p>\n<p>[\/vc_column_text]<div class=\"ult-spacer spacer-69f0dd8eb7454\" data-id=\"69f0dd8eb7454\" data-height=\"25\" data-height-mobile=\"25\" data-height-tab=\"25\" data-height-tab-portrait=\"\" data-height-mobile-landscape=\"\" style=\"clear:both;display:block;\"><\/div>[vc_raw_js]JTNDc2NyaXB0JTNFJTIwJTBBJTI4ZnVuY3Rpb24lMjglMjQlMjklMjAlN0IlMEElMEElMEElMjAlMjQlMjglMjIudGFnZ2VkX2FzJTIwYSUyMiUyOS5lYWNoJTI4ZnVuY3Rpb24lMjglMjklN0IlMEElMjAlMjAlMjAlMjAlMjAlMjAlMjAlMEElMjAlMjAlMjAlMjAlMjAlMjAlMjB2YXIlMjBtaXRhZyUzRCUyMiUzQ3AlMjBjbGFzcyUzRCUyNyUyNyUzRSUyMiUyQiUyMCUyNCUyOHRoaXMlMjkuaHRtbCUyOCUyOSUyQiUyMCUyMiUzQyUyRnAlM0UlMjIlM0IlMEElMjAlMjAlMjAlMjAlMjAlMjAlMjAlMjAlMjAlMjQlMjglMjIlMjNudWJlVGFncyUyMiUyOS5wcmVwZW5kJTI4JTIwbWl0YWclMjklM0IlMEElMjAlMjAlMjAlMjAlN0QlMjklM0IlMEElN0QlMjklMjhqUXVlcnklMjklM0IlMEElMEElMjAlM0MlMkZzY3JpcHQlM0U=[\/vc_raw_js][\/vc_column][\/vc_row][vc_row][vc_column]<div class=\"ult-spacer spacer-69f0dd8eb746b\" data-id=\"69f0dd8eb746b\" data-height=\"25\" data-height-mobile=\"25\" data-height-tab=\"25\" data-height-tab-portrait=\"\" data-height-mobile-landscape=\"\" style=\"clear:both;display:block;\"><\/div><div id=\"ultimate-heading-202269f0dd8eb74b9\" class=\"uvc-heading ult-adjust-bottom-margin ultimate-heading-202269f0dd8eb74b9 uvc-7496 sinmbotton\" data-hspacer=\"line_only\"  data-halign=\"center\" style=\"text-align:center\"><div class=\"uvc-main-heading ult-responsive\"  data-ultimate-target='.uvc-heading.ultimate-heading-202269f0dd8eb74b9 h2'  data-responsive-json-new='{\"font-size\":\"desktop:30px;\",\"line-height\":\"\"}' ><h2 style=\"font-family:&#039;Cormorant Garamond&#039;;font-weight:600;color:#891c23;\">Disponibilidad<\/h2><\/div><div class=\"uvc-heading-spacer line_only\" style=\"topheight:1px;\"><span class=\"uvc-headings-line\" style=\"border-style:solid;border-bottom-width:1px;border-color:#891c23;width:170px;\"><\/span><\/div><\/div><div class=\"ult-spacer spacer-69f0dd8eb7515\" data-id=\"69f0dd8eb7515\" data-height=\"25\" data-height-mobile=\"25\" data-height-tab=\"25\" data-height-tab-portrait=\"\" data-height-mobile-landscape=\"\" style=\"clear:both;display:block;\"><\/div>[vc_row_inner][vc_column_inner][vc_column_text]<\/p>\n<p class=\"disponibilidad mb-0\">Melania debido a su trabajo como modelo est\u00e1 continuamente trabajando entre pa\u00edses por su trabajo como actriz \u00a0para concretar una cita con la se\u00f1orita, hay que avisar con antelaci\u00f3n para ver la disponibilidad y en la localidad que se encuentra en cada momento, y la posibilidad o no de que ella pueda viajar.<\/p>\n<p>[\/vc_column_text][\/vc_column_inner][\/vc_row_inner]<div class=\"ult-spacer spacer-69f0dd8eb753b\" data-id=\"69f0dd8eb753b\" data-height=\"25\" data-height-mobile=\"25\" data-height-tab=\"25\" data-height-tab-portrait=\"\" data-height-mobile-landscape=\"\" style=\"clear:both;display:block;\"><\/div>[\/vc_column][\/vc_row][vc_row][vc_column]<div class=\"ult-spacer spacer-69f0dd8eb7553\" data-id=\"69f0dd8eb7553\" data-height=\"25\" data-height-mobile=\"25\" data-height-tab=\"25\" data-height-tab-portrait=\"\" data-height-mobile-landscape=\"\" style=\"clear:both;display:block;\"><\/div><div id=\"ultimate-heading-792569f0dd8eb7578\" class=\"uvc-heading ult-adjust-bottom-margin ultimate-heading-792569f0dd8eb7578 uvc-6493 \" data-hspacer=\"no_spacer\"  data-halign=\"left\" style=\"text-align:left\"><div class=\"uvc-heading-spacer no_spacer\" style=\"top\"><\/div><div class=\"uvc-main-heading ult-responsive\"  data-ultimate-target='.uvc-heading.ultimate-heading-792569f0dd8eb7578 h2'  data-responsive-json-new='{\"font-size\":\"desktop:30px;\",\"line-height\":\"\"}' ><h2 style=\"font-family:&#039;Cormorant Garamond&#039;;font-weight:normal;color:#676767;\">Datos de importancia<\/h2><\/div><\/div><div class=\"ult-spacer spacer-69f0dd8eb75cc\" data-id=\"69f0dd8eb75cc\" data-height=\"25\" data-height-mobile=\"25\" data-height-tab=\"25\" data-height-tab-portrait=\"\" data-height-mobile-landscape=\"\" style=\"clear:both;display:block;\"><\/div>[vc_column_text]Fotos 100% reales, disfruta de una experiencia real con mujeres reales tan bellas como interesantes.<\/p>\n<p>El abono de la tarifa de su cita se abonar\u00e1 por adelantado, en efectivo y directamente a la se\u00f1orita, a ser posible en Euros, si no es as\u00ed deber\u00e1 informar a la agencia para concretar el cambio a la moneda nacional.<\/p>\n<p>Si el cliente\/a desea concretar un viaje con alguna\/o de nuestras\/os chicas\/os se abonar\u00e1 el 50 % del viaje por adelantado y el total de los gastos del viaje del\/ la acompa\u00f1ante, al menos 4 d\u00edas laborables al desplazamiento, mediante transferencia bancaria u otros ingresos similares. Dej\u00e1ndonos las fechas de ida y regreso, destino y hospedaje de la se\u00f1orita o chico.[\/vc_column_text][\/vc_column][\/vc_row][vc_row css=&#8221;.vc_custom_1634904782330{padding-top: 50px !important;padding-bottom: 50px !important;}&#8221;][vc_column]<div class=\"ult-spacer spacer-69f0dd8eb75f4\" data-id=\"69f0dd8eb75f4\" data-height=\"25\" data-height-mobile=\"25\" data-height-tab=\"25\" data-height-tab-portrait=\"\" data-height-mobile-landscape=\"\" style=\"clear:both;display:block;\"><\/div><div id=\"ultimate-heading-102469f0dd8eb7617\" class=\"uvc-heading ult-adjust-bottom-margin ultimate-heading-102469f0dd8eb7617 uvc-1185 \" data-hspacer=\"no_spacer\"  data-halign=\"center\" style=\"text-align:center\"><div class=\"uvc-heading-spacer no_spacer\" style=\"top\"><\/div><div class=\"uvc-sub-heading ult-responsive\"  data-ultimate-target='.uvc-heading.ultimate-heading-102469f0dd8eb7617 .uvc-sub-heading '  data-responsive-json-new='{\"font-size\":\"desktop:50px;tablet_portrait:40px;\",\"line-height\":\"desktop:34px;\"}'  style=\"font-family:&#039;Ephesis&#039;;font-weight:normal;color:#891c23;\">\u00abNuestro sello de presentaci\u00f3n, la excelencia\u00bb<\/p>\n<p>\u00abNuestro objetivo, alcanzar tus expectativas\u00bb<\/div><\/div><div class=\"ult-spacer spacer-69f0dd8eb763e\" data-id=\"69f0dd8eb763e\" data-height=\"25\" data-height-mobile=\"25\" data-height-tab=\"25\" data-height-tab-portrait=\"\" data-height-mobile-landscape=\"\" style=\"clear:both;display:block;\"><\/div>[\/vc_column][\/vc_row]<\/p>\n<\/div>","protected":false},"excerpt":{"rendered":"<p>[vc_row][vc_column][vc_column_text]Nuestras impresiones&#8230; Espectacular universitaria espa\u00f1ola con rasgos muy femeninos y con un f\u00edsico que no deja indiferente a nadie, es una se\u00f1orita con una simpat\u00eda y carisma especial, su forma de hablar , sonre\u00edr y comportarse la hace m\u00e1s atractiva a\u00fan. Su su piel, su mirada, su oratoria, su elegancia y su f\u00edsico hacen de [&hellip;]<\/p>\n","protected":false},"featured_media":22563,"comment_status":"open","ping_status":"closed","template":"","meta":[],"product_brand":[],"product_cat":[156,377,383,24,59,80,62],"product_tag":[351,352,353,354,355,357],"class_list":{"0":"post-20699","1":"product","2":"type-product","3":"status-publish","4":"has-post-thumbnail","6":"product_cat-espanola","7":"product_cat-madrid-exclusiva","8":"product_cat-gold","9":"product_cat-escorts-madrid","10":"product_cat-59","11":"product_cat-1-67-cm","12":"product_cat-universitaria","13":"product_tag-acompanante-vip-para-eventos-y-reuniones","14":"product_tag-acompanante-vip-viajes-internacionales","15":"product_tag-acompanante-vip-social","16":"product_tag-acompanante-vip-para-cenas","17":"product_tag-acompanante-vip-viajes-nacionales","18":"product_tag-acompanante-vip-trato-gfe","20":"first","21":"instock","22":"shipping-taxable","23":"product-type-simple"},"yoast_head":"<!-- This site is optimized with the Yoast SEO plugin v26.3 - https:\/\/yoast.com\/wordpress\/plugins\/seo\/ -->\n<title>Adriana -<\/title>\n<meta name=\"robots\" content=\"index, follow, max-snippet:-1, max-image-preview:large, max-video-preview:-1\" \/>\n<link rel=\"canonical\" href=\"https:\/\/paulgems.com\/escorts\/adria\/\" \/>\n<meta property=\"og:locale\" content=\"en_US\" \/>\n<meta property=\"og:type\" content=\"article\" \/>\n<meta property=\"og:title\" content=\"Adriana -\" \/>\n<meta property=\"og:description\" content=\"[vc_row][vc_column][vc_column_text]Nuestras impresiones&#8230; Espectacular universitaria espa\u00f1ola con rasgos muy femeninos y con un f\u00edsico que no deja indiferente a nadie, es una se\u00f1orita con una simpat\u00eda y carisma especial, su forma de hablar , sonre\u00edr y comportarse la hace m\u00e1s atractiva a\u00fan. Su su piel, su mirada, su oratoria, su elegancia y su f\u00edsico hacen de [&hellip;]\" \/>\n<meta property=\"og:url\" content=\"https:\/\/paulgems.com\/escorts\/adria\/\" \/>\n<meta property=\"article:modified_time\" content=\"2025-07-25T13:17:48+00:00\" \/>\n<meta property=\"og:image\" content=\"https:\/\/paulgems.com\/wp-content\/uploads\/2024\/07\/ujrttr.jpg\" \/>\n\t<meta property=\"og:image:width\" content=\"1382\" \/>\n\t<meta property=\"og:image:height\" content=\"2048\" \/>\n\t<meta property=\"og:image:type\" content=\"image\/jpeg\" \/>\n<meta name=\"twitter:card\" content=\"summary_large_image\" \/>\n<meta name=\"twitter:label1\" content=\"Est. reading time\" \/>\n\t<meta name=\"twitter:data1\" content=\"5 minutes\" \/>\n<script type=\"application\/ld+json\" class=\"yoast-schema-graph\">{\"@context\":\"https:\/\/schema.org\",\"@graph\":[{\"@type\":\"WebPage\",\"@id\":\"https:\/\/paulgems.com\/escorts\/adria\/\",\"url\":\"https:\/\/paulgems.com\/escorts\/adria\/\",\"name\":\"Adriana -\",\"isPartOf\":{\"@id\":\"https:\/\/paulgems.com\/#website\"},\"primaryImageOfPage\":{\"@id\":\"https:\/\/paulgems.com\/escorts\/adria\/#primaryimage\"},\"image\":{\"@id\":\"https:\/\/paulgems.com\/escorts\/adria\/#primaryimage\"},\"thumbnailUrl\":\"https:\/\/paulgems.com\/wp-content\/uploads\/2024\/07\/ujrttr.jpg\",\"datePublished\":\"2025-06-30T00:34:27+00:00\",\"dateModified\":\"2025-07-25T13:17:48+00:00\",\"breadcrumb\":{\"@id\":\"https:\/\/paulgems.com\/escorts\/adria\/#breadcrumb\"},\"inLanguage\":\"en-US\",\"potentialAction\":[{\"@type\":\"ReadAction\",\"target\":[\"https:\/\/paulgems.com\/escorts\/adria\/\"]}]},{\"@type\":\"ImageObject\",\"inLanguage\":\"en-US\",\"@id\":\"https:\/\/paulgems.com\/escorts\/adria\/#primaryimage\",\"url\":\"https:\/\/paulgems.com\/wp-content\/uploads\/2024\/07\/ujrttr.jpg\",\"contentUrl\":\"https:\/\/paulgems.com\/wp-content\/uploads\/2024\/07\/ujrttr.jpg\",\"width\":1382,\"height\":2048},{\"@type\":\"BreadcrumbList\",\"@id\":\"https:\/\/paulgems.com\/escorts\/adria\/#breadcrumb\",\"itemListElement\":[{\"@type\":\"ListItem\",\"position\":1,\"name\":\"Portada\",\"item\":\"https:\/\/paulgems.com\/en\/\"},{\"@type\":\"ListItem\",\"position\":2,\"name\":\"Productos\",\"item\":\"https:\/\/paulgems.com\/shop\/\"},{\"@type\":\"ListItem\",\"position\":3,\"name\":\"Adriana\"}]},{\"@type\":\"WebSite\",\"@id\":\"https:\/\/paulgems.com\/#website\",\"url\":\"https:\/\/paulgems.com\/\",\"name\":\"\",\"description\":\"\",\"potentialAction\":[{\"@type\":\"SearchAction\",\"target\":{\"@type\":\"EntryPoint\",\"urlTemplate\":\"https:\/\/paulgems.com\/?s={search_term_string}\"},\"query-input\":{\"@type\":\"PropertyValueSpecification\",\"valueRequired\":true,\"valueName\":\"search_term_string\"}}],\"inLanguage\":\"en-US\"}]}<\/script>\n<!-- \/ Yoast SEO plugin. -->","yoast_head_json":{"title":"Adriana -","robots":{"index":"index","follow":"follow","max-snippet":"max-snippet:-1","max-image-preview":"max-image-preview:large","max-video-preview":"max-video-preview:-1"},"canonical":"https:\/\/paulgems.com\/escorts\/adria\/","og_locale":"en_US","og_type":"article","og_title":"Adriana -","og_description":"[vc_row][vc_column][vc_column_text]Nuestras impresiones&#8230; Espectacular universitaria espa\u00f1ola con rasgos muy femeninos y con un f\u00edsico que no deja indiferente a nadie, es una se\u00f1orita con una simpat\u00eda y carisma especial, su forma de hablar , sonre\u00edr y comportarse la hace m\u00e1s atractiva a\u00fan. Su su piel, su mirada, su oratoria, su elegancia y su f\u00edsico hacen de [&hellip;]","og_url":"https:\/\/paulgems.com\/escorts\/adria\/","article_modified_time":"2025-07-25T13:17:48+00:00","og_image":[{"width":1382,"height":2048,"url":"https:\/\/paulgems.com\/wp-content\/uploads\/2024\/07\/ujrttr.jpg","type":"image\/jpeg"}],"twitter_card":"summary_large_image","twitter_misc":{"Est. reading time":"5 minutes"},"schema":{"@context":"https:\/\/schema.org","@graph":[{"@type":"WebPage","@id":"https:\/\/paulgems.com\/escorts\/adria\/","url":"https:\/\/paulgems.com\/escorts\/adria\/","name":"Adriana -","isPartOf":{"@id":"https:\/\/paulgems.com\/#website"},"primaryImageOfPage":{"@id":"https:\/\/paulgems.com\/escorts\/adria\/#primaryimage"},"image":{"@id":"https:\/\/paulgems.com\/escorts\/adria\/#primaryimage"},"thumbnailUrl":"https:\/\/paulgems.com\/wp-content\/uploads\/2024\/07\/ujrttr.jpg","datePublished":"2025-06-30T00:34:27+00:00","dateModified":"2025-07-25T13:17:48+00:00","breadcrumb":{"@id":"https:\/\/paulgems.com\/escorts\/adria\/#breadcrumb"},"inLanguage":"en-US","potentialAction":[{"@type":"ReadAction","target":["https:\/\/paulgems.com\/escorts\/adria\/"]}]},{"@type":"ImageObject","inLanguage":"en-US","@id":"https:\/\/paulgems.com\/escorts\/adria\/#primaryimage","url":"https:\/\/paulgems.com\/wp-content\/uploads\/2024\/07\/ujrttr.jpg","contentUrl":"https:\/\/paulgems.com\/wp-content\/uploads\/2024\/07\/ujrttr.jpg","width":1382,"height":2048},{"@type":"BreadcrumbList","@id":"https:\/\/paulgems.com\/escorts\/adria\/#breadcrumb","itemListElement":[{"@type":"ListItem","position":1,"name":"Portada","item":"https:\/\/paulgems.com\/en\/"},{"@type":"ListItem","position":2,"name":"Productos","item":"https:\/\/paulgems.com\/shop\/"},{"@type":"ListItem","position":3,"name":"Adriana"}]},{"@type":"WebSite","@id":"https:\/\/paulgems.com\/#website","url":"https:\/\/paulgems.com\/","name":"","description":"","potentialAction":[{"@type":"SearchAction","target":{"@type":"EntryPoint","urlTemplate":"https:\/\/paulgems.com\/?s={search_term_string}"},"query-input":{"@type":"PropertyValueSpecification","valueRequired":true,"valueName":"search_term_string"}}],"inLanguage":"en-US"}]}},"_links":{"self":[{"href":"https:\/\/paulgems.com\/en\/wp-json\/wp\/v2\/product\/20699","targetHints":{"allow":["GET"]}}],"collection":[{"href":"https:\/\/paulgems.com\/en\/wp-json\/wp\/v2\/product"}],"about":[{"href":"https:\/\/paulgems.com\/en\/wp-json\/wp\/v2\/types\/product"}],"replies":[{"embeddable":true,"href":"https:\/\/paulgems.com\/en\/wp-json\/wp\/v2\/comments?post=20699"}],"wp:featuredmedia":[{"embeddable":true,"href":"https:\/\/paulgems.com\/en\/wp-json\/wp\/v2\/media\/22563"}],"wp:attachment":[{"href":"https:\/\/paulgems.com\/en\/wp-json\/wp\/v2\/media?parent=20699"}],"wp:term":[{"taxonomy":"product_brand","embeddable":true,"href":"https:\/\/paulgems.com\/en\/wp-json\/wp\/v2\/product_brand?post=20699"},{"taxonomy":"product_cat","embeddable":true,"href":"https:\/\/paulgems.com\/en\/wp-json\/wp\/v2\/product_cat?post=20699"},{"taxonomy":"product_tag","embeddable":true,"href":"https:\/\/paulgems.com\/en\/wp-json\/wp\/v2\/product_tag?post=20699"}],"curies":[{"name":"wp","href":"https:\/\/api.w.org\/{rel}","templated":true}]}}