{"id":13987,"date":"1980-01-19T19:44:59","date_gmt":"1980-01-19T19:44:59","guid":{"rendered":"https:\/\/paulgems.com\/?post_type=product&#038;p=13987\/"},"modified":"2026-04-02T18:15:44","modified_gmt":"2026-04-02T18:15:44","slug":"niclole0","status":"publish","type":"product","link":"https:\/\/paulgems.com\/en\/escorts\/niclole0\/","title":{"rendered":"Nicole"},"content":{"rendered":"<div class=\"wpb-content-wrapper\"><p>[vc_row][vc_column]<div id=\"ultimate-heading-919569fa1b7901118\" class=\"uvc-heading ult-adjust-bottom-margin ultimate-heading-919569fa1b7901118 uvc-1645 \" data-hspacer=\"no_spacer\"  data-halign=\"left\" style=\"text-align:left\"><div class=\"uvc-heading-spacer no_spacer\" style=\"top\"><\/div><div class=\"uvc-main-heading ult-responsive\"  data-ultimate-target='.uvc-heading.ultimate-heading-919569fa1b7901118 h2'  data-responsive-json-new='{\"font-size\":\"desktop:50px;\",\"line-height\":\"desktop:65px;\"}' ><h2 style=\"font-family:&#039;Ephesis&#039;;font-weight:normal;color:#891c23;\">Nicole<\/h2><\/div><\/div>[vc_column_text css=&#8221;&#8221;]Nicole la se\u00f1orita de compa\u00f1\u00eda m\u00e1s completa de la capital, un lujo al alcance de los caballeros m\u00e1s selectos, que aprecian la belleza, la sofisticaci\u00f3n, la elegancia, la inteligencia y la simpat\u00eda natural de una jovencita, tan atractiva como interesante. En cada encuentro en cada cita sabe \u00a0estar a la altura, conectar con cada caballero y hacer de una velada, un encuentro m\u00e1gico. Es una joven hermosa con unas facciones muy suaves, femeninas y unos rasgos felinos que adorna con sus hermosos ojos azules, que resaltan por su tez blanca y su melena negra azabache. Su f\u00edsico con medidas de reina y unas piernas infinitas, una figura delicada y equilibrada, hace su carta de presentaci\u00f3n pero no es solo su envoltura, su interior es m\u00e1s seductor a\u00fan, con una personalidad agradable y c\u00e1lida, <strong>empatiza muy bien con los caballeros<\/strong>. Nicole, abanderada de la sensualidad, la elegancia y la belleza natural\u2026 una delicia para los cinco sentidos.<\/p>\n<p>Cuando un caballero descuelga el tel\u00e9fono y quiere una cita con una de nuestras se\u00f1oritas, desean encontrar una se\u00f1orita de compa\u00f1\u00eda a la altura,\u00a0<strong>Nicole es una mezcla muy interesante de dulzura, sofisticaci\u00f3n y elegancia<\/strong>, pero resalta lo cari\u00f1osa, dulce y cercana de su personalidad, quedar\u00e1s enamorado porque por un momento, unas horas, unos dias\u2026parecer\u00e1 que estas con tu mejor \u00a0confidente que nunca desvelar\u00e1 ninguno de tus secretos m\u00e1s ocultos, lo que ocurre en la cita, all\u00ed se queda, como un dulce recuerdo que puede volver a suceder las veces que el caballero desee. Discreci\u00f3n en su m\u00e1xima expresi\u00f3n, elegancia en su m\u00e1ximo esplendor y una belleza espectacular que no desear\u00e1s olvidar.[\/vc_column_text]<div class=\"ult-spacer spacer-69fa1b7901174\" data-id=\"69fa1b7901174\" data-height=\"50\" data-height-mobile=\"50\" data-height-tab=\"50\" data-height-tab-portrait=\"\" data-height-mobile-landscape=\"\" style=\"clear:both;display:block;\"><\/div>[\/vc_column][\/vc_row][vc_row full_width=&#8221;stretch_row_content&#8221; css=&#8221;.vc_custom_1635408101964{background-color: #ececec !important;}&#8221;][vc_column]<div class=\"ult-spacer spacer-69fa1b790118e\" data-id=\"69fa1b790118e\" data-height=\"50\" data-height-mobile=\"50\" data-height-tab=\"50\" data-height-tab-portrait=\"\" data-height-mobile-landscape=\"\" style=\"clear:both;display:block;\"><\/div><div id=\"ultimate-heading-346369fa1b79011b1\" class=\"uvc-heading ult-adjust-bottom-margin ultimate-heading-346369fa1b79011b1 uvc-9167 \" data-hspacer=\"no_spacer\"  data-halign=\"center\" style=\"text-align:center\"><div class=\"uvc-heading-spacer no_spacer\" style=\"top\"><\/div><div class=\"uvc-main-heading ult-responsive\"  data-ultimate-target='.uvc-heading.ultimate-heading-346369fa1b79011b1 h2'  data-responsive-json-new='{\"font-size\":\"desktop:50px;\",\"line-height\":\"\"}' ><h2 style=\"font-family:&#039;Ephesis&#039;;font-weight:normal;color:#891c23;\">Modelo Plata ** Silver Model<\/h2><\/div><\/div>[\/vc_column][\/vc_row][vc_row full_width=&#8221;stretch_row_content&#8221; no_padding=&#8221;yes&#8221; content_placement=&#8221;middle&#8221;][vc_column width=&#8221;1\/2&#8243; animation_delay=&#8221;400&#8243; css=&#8221;.vc_custom_1637248406832{background-image: url(https:\/\/paulgems.com\/wp-content\/uploads\/2021\/11\/Espectacular-senorita-de-compania.jpg?id=14389) !important;background-position: center !important;background-repeat: no-repeat !important;background-size: cover !important;}&#8221;][vc_single_image image=&#8221;14873&#8243; img_size=&#8221;960&#215;640&#8243; el_class=&#8221;mb-0&#8243;][\/vc_column][vc_column width=&#8221;1\/2&#8243; animation_delay=&#8221;400&#8243; css=&#8221;.vc_custom_1635171173273{padding-top: 0px !important;padding-bottom: 50px !important;background-color: #000000 !important;}&#8221;][vc_column_text]<\/p>\n<p class=\"cajaroja\">Modelo internacional<\/p>\n<p>[\/vc_column_text][vc_row_inner][vc_column_inner el_class=&#8221;espaciofranjanegra&#8221; offset=&#8221;vc_col-md-offset-2 vc_col-md-8&#8243; el_id=&#8221;espaciofranjanegra&#8221;]<div id=\"ultimate-heading-842169fa1b79011f3\" class=\"uvc-heading ult-adjust-bottom-margin ultimate-heading-842169fa1b79011f3 uvc-771 \" data-hspacer=\"no_spacer\"  data-halign=\"left\" style=\"text-align:left\"><div class=\"uvc-heading-spacer no_spacer\" style=\"top\"><\/div><div class=\"uvc-main-heading ult-responsive\"  data-ultimate-target='.uvc-heading.ultimate-heading-842169fa1b79011f3 h2'  data-responsive-json-new='{\"font-size\":\"desktop:50px;\",\"line-height\":\"desktop:65px;\"}' ><h2 style=\"font-family:&#039;Ephesis&#039;;font-weight:normal;color:#891c23;\">Nicole<\/h2><\/div><div class=\"uvc-sub-heading ult-responsive\"  data-ultimate-target='.uvc-heading.ultimate-heading-842169fa1b79011f3 .uvc-sub-heading '  data-responsive-json-new='{\"font-size\":\"desktop:30px;tablet:27px;\",\"line-height\":\"desktop:37px;\"}'  style=\"font-family:&#039;Cormorant Garamond&#039;;font-weight:normal;color:#676767;\">&#8220;Elegancia, belleza y saber estar en su m\u00e1xima expresi\u00f3n. &#8220;<\/div><\/div><div class=\"ult-spacer spacer-69fa1b790122f\" data-id=\"69fa1b790122f\" data-height=\"20\" data-height-mobile=\"20\" data-height-tab=\"20\" data-height-tab-portrait=\"\" data-height-mobile-landscape=\"\" style=\"clear:both;display:block;\"><\/div>[vc_column_text css=&#8221;&#8221;]<\/p>\n<p id=\"blanco\"><span class=\"rojo\">Profesi\u00f3n:<\/span> Modelo de publicidad, fotograf\u00eda y pasarela<\/p>\n<p id=\"blanco\"><span class=\"rojo\">Edad:<\/span> 27 a\u00f1os<\/p>\n<p id=\"blanco\"><span class=\"rojo\">Altura:<\/span> 1,79 cm<\/p>\n<p id=\"blanco\"><span class=\"rojo\">Peso:<\/span> 54 kg<\/p>\n<p id=\"blanco\"><span class=\"rojo\">Medidas:<\/span> 90-59\u201390<\/p>\n<p id=\"blanco\"><span class=\"rojo\">Cabello:<\/span> Casta\u00f1o claro<\/p>\n<p id=\"blanco\"><span class=\"rojo\">Ojos:<\/span> Azules<\/p>\n<p id=\"blanco\"><span class=\"rojo\">Perfume:<\/span> Tom Ford Oud Wood<\/p>\n<p id=\"blanco\"><span class=\"rojo\">Joya:<\/span> Valentino<\/p>\n<p id=\"blanco\"><span class=\"rojo\">Aficiones:<\/span> Gimnasio, moda, teatro, lectura, yoga, meditaci\u00f3n y viajar<\/p>\n<p id=\"blanco\"><span class=\"rojo\">Idiomas:<\/span> Espa\u00f1ol, ingl\u00e9s, italiano y franc\u00e9s<\/p>\n<p>[\/vc_column_text]<div class=\"ult-spacer spacer-69fa1b7901245\" data-id=\"69fa1b7901245\" data-height=\"20\" data-height-mobile=\"20\" data-height-tab=\"20\" data-height-tab-portrait=\"\" data-height-mobile-landscape=\"\" style=\"clear:both;display:block;\"><\/div>[\/vc_column_inner][\/vc_row_inner][\/vc_column][\/vc_row][vc_row full_width=&#8221;stretch_row&#8221; bg_type=&#8221;bg_color&#8221; bg_override=&#8221;full&#8221; css=&#8221;.vc_custom_1635254849846{background-image: url(https:\/\/paulgems.com\/wp-content\/uploads\/2021\/10\/cabecera-home.jpg?id=13511) !important;background-position: center !important;background-repeat: no-repeat !important;background-size: cover !important;}&#8221; el_id=&#8221;servicios&#8221; bg_color_value=&#8221;rgba(0,0,0,0.8)&#8221;][vc_column]<div class=\"ult-spacer spacer-69fa1b7901259\" data-id=\"69fa1b7901259\" data-height=\"50\" data-height-mobile=\"50\" data-height-tab=\"50\" data-height-tab-portrait=\"\" data-height-mobile-landscape=\"\" style=\"clear:both;display:block;\"><\/div><div id=\"ultimate-heading-265869fa1b7901275\" class=\"uvc-heading ult-adjust-bottom-margin ultimate-heading-265869fa1b7901275 uvc-8009 \" data-hspacer=\"no_spacer\"  data-halign=\"center\" style=\"text-align:center\"><div class=\"uvc-heading-spacer no_spacer\" style=\"top\"><\/div><div class=\"uvc-main-heading ult-responsive\"  data-ultimate-target='.uvc-heading.ultimate-heading-265869fa1b7901275 h2'  data-responsive-json-new='{\"font-size\":\"desktop:50px;\",\"line-height\":\"\"}' ><h2 style=\"font-family:&#039;Ephesis&#039;;font-weight:normal;color:#ffffff;\">Servicios<\/h2><\/div><\/div><div class=\"ult-spacer spacer-69fa1b79012aa\" data-id=\"69fa1b79012aa\" data-height=\"50\" data-height-mobile=\"50\" data-height-tab=\"50\" data-height-tab-portrait=\"\" data-height-mobile-landscape=\"\" style=\"clear:both;display:block;\"><\/div>[vc_raw_html]JTNDZGl2JTIwaWQlM0QlMjJudWJlVGFncyUyMiUzRSUzQyUyRmRpdiUzRQ==[\/vc_raw_html][vc_separator color=&#8221;custom&#8221; border_width=&#8221;2&#8243; el_width=&#8221;70&#8243; accent_color=&#8221;#891c23&#8243;][vc_column_text]<\/p>\n<p class=\"nota\" style=\"text-align: center;\">NOTA: Paul Gems Elite Models Madrid, ofrece un servicio exclusivo como acompa\u00f1antes de lujo, toda interacci\u00f3n \u00edntima que pueda transcurrir durante la cita ser\u00e1 de mutuo acuerdo y consensuado entre ambas partes, el caballero y la acompa\u00f1ante, para que la cita salga a la perfecci\u00f3n. ALGUNOS de los servicios tienen un plus extra acordado con la se\u00f1orita ( a consultar con ella).<\/p>\n<p>[\/vc_column_text]<div class=\"ult-spacer spacer-69fa1b79012bf\" data-id=\"69fa1b79012bf\" data-height=\"25\" data-height-mobile=\"25\" data-height-tab=\"25\" data-height-tab-portrait=\"\" data-height-mobile-landscape=\"\" style=\"clear:both;display:block;\"><\/div>[vc_raw_js]JTNDc2NyaXB0JTNFJTIwJTBBJTI4ZnVuY3Rpb24lMjglMjQlMjklMjAlN0IlMEElMEElMEElMjAlMjQlMjglMjIudGFnZ2VkX2FzJTIwYSUyMiUyOS5lYWNoJTI4ZnVuY3Rpb24lMjglMjklN0IlMEElMjAlMjAlMjAlMjAlMjAlMjAlMjAlMEElMjAlMjAlMjAlMjAlMjAlMjAlMjB2YXIlMjBtaXRhZyUzRCUyMiUzQ3AlMjBjbGFzcyUzRCUyNyUyNyUzRSUyMiUyQiUyMCUyNCUyOHRoaXMlMjkuaHRtbCUyOCUyOSUyQiUyMCUyMiUzQyUyRnAlM0UlMjIlM0IlMEElMjAlMjAlMjAlMjAlMjAlMjAlMjAlMjAlMjAlMjQlMjglMjIlMjNudWJlVGFncyUyMiUyOS5wcmVwZW5kJTI4JTIwbWl0YWclMjklM0IlMEElMjAlMjAlMjAlMjAlN0QlMjklM0IlMEElN0QlMjklMjhqUXVlcnklMjklM0IlMEElMEElMjAlM0MlMkZzY3JpcHQlM0U=[\/vc_raw_js][\/vc_column][\/vc_row][vc_row][vc_column]<div class=\"ult-spacer spacer-69fa1b79012d2\" data-id=\"69fa1b79012d2\" data-height=\"25\" data-height-mobile=\"25\" data-height-tab=\"25\" data-height-tab-portrait=\"\" data-height-mobile-landscape=\"\" style=\"clear:both;display:block;\"><\/div><div id=\"ultimate-heading-22369fa1b79012f8\" class=\"uvc-heading ult-adjust-bottom-margin ultimate-heading-22369fa1b79012f8 uvc-1780 sinmbotton\" data-hspacer=\"line_only\"  data-halign=\"center\" style=\"text-align:center\"><div class=\"uvc-main-heading ult-responsive\"  data-ultimate-target='.uvc-heading.ultimate-heading-22369fa1b79012f8 h2'  data-responsive-json-new='{\"font-size\":\"desktop:30px;\",\"line-height\":\"\"}' ><h2 style=\"font-family:&#039;Cormorant Garamond&#039;;font-weight:600;color:#891c23;\">Disponibilidad<\/h2><\/div><div class=\"uvc-heading-spacer line_only\" style=\"topheight:1px;\"><span class=\"uvc-headings-line\" style=\"border-style:solid;border-bottom-width:1px;border-color:#891c23;width:170px;\"><\/span><\/div><\/div><div class=\"ult-spacer spacer-69fa1b7901327\" data-id=\"69fa1b7901327\" data-height=\"25\" data-height-mobile=\"25\" data-height-tab=\"25\" data-height-tab-portrait=\"\" data-height-mobile-landscape=\"\" style=\"clear:both;display:block;\"><\/div>[vc_row_inner][vc_column_inner][vc_column_text]<\/p>\n<p class=\"disponibilidad mb-0\">\u00a0Para concretar una cita con la se\u00f1orita, hay que avisar con antelaci\u00f3n para ver la disponibilidad y \u00a0que se prepare para ir a la cita con 1 hora y media m\u00ednimo de antelaci\u00f3n<\/p>\n<p>[\/vc_column_text][\/vc_column_inner][\/vc_row_inner]<div class=\"ult-spacer spacer-69fa1b790133a\" data-id=\"69fa1b790133a\" data-height=\"25\" data-height-mobile=\"25\" data-height-tab=\"25\" data-height-tab-portrait=\"\" data-height-mobile-landscape=\"\" style=\"clear:both;display:block;\"><\/div>[\/vc_column][\/vc_row][vc_row][vc_column]<div class=\"ult-spacer spacer-69fa1b790134f\" data-id=\"69fa1b790134f\" data-height=\"25\" data-height-mobile=\"25\" data-height-tab=\"25\" data-height-tab-portrait=\"\" data-height-mobile-landscape=\"\" style=\"clear:both;display:block;\"><\/div><div id=\"ultimate-heading-397469fa1b790136b\" class=\"uvc-heading ult-adjust-bottom-margin ultimate-heading-397469fa1b790136b uvc-8896 \" data-hspacer=\"no_spacer\"  data-halign=\"left\" style=\"text-align:left\"><div class=\"uvc-heading-spacer no_spacer\" style=\"top\"><\/div><div class=\"uvc-main-heading ult-responsive\"  data-ultimate-target='.uvc-heading.ultimate-heading-397469fa1b790136b h2'  data-responsive-json-new='{\"font-size\":\"desktop:30px;\",\"line-height\":\"\"}' ><h2 style=\"font-family:&#039;Cormorant Garamond&#039;;font-weight:normal;color:#676767;\">Datos de importancia<\/h2><\/div><\/div><div class=\"ult-spacer spacer-69fa1b7901398\" data-id=\"69fa1b7901398\" data-height=\"25\" data-height-mobile=\"25\" data-height-tab=\"25\" data-height-tab-portrait=\"\" data-height-mobile-landscape=\"\" style=\"clear:both;display:block;\"><\/div>[vc_column_text]Fotos 100% reales, disfruta de una experiencia real con mujeres reales tan bellas como interesantes.<\/p>\n<p>El abono de la tarifa de su cita se abonar\u00e1 por adelantado, en efectivo y directamente a la se\u00f1orita, a ser posible en Euros, si no es as\u00ed deber\u00e1 informar a la agencia para concretar el cambio a la moneda nacional.<\/p>\n<p>Si el cliente\/a desea concretar un viaje con alguna\/o de nuestras\/os chicas\/os se abonar\u00e1 el 50 % del viaje por adelantado y el total de los gastos del viaje del\/ la acompa\u00f1ante, al menos 4 d\u00edas laborables al desplazamiento, mediante transferencia bancaria u otros ingresos similares. Dej\u00e1ndonos las fechas de ida y regreso, destino y hospedaje de la se\u00f1orita o chico.[\/vc_column_text][\/vc_column][\/vc_row][vc_row css=&#8221;.vc_custom_1634904782330{padding-top: 50px !important;padding-bottom: 50px !important;}&#8221;][vc_column]<div class=\"ult-spacer spacer-69fa1b79013b9\" data-id=\"69fa1b79013b9\" data-height=\"25\" data-height-mobile=\"25\" data-height-tab=\"25\" data-height-tab-portrait=\"\" data-height-mobile-landscape=\"\" style=\"clear:both;display:block;\"><\/div><div id=\"ultimate-heading-504269fa1b79013ea\" class=\"uvc-heading ult-adjust-bottom-margin ultimate-heading-504269fa1b79013ea uvc-324 \" data-hspacer=\"no_spacer\"  data-halign=\"center\" style=\"text-align:center\"><div class=\"uvc-heading-spacer no_spacer\" style=\"top\"><\/div><div class=\"uvc-sub-heading ult-responsive\"  data-ultimate-target='.uvc-heading.ultimate-heading-504269fa1b79013ea .uvc-sub-heading '  data-responsive-json-new='{\"font-size\":\"desktop:50px;tablet_portrait:40px;\",\"line-height\":\"desktop:34px;\"}'  style=\"font-family:&#039;Ephesis&#039;;font-weight:normal;color:#891c23;\">\u00abNuestro sello de presentaci\u00f3n, la excelencia\u00bb<\/p>\n<p>\u00abNuestro objetivo, alcanzar tus expectativas\u00bb<\/div><\/div><div class=\"ult-spacer spacer-69fa1b790141e\" data-id=\"69fa1b790141e\" data-height=\"25\" data-height-mobile=\"25\" data-height-tab=\"25\" data-height-tab-portrait=\"\" data-height-mobile-landscape=\"\" style=\"clear:both;display:block;\"><\/div>[\/vc_column][\/vc_row]<\/p>\n<\/div>","protected":false},"excerpt":{"rendered":"<p>[vc_row][vc_column][vc_column_text css=&#8221;&#8221;]Nicole la se\u00f1orita de compa\u00f1\u00eda m\u00e1s completa de la capital, un lujo al alcance de los caballeros m\u00e1s selectos, que aprecian la belleza, la sofisticaci\u00f3n, la elegancia, la inteligencia y la simpat\u00eda natural de una jovencita, tan atractiva como interesante. En cada encuentro en cada cita sabe \u00a0estar a la altura, conectar con cada [&hellip;]<\/p>\n","protected":false},"featured_media":19855,"comment_status":"open","ping_status":"closed","template":"","meta":[],"product_brand":[],"product_cat":[153,324,382,406,24,25,70],"product_tag":[351,352,353,354,355,357],"class_list":{"0":"post-13987","1":"product","2":"type-product","3":"status-publish","4":"has-post-thumbnail","6":"product_cat-100-natural","7":"product_cat-1-79-cm-estatura","8":"product_cat-silver","9":"product_cat-madrid-localidad","10":"product_cat-escorts-madrid","11":"product_cat-portada","12":"product_cat-modelo","13":"product_tag-acompanante-vip-para-eventos-y-reuniones","14":"product_tag-acompanante-vip-viajes-internacionales","15":"product_tag-acompanante-vip-social","16":"product_tag-acompanante-vip-para-cenas","17":"product_tag-acompanante-vip-viajes-nacionales","18":"product_tag-acompanante-vip-trato-gfe","20":"first","21":"instock","22":"shipping-taxable","23":"product-type-simple"},"yoast_head":"<!-- This site is optimized with the Yoast SEO plugin v26.3 - https:\/\/yoast.com\/wordpress\/plugins\/seo\/ -->\n<title>Nicole -<\/title>\n<meta name=\"robots\" content=\"index, follow, max-snippet:-1, max-image-preview:large, max-video-preview:-1\" \/>\n<link rel=\"canonical\" href=\"https:\/\/paulgems.com\/escorts\/niclole0\/\" \/>\n<meta property=\"og:locale\" content=\"en_US\" \/>\n<meta property=\"og:type\" content=\"article\" \/>\n<meta property=\"og:title\" content=\"Nicole -\" \/>\n<meta property=\"og:description\" content=\"[vc_row][vc_column][vc_column_text css=&#8221;&#8221;]Nicole la se\u00f1orita de compa\u00f1\u00eda m\u00e1s completa de la capital, un lujo al alcance de los caballeros m\u00e1s selectos, que aprecian la belleza, la sofisticaci\u00f3n, la elegancia, la inteligencia y la simpat\u00eda natural de una jovencita, tan atractiva como interesante. En cada encuentro en cada cita sabe \u00a0estar a la altura, conectar con cada [&hellip;]\" \/>\n<meta property=\"og:url\" content=\"https:\/\/paulgems.com\/escorts\/niclole0\/\" \/>\n<meta property=\"article:modified_time\" content=\"2026-04-02T18:15:44+00:00\" \/>\n<meta property=\"og:image\" content=\"https:\/\/paulgems.com\/wp-content\/uploads\/2021\/12\/vip1.jpg\" \/>\n\t<meta property=\"og:image:width\" content=\"650\" \/>\n\t<meta property=\"og:image:height\" content=\"975\" \/>\n\t<meta property=\"og:image:type\" content=\"image\/jpeg\" \/>\n<meta name=\"twitter:card\" content=\"summary_large_image\" \/>\n<meta name=\"twitter:label1\" content=\"Est. reading time\" \/>\n\t<meta name=\"twitter:data1\" content=\"4 minutes\" \/>\n<script type=\"application\/ld+json\" class=\"yoast-schema-graph\">{\"@context\":\"https:\/\/schema.org\",\"@graph\":[{\"@type\":\"WebPage\",\"@id\":\"https:\/\/paulgems.com\/escorts\/niclole0\/\",\"url\":\"https:\/\/paulgems.com\/escorts\/niclole0\/\",\"name\":\"Nicole -\",\"isPartOf\":{\"@id\":\"https:\/\/paulgems.com\/#website\"},\"primaryImageOfPage\":{\"@id\":\"https:\/\/paulgems.com\/escorts\/niclole0\/#primaryimage\"},\"image\":{\"@id\":\"https:\/\/paulgems.com\/escorts\/niclole0\/#primaryimage\"},\"thumbnailUrl\":\"https:\/\/paulgems.com\/wp-content\/uploads\/2021\/12\/vip1.jpg\",\"datePublished\":\"1980-01-19T19:44:59+00:00\",\"dateModified\":\"2026-04-02T18:15:44+00:00\",\"breadcrumb\":{\"@id\":\"https:\/\/paulgems.com\/escorts\/niclole0\/#breadcrumb\"},\"inLanguage\":\"en-US\",\"potentialAction\":[{\"@type\":\"ReadAction\",\"target\":[\"https:\/\/paulgems.com\/escorts\/niclole0\/\"]}]},{\"@type\":\"ImageObject\",\"inLanguage\":\"en-US\",\"@id\":\"https:\/\/paulgems.com\/escorts\/niclole0\/#primaryimage\",\"url\":\"https:\/\/paulgems.com\/wp-content\/uploads\/2021\/12\/vip1.jpg\",\"contentUrl\":\"https:\/\/paulgems.com\/wp-content\/uploads\/2021\/12\/vip1.jpg\",\"width\":650,\"height\":975},{\"@type\":\"BreadcrumbList\",\"@id\":\"https:\/\/paulgems.com\/escorts\/niclole0\/#breadcrumb\",\"itemListElement\":[{\"@type\":\"ListItem\",\"position\":1,\"name\":\"Portada\",\"item\":\"https:\/\/paulgems.com\/en\/\"},{\"@type\":\"ListItem\",\"position\":2,\"name\":\"Productos\",\"item\":\"https:\/\/paulgems.com\/shop\/\"},{\"@type\":\"ListItem\",\"position\":3,\"name\":\"Nicole\"}]},{\"@type\":\"WebSite\",\"@id\":\"https:\/\/paulgems.com\/#website\",\"url\":\"https:\/\/paulgems.com\/\",\"name\":\"\",\"description\":\"\",\"potentialAction\":[{\"@type\":\"SearchAction\",\"target\":{\"@type\":\"EntryPoint\",\"urlTemplate\":\"https:\/\/paulgems.com\/?s={search_term_string}\"},\"query-input\":{\"@type\":\"PropertyValueSpecification\",\"valueRequired\":true,\"valueName\":\"search_term_string\"}}],\"inLanguage\":\"en-US\"}]}<\/script>\n<!-- \/ Yoast SEO plugin. -->","yoast_head_json":{"title":"Nicole -","robots":{"index":"index","follow":"follow","max-snippet":"max-snippet:-1","max-image-preview":"max-image-preview:large","max-video-preview":"max-video-preview:-1"},"canonical":"https:\/\/paulgems.com\/escorts\/niclole0\/","og_locale":"en_US","og_type":"article","og_title":"Nicole -","og_description":"[vc_row][vc_column][vc_column_text css=&#8221;&#8221;]Nicole la se\u00f1orita de compa\u00f1\u00eda m\u00e1s completa de la capital, un lujo al alcance de los caballeros m\u00e1s selectos, que aprecian la belleza, la sofisticaci\u00f3n, la elegancia, la inteligencia y la simpat\u00eda natural de una jovencita, tan atractiva como interesante. En cada encuentro en cada cita sabe \u00a0estar a la altura, conectar con cada [&hellip;]","og_url":"https:\/\/paulgems.com\/escorts\/niclole0\/","article_modified_time":"2026-04-02T18:15:44+00:00","og_image":[{"width":650,"height":975,"url":"https:\/\/paulgems.com\/wp-content\/uploads\/2021\/12\/vip1.jpg","type":"image\/jpeg"}],"twitter_card":"summary_large_image","twitter_misc":{"Est. reading time":"4 minutes"},"schema":{"@context":"https:\/\/schema.org","@graph":[{"@type":"WebPage","@id":"https:\/\/paulgems.com\/escorts\/niclole0\/","url":"https:\/\/paulgems.com\/escorts\/niclole0\/","name":"Nicole -","isPartOf":{"@id":"https:\/\/paulgems.com\/#website"},"primaryImageOfPage":{"@id":"https:\/\/paulgems.com\/escorts\/niclole0\/#primaryimage"},"image":{"@id":"https:\/\/paulgems.com\/escorts\/niclole0\/#primaryimage"},"thumbnailUrl":"https:\/\/paulgems.com\/wp-content\/uploads\/2021\/12\/vip1.jpg","datePublished":"1980-01-19T19:44:59+00:00","dateModified":"2026-04-02T18:15:44+00:00","breadcrumb":{"@id":"https:\/\/paulgems.com\/escorts\/niclole0\/#breadcrumb"},"inLanguage":"en-US","potentialAction":[{"@type":"ReadAction","target":["https:\/\/paulgems.com\/escorts\/niclole0\/"]}]},{"@type":"ImageObject","inLanguage":"en-US","@id":"https:\/\/paulgems.com\/escorts\/niclole0\/#primaryimage","url":"https:\/\/paulgems.com\/wp-content\/uploads\/2021\/12\/vip1.jpg","contentUrl":"https:\/\/paulgems.com\/wp-content\/uploads\/2021\/12\/vip1.jpg","width":650,"height":975},{"@type":"BreadcrumbList","@id":"https:\/\/paulgems.com\/escorts\/niclole0\/#breadcrumb","itemListElement":[{"@type":"ListItem","position":1,"name":"Portada","item":"https:\/\/paulgems.com\/en\/"},{"@type":"ListItem","position":2,"name":"Productos","item":"https:\/\/paulgems.com\/shop\/"},{"@type":"ListItem","position":3,"name":"Nicole"}]},{"@type":"WebSite","@id":"https:\/\/paulgems.com\/#website","url":"https:\/\/paulgems.com\/","name":"","description":"","potentialAction":[{"@type":"SearchAction","target":{"@type":"EntryPoint","urlTemplate":"https:\/\/paulgems.com\/?s={search_term_string}"},"query-input":{"@type":"PropertyValueSpecification","valueRequired":true,"valueName":"search_term_string"}}],"inLanguage":"en-US"}]}},"_links":{"self":[{"href":"https:\/\/paulgems.com\/en\/wp-json\/wp\/v2\/product\/13987","targetHints":{"allow":["GET"]}}],"collection":[{"href":"https:\/\/paulgems.com\/en\/wp-json\/wp\/v2\/product"}],"about":[{"href":"https:\/\/paulgems.com\/en\/wp-json\/wp\/v2\/types\/product"}],"replies":[{"embeddable":true,"href":"https:\/\/paulgems.com\/en\/wp-json\/wp\/v2\/comments?post=13987"}],"wp:featuredmedia":[{"embeddable":true,"href":"https:\/\/paulgems.com\/en\/wp-json\/wp\/v2\/media\/19855"}],"wp:attachment":[{"href":"https:\/\/paulgems.com\/en\/wp-json\/wp\/v2\/media?parent=13987"}],"wp:term":[{"taxonomy":"product_brand","embeddable":true,"href":"https:\/\/paulgems.com\/en\/wp-json\/wp\/v2\/product_brand?post=13987"},{"taxonomy":"product_cat","embeddable":true,"href":"https:\/\/paulgems.com\/en\/wp-json\/wp\/v2\/product_cat?post=13987"},{"taxonomy":"product_tag","embeddable":true,"href":"https:\/\/paulgems.com\/en\/wp-json\/wp\/v2\/product_tag?post=13987"}],"curies":[{"name":"wp","href":"https:\/\/api.w.org\/{rel}","templated":true}]}}