{"id":2490,"date":"2016-08-18T15:31:13","date_gmt":"2016-08-18T15:31:13","guid":{"rendered":"https:\/\/paulgems.com\/escorts-acompanantes-vip-modelos-high-class-madrid\/"},"modified":"2021-11-27T11:00:07","modified_gmt":"2021-11-27T11:00:07","slug":"escorts-acompanantes-vip-modelos-high-class-madrid","status":"publish","type":"page","link":"https:\/\/paulgems.com\/en\/escorts-acompanantes-vip-modelos-high-class-madrid\/","title":{"rendered":"Modelos"},"content":{"rendered":"<div class=\"wpb-content-wrapper\"><p>[vc_row full_width=&#8221;stretch_row_content_no_spaces&#8221; full_height=&#8221;yes&#8221; text_align=&#8221;center&#8221; css=&#8221;.vc_custom_1635513402424{background-image: url(https:\/\/paulgems.com\/wp-content\/uploads\/2021\/10\/cabecera-scorts-web.png?id=13797) !important;background-position: center !important;background-repeat: no-repeat !important;background-size: cover !important;}&#8221;][vc_column]<div id=\"ultimate-heading-189469e77068da1c7\" class=\"uvc-heading ult-adjust-bottom-margin ultimate-heading-189469e77068da1c7 uvc-3156 \" data-hspacer=\"no_spacer\"  data-halign=\"center\" style=\"text-align:center\"><div class=\"uvc-heading-spacer no_spacer\" style=\"top\"><\/div><div class=\"uvc-main-heading ult-responsive\"  data-ultimate-target='.uvc-heading.ultimate-heading-189469e77068da1c7 h1'  data-responsive-json-new='{\"font-size\":\"desktop:70px;mobile_landscape:75px;\",\"line-height\":\"desktop:117px;mobile_landscape:80px;\"}' ><h1 style=\"font-family:&#039;Ephesis&#039;;font-weight:normal;color:#ffffff;\">Escorts Agency in Madrid<\/h1><\/div><\/div>[\/vc_column][\/vc_row][vc_row][vc_column]<div class=\"ult-spacer spacer-69e77068da272\" data-id=\"69e77068da272\" data-height=\"40\" data-height-mobile=\"40\" data-height-tab=\"40\" data-height-tab-portrait=\"\" data-height-mobile-landscape=\"\" style=\"clear:both;display:block;\"><\/div><div id=\"ultimate-heading-811169e77068da2c5\" class=\"uvc-heading ult-adjust-bottom-margin ultimate-heading-811169e77068da2c5 uvc-9818 \" data-hspacer=\"no_spacer\"  data-halign=\"left\" style=\"text-align:left\"><div class=\"uvc-heading-spacer no_spacer\" style=\"top\"><\/div><div class=\"uvc-main-heading ult-responsive\"  data-ultimate-target='.uvc-heading.ultimate-heading-811169e77068da2c5 h2'  data-responsive-json-new='{\"font-size\":\"desktop:50px;mobile_landscape:40px;\",\"line-height\":\"desktop:65px;mobile_landscape:55px;\"}' ><h2 style=\"font-family:&#039;Ephesis&#039;;font-weight:normal;color:#891c23;\">The Best High Class Escorts in Madrid<\/h2><\/div><\/div><div class=\"ult-spacer spacer-69e77068da336\" data-id=\"69e77068da336\" data-height=\"30\" data-height-mobile=\"30\" data-height-tab=\"30\" data-height-tab-portrait=\"\" data-height-mobile-landscape=\"\" style=\"clear:both;display:block;\"><\/div>[vc_column_text]<\/p>\n<p style=\"text-align: left;\">Enjoy their company and make your meeting an unforgettable experience. Our luxury escorts agency presents the most beautiful and attractive high class ladies in the city. We give you the guarantee of offering you the best VIPS escort service in Madrid, since all our model escorts go through a personal interview at our escort agency to verify each of their data and their presence during it.<\/p>\n<p style=\"text-align: left;\">Our escorts in Madrid are authentic beauties, educated and with a lot of knowing how to be. The perfect company for all kinds of situations, from meetings, romantic evenings, passion nights or parties with friends to business trips or vacations. Do not miss the opportunity to enjoy a wonderful time with any of these beauties. They will make you vibrate with excitement if the situation requires it and they will leave you with such a good taste in your mouth that you will want to repeat the experience as soon as possible.<\/p>\n<p>[\/vc_column_text]<div class=\"ult-spacer spacer-69e77068da367\" data-id=\"69e77068da367\" data-height=\"30\" data-height-mobile=\"30\" data-height-tab=\"30\" data-height-tab-portrait=\"\" data-height-mobile-landscape=\"\" style=\"clear:both;display:block;\"><\/div><div class=\" ubtn-ctn-center \"><button type=\"button\" id=\"ubtn-5615\"  class=\"ubtn ult-adjust-bottom-margin ult-responsive ubtn-normal ubtn-no-hover-bg  none  ubtn-center   tooltip-69e77068da3a6\"  data-hover=\"\" data-border-color=\"\" data-bg=\"#891c23\" data-hover-bg=\"\" data-border-hover=\"\" data-shadow-hover=\"\" data-shadow-click=\"none\" data-shadow=\"\" data-shd-shadow=\"\"  data-ultimate-target='#ubtn-5615'  data-responsive-json-new='{\"font-size\":\"desktop:22px;tablet:20px;\",\"line-height\":\"desktop:26px;\"}'  style=\"font-family:&#039;Cormorant Garamond&#039;;font-weight:500;border:none;background: #891c23;color: #ffffff;\"><span class=\"ubtn-hover\" style=\"background-color:\"><\/span><span class=\"ubtn-data ubtn-text \" >More High Standing Ladies<\/span><\/button><\/div><div class=\"ult-spacer spacer-69e77068da41d\" data-id=\"69e77068da41d\" data-height=\"40\" data-height-mobile=\"40\" data-height-tab=\"40\" data-height-tab-portrait=\"\" data-height-mobile-landscape=\"\" style=\"clear:both;display:block;\"><\/div>[\/vc_column][\/vc_row][vc_row][vc_column]<div class=\"woocommerce columns-3 \"><ul class=\"products products-container grid has-ccols has-ccols-spacing ccols-xl-3 ccols-lg-3 ccols-md-3 ccols-sm-2 ccols-2 pwidth-lg-3 pwidth-md-3 pwidth-xs-2 pwidth-ls-1 is-shortcode\"\r\n\t data-product_layout=\"product-default\" role=\"none\">\r\n\n<li class=\"product-col product-default product type-product post-3410 status-publish first instock product_cat-escorts-madrid-en product_cat-front has-post-thumbnail shipping-taxable product-type-simple\">\n<div class=\"product-inner\">\n\t<span class=\"category-list header\"><\/span>\n\t<div class=\"product-image\">\n\n\t\t<a  href=\"https:\/\/paulgems.com\/en\/escorts\/rebeca-new\/\">\n\t\t\t<div class=\"inner img-effect\"><img decoding=\"async\" width=\"352\" height=\"414\" src=\"https:\/\/paulgems.com\/wp-content\/uploads\/2018\/03\/editable-portada1.jpg\" class=\"attachment-woocommerce_thumbnail size-woocommerce_thumbnail\" alt=\"Rebeca NEW\" \/><img decoding=\"async\" width=\"355\" height=\"533\" src=\"https:\/\/paulgems.com\/wp-content\/uploads\/2018\/03\/Escorts-modelo-1-355x533.jpg\" class=\"hover-image\" alt=\"\" \/><\/div>\t\t<\/a>\n\t\t\t<\/div>\n\n\t<div class=\"product-content\">\n\t\t<span class=\"category-list footer\"><span class=\"categoria padre_48\"><\/span><span class=\"categoria padre_61\"><\/span><span class=\"categoria padre_53\"><\/span><\/span><span class=\"category-list\"><a href=\"https:\/\/paulgems.com\/en\/categoria-producto\/escorts-madrid-en\/\" rel=\"tag\">Women<\/a>, <a href=\"https:\/\/paulgems.com\/en\/categoria-producto\/front\/\" rel=\"tag\">Front<\/a><\/span>\n\t\t\t<a class=\"product-loop-title\"  href=\"https:\/\/paulgems.com\/en\/escorts\/rebeca-new\/\">\r\n\t<h3 class=\"woocommerce-loop-product__title\">Rebeca NEW<\/h3>\t<\/a>\r\n\t\n\t\t\r\n\r\n<div class=\"rating-wrap\">\r\n\t<div class=\"rating-content\"><div class=\"star-rating\" title=\"0\"><span style=\"width:0%\"><strong class=\"rating\">0<\/strong> out of 5<\/span><\/div><\/div>\r\n<\/div>\r\n\r\n\n\n\t\t\t<\/div>\n<\/div>\n<\/li>\n<\/ul>\r\n<\/div>[\/vc_column][\/vc_row][vc_row css=&#8221;.vc_custom_1634903571366{margin-bottom: 0px !important;padding-bottom: 0px !important;}&#8221; el_class=&#8221;nospace&#8221;][vc_column]<div class=\"ult-spacer spacer-69e77068e22d9\" data-id=\"69e77068e22d9\" data-height=\"40\" data-height-mobile=\"40\" data-height-tab=\"40\" data-height-tab-portrait=\"\" data-height-mobile-landscape=\"\" style=\"clear:both;display:block;\"><\/div><div id=\"ultimate-heading-31569e77068e232e\" class=\"uvc-heading ult-adjust-bottom-margin ultimate-heading-31569e77068e232e uvc-9310 \" data-hspacer=\"no_spacer\"  data-halign=\"left\" style=\"text-align:left\"><div class=\"uvc-heading-spacer no_spacer\" style=\"top\"><\/div><div class=\"uvc-main-heading ult-responsive\"  data-ultimate-target='.uvc-heading.ultimate-heading-31569e77068e232e h2'  data-responsive-json-new='{\"font-size\":\"desktop:50px;mobile_landscape:40px;\",\"line-height\":\"desktop:65px;mobile_landscape:55px;\"}' ><h2 style=\"font-family:&#039;Ephesis&#039;;font-weight:normal;color:#891c23;\">The best escorts in Madrid<\/h2><\/div><\/div><div class=\"ult-spacer spacer-69e77068e23bb\" data-id=\"69e77068e23bb\" data-height=\"30\" data-height-mobile=\"30\" data-height-tab=\"30\" data-height-tab-portrait=\"\" data-height-mobile-landscape=\"\" style=\"clear:both;display:block;\"><\/div>[vc_column_text]Thanks to our experience we have a very careful selection of <strong>VIPS escorts<\/strong>, with girls who are the dream of every man and that now you can enjoy. Perfect for a dinner, a social event, a business trip that you want to be unforgettable or any occasion you want to share with one of our <strong>luxury escorts in Madrid<\/strong>, but here we not only have luxury ladies, we also have a careful offer of <strong>luxury boys Madrid.<\/strong><\/p>\n<p>The capital is a place with much to offer, whether you live in Madrid or if you visit us, you have the best excuse to discover this city at the hands of a luxury company thanks to our <strong>escort agency in Madrid.<\/strong> If you need a moment of relaxation to forget about the routine, our <strong>VIP escorts in Madrid<\/strong> know how to make your problems leave you while you make your fantasies come true.<\/p>\n<p>It is the best time to enjoy a whim, in &#8220;Paul Gems&#8221; we simply put at your service the best escorts and models in the capital, come and meet them and discover the experience of enjoying with these heart-stopping women and high-class escorts that you will take your breath away.[\/vc_column_text]<div class=\"ult-spacer spacer-69e77068e23ec\" data-id=\"69e77068e23ec\" data-height=\"30\" data-height-mobile=\"30\" data-height-tab=\"30\" data-height-tab-portrait=\"\" data-height-mobile-landscape=\"\" style=\"clear:both;display:block;\"><\/div><div class=\" ubtn-ctn-center \"><button type=\"button\" id=\"ubtn-2349\"  class=\"ubtn ult-adjust-bottom-margin ult-responsive ubtn-normal ubtn-no-hover-bg  none  ubtn-center   tooltip-69e77068e2429\"  data-hover=\"\" data-border-color=\"\" data-bg=\"#891c23\" data-hover-bg=\"\" data-border-hover=\"\" data-shadow-hover=\"\" data-shadow-click=\"none\" data-shadow=\"\" data-shd-shadow=\"\"  data-ultimate-target='#ubtn-2349'  data-responsive-json-new='{\"font-size\":\"desktop:22px;mobile_landscape:20px;\",\"line-height\":\"desktop:26px;\"}'  style=\"font-family:&#039;Cormorant Garamond&#039;;font-weight:500;border:none;background: #891c23;color: #ffffff;\"><span class=\"ubtn-hover\" style=\"background-color:\"><\/span><span class=\"ubtn-data ubtn-text \" >More High Standing Ladies<\/span><\/button><\/div><div class=\"ult-spacer spacer-69e77068e2492\" data-id=\"69e77068e2492\" data-height=\"50\" data-height-mobile=\"50\" data-height-tab=\"50\" data-height-tab-portrait=\"\" data-height-mobile-landscape=\"\" style=\"clear:both;display:block;\"><\/div>[\/vc_column][\/vc_row][vc_row full_width=&#8221;stretch_row_content&#8221; content_placement=&#8221;middle&#8221; no_padding=&#8221;yes&#8221;][vc_column width=&#8221;1\/2&#8243; animation_delay=&#8221;400&#8243; css=&#8221;.vc_custom_1638010804189{background-image: url(https:\/\/paulgems.com\/wp-content\/uploads\/2021\/11\/scorts-img-web.png?id=14382) !important;background-position: center !important;background-repeat: no-repeat !important;background-size: cover !important;}&#8221;][vc_single_image image=&#8221;14874&#8243; img_size=&#8221;960&#215;640&#8243; el_class=&#8221;mb-0&#8243;][\/vc_column][vc_column width=&#8221;1\/2&#8243; animation_delay=&#8221;400&#8243; css=&#8221;.vc_custom_1634902408520{padding-top: 80px !important;padding-bottom: 80px !important;background-color: #000000 !important;}&#8221;][vc_row_inner][vc_column_inner el_class=&#8221;espaciofranjanegra&#8221; offset=&#8221;vc_col-md-offset-2 vc_col-md-8&#8243;]<div id=\"ultimate-heading-582169e77068e24d5\" class=\"uvc-heading ult-adjust-bottom-margin ultimate-heading-582169e77068e24d5 uvc-7554 \" data-hspacer=\"no_spacer\"  data-halign=\"left\" style=\"text-align:left\"><div class=\"uvc-heading-spacer no_spacer\" style=\"top\"><\/div><div class=\"uvc-main-heading ult-responsive\"  data-ultimate-target='.uvc-heading.ultimate-heading-582169e77068e24d5 h2'  data-responsive-json-new='{\"font-size\":\"desktop:50px;\",\"line-height\":\"desktop:65px;\"}' ><h2 style=\"font-family:&#039;Ephesis&#039;;font-weight:normal;color:#891c23;\">Who we are?<\/h2><\/div><div class=\"uvc-sub-heading ult-responsive\"  data-ultimate-target='.uvc-heading.ultimate-heading-582169e77068e24d5 .uvc-sub-heading '  data-responsive-json-new='{\"font-size\":\"desktop:30px;tablet:27px;\",\"line-height\":\"desktop:37px;\"}'  style=\"font-family:&#039;Cormorant Garamond&#039;;font-weight:normal;color:#676767;\">Escorts Agency in Madrid<\/div><\/div><div class=\"ult-spacer spacer-69e77068e253f\" data-id=\"69e77068e253f\" data-height=\"20\" data-height-mobile=\"20\" data-height-tab=\"20\" data-height-tab-portrait=\"\" data-height-mobile-landscape=\"\" style=\"clear:both;display:block;\"><\/div>[vc_column_text]<\/p>\n<p class=\"blanco\">Welcome to Paul Gems, we are an escort agency in Madrid, with the best company girls in the capital of Spain, all of them are current women who combine this job with another profession or studies. Each of our escorts is characterized by being discreet, elegant, of singular beauty and with an attractive and dynamic character. Our luxury companions have an exquisite education to be able to be up to any situation, so, in addition to being experts in sex and fantastic company ladies, the treatment they have is a large part of the most complete escort service high level that we at Paul Gems can offer you.<\/p>\n<p>[\/vc_column_text]<div class=\"ult-spacer spacer-69e77068e256a\" data-id=\"69e77068e256a\" data-height=\"20\" data-height-mobile=\"20\" data-height-tab=\"20\" data-height-tab-portrait=\"\" data-height-mobile-landscape=\"\" style=\"clear:both;display:block;\"><\/div><div class=\" ubtn-ctn-left \"><button type=\"button\" id=\"ubtn-9330\"  class=\"ubtn ult-adjust-bottom-margin ult-responsive ubtn-normal ubtn-no-hover-bg  none  ubtn-left   tooltip-69e77068e259c\"  data-hover=\"\" data-border-color=\"\" data-bg=\"#891c23\" data-hover-bg=\"\" data-border-hover=\"\" data-shadow-hover=\"\" data-shadow-click=\"none\" data-shadow=\"\" data-shd-shadow=\"\"  data-ultimate-target='#ubtn-9330'  data-responsive-json-new='{\"font-size\":\"desktop:22px;tablet:20px;\",\"line-height\":\"desktop:26px;\"}'  style=\"font-family:&#039;Cormorant Garamond&#039;;font-weight:500;border:none;background: #891c23;color: #ffffff;\"><span class=\"ubtn-hover\" style=\"background-color:\"><\/span><span class=\"ubtn-data ubtn-text \" >More High Standing Ladies<\/span><\/button><\/div>[\/vc_column_inner][\/vc_row_inner][\/vc_column][\/vc_row][vc_row css=&#8221;.vc_custom_1634903571366{margin-bottom: 0px !important;padding-bottom: 0px !important;}&#8221; el_class=&#8221;nospace&#8221;][vc_column]<div class=\"ult-spacer spacer-69e77068e25f3\" data-id=\"69e77068e25f3\" data-height=\"50\" data-height-mobile=\"50\" data-height-tab=\"50\" data-height-tab-portrait=\"\" data-height-mobile-landscape=\"\" style=\"clear:both;display:block;\"><\/div><div id=\"ultimate-heading-282669e77068e262d\" class=\"uvc-heading ult-adjust-bottom-margin ultimate-heading-282669e77068e262d uvc-803 \" data-hspacer=\"no_spacer\"  data-halign=\"left\" style=\"text-align:left\"><div class=\"uvc-heading-spacer no_spacer\" style=\"top\"><\/div><div class=\"uvc-main-heading ult-responsive\"  data-ultimate-target='.uvc-heading.ultimate-heading-282669e77068e262d h2'  data-responsive-json-new='{\"font-size\":\"desktop:50px;mobile_landscape:40px;\",\"line-height\":\"desktop:65px;mobile_landscape:55px;\"}' ><h2 style=\"font-family:&#039;Ephesis&#039;;font-weight:normal;color:#891c23;\">Luxury Gigolos services in Madrid<\/h2><\/div><\/div><div class=\"ult-spacer spacer-69e77068e2686\" data-id=\"69e77068e2686\" data-height=\"30\" data-height-mobile=\"30\" data-height-tab=\"30\" data-height-tab-portrait=\"\" data-height-mobile-landscape=\"\" style=\"clear:both;display:block;\"><\/div>[vc_column_text]<\/p>\n<p style=\"text-align: justify;\">At Paul Gems we also offer you a complete service of models and <strong>gigolos in Madrid<\/strong> willing to please both women and men. Our company men are at your disposal at all times so that you can dare to do what you have always wanted.<\/p>\n<p style=\"text-align: justify;\">If you have a fantasy and want to make it come true either with a man or a spectacular woman, our agency guarantees you the <strong>MAXIMUM DISCRETION.<\/strong> Visit our catalog of models, our escorts are ready to accompany you and please you, ask them for what you want and enjoy as you have never done before.<\/p>\n<p>[\/vc_column_text]<div class=\" ubtn-ctn-center \"><button type=\"button\" id=\"ubtn-6391\"  class=\"ubtn ult-adjust-bottom-margin ult-responsive ubtn-normal ubtn-no-hover-bg  none  ubtn-center   tooltip-69e77068e26b9\"  data-hover=\"\" data-border-color=\"\" data-bg=\"#891c23\" data-hover-bg=\"\" data-border-hover=\"\" data-shadow-hover=\"\" data-shadow-click=\"none\" data-shadow=\"\" data-shd-shadow=\"\"  data-ultimate-target='#ubtn-6391'  data-responsive-json-new='{\"font-size\":\"desktop:22px;mobile_landscape:20px;\",\"line-height\":\"desktop:26px;\"}'  style=\"font-family:&#039;Cormorant Garamond&#039;;font-weight:500;border:none;background: #891c23;color: #ffffff;\"><span class=\"ubtn-hover\" style=\"background-color:\"><\/span><span class=\"ubtn-data ubtn-text \" >More High Standing Ladies<\/span><\/button><\/div><div class=\"ult-spacer spacer-69e77068e270a\" data-id=\"69e77068e270a\" data-height=\"50\" data-height-mobile=\"50\" data-height-tab=\"50\" data-height-tab-portrait=\"\" data-height-mobile-landscape=\"\" style=\"clear:both;display:block;\"><\/div>[\/vc_column][\/vc_row][vc_row full_width=&#8221;stretch_row_content_no_spaces&#8221; full_height=&#8221;yes&#8221; text_align=&#8221;center&#8221; css=&#8221;.vc_custom_1635513562091{background-image: url(https:\/\/paulgems.com\/wp-content\/uploads\/2021\/10\/footer-web.png?id=13794) !important;background-position: center !important;background-repeat: no-repeat !important;background-size: cover !important;}&#8221;][vc_column]<div id=\"ultimate-heading-193869e77068e274a\" class=\"uvc-heading ult-adjust-bottom-margin ultimate-heading-193869e77068e274a uvc-8997 \" data-hspacer=\"no_spacer\"  data-halign=\"center\" style=\"text-align:center\"><div class=\"uvc-heading-spacer no_spacer\" style=\"top\"><\/div><div class=\"uvc-main-heading ult-responsive\"  data-ultimate-target='.uvc-heading.ultimate-heading-193869e77068e274a h2'  data-responsive-json-new='{\"font-size\":\"desktop:180px;tablet:160px;tablet_portrait:150px;mobile_landscape:80px;\",\"line-height\":\"desktop:234px;mobile_landscape:85px;\"}' ><h2 style=\"font-family:&#039;Ephesis&#039;;font-weight:normal;color:#ffffff;\">We wait for you...<\/h2><\/div><\/div>[\/vc_column][\/vc_row]<\/p>\n<\/div>","protected":false},"excerpt":{"rendered":"<p>[vc_row full_width=&#8221;stretch_row_content_no_spaces&#8221; full_height=&#8221;yes&#8221; text_align=&#8221;center&#8221; css=&#8221;.vc_custom_1635513402424{background-image: url(https:\/\/paulgems.com\/wp-content\/uploads\/2021\/10\/cabecera-scorts-web.png?id=13797) !important;background-position: center !important;background-repeat: no-repeat !important;background-size: cover !important;}&#8221;][vc_column][\/vc_column][\/vc_row][vc_row][vc_column][vc_column_text] Enjoy their company and make your meeting an unforgettable experience. Our luxury escorts agency presents the most beautiful and attractive high class ladies in the city. We give you the guarantee of offering you the best VIPS escort service in Madrid, since [&hellip;]<\/p>\n","protected":false},"author":1,"featured_media":0,"parent":0,"menu_order":0,"comment_status":"closed","ping_status":"closed","template":"","meta":{"footnotes":""},"class_list":["post-2490","page","type-page","status-publish","hentry"],"yoast_head":"<!-- This site is optimized with the Yoast SEO plugin v26.3 - https:\/\/yoast.com\/wordpress\/plugins\/seo\/ -->\n<title>Escorts high class, acompa\u00f1antes modelos vips, alto standing Madrid<\/title>\n<meta name=\"description\" content=\"Tu encuentro inolvidable con nuestras escorts modelos, escorts high class, escorts de alto standing y acompa\u00f1antes vips en Madrid, disfruta de una grata compa\u00f1\u00eda\" \/>\n<meta name=\"robots\" content=\"index, follow, max-snippet:-1, max-image-preview:large, max-video-preview:-1\" \/>\n<link rel=\"canonical\" href=\"https:\/\/paulgems.com\/en\/escorts-acompanantes-vip-modelos\/\" \/>\n<meta property=\"og:locale\" content=\"en_US\" \/>\n<meta property=\"og:type\" content=\"article\" \/>\n<meta property=\"og:title\" content=\"Escorts high class, acompa\u00f1antes modelos vips, alto standing Madrid\" \/>\n<meta property=\"og:description\" content=\"Tu encuentro inolvidable con nuestras escorts modelos, escorts high class, escorts de alto standing y acompa\u00f1antes vips en Madrid, disfruta de una grata compa\u00f1\u00eda\" \/>\n<meta property=\"og:url\" content=\"https:\/\/paulgems.com\/en\/escorts-acompanantes-vip-modelos\/\" \/>\n<meta property=\"article:modified_time\" content=\"2021-11-27T11:00:07+00:00\" \/>\n<meta name=\"twitter:card\" content=\"summary_large_image\" \/>\n<meta name=\"twitter:label1\" content=\"Est. reading time\" \/>\n\t<meta name=\"twitter:data1\" content=\"4 minutes\" \/>\n<script type=\"application\/ld+json\" class=\"yoast-schema-graph\">{\"@context\":\"https:\/\/schema.org\",\"@graph\":[{\"@type\":\"WebPage\",\"@id\":\"https:\/\/paulgems.com\/en\/escorts-acompanantes-vip-modelos\/\",\"url\":\"https:\/\/paulgems.com\/en\/escorts-acompanantes-vip-modelos\/\",\"name\":\"Escorts high class, acompa\u00f1antes modelos vips, alto standing Madrid\",\"isPartOf\":{\"@id\":\"https:\/\/paulgems.com\/#website\"},\"datePublished\":\"2016-08-18T15:31:13+00:00\",\"dateModified\":\"2021-11-27T11:00:07+00:00\",\"description\":\"Tu encuentro inolvidable con nuestras escorts modelos, escorts high class, escorts de alto standing y acompa\u00f1antes vips en Madrid, disfruta de una grata compa\u00f1\u00eda\",\"breadcrumb\":{\"@id\":\"https:\/\/paulgems.com\/en\/escorts-acompanantes-vip-modelos\/#breadcrumb\"},\"inLanguage\":\"en-US\",\"potentialAction\":[{\"@type\":\"ReadAction\",\"target\":[\"https:\/\/paulgems.com\/en\/escorts-acompanantes-vip-modelos\/\"]}]},{\"@type\":\"BreadcrumbList\",\"@id\":\"https:\/\/paulgems.com\/en\/escorts-acompanantes-vip-modelos\/#breadcrumb\",\"itemListElement\":[{\"@type\":\"ListItem\",\"position\":1,\"name\":\"Portada\",\"item\":\"https:\/\/paulgems.com\/en\/\"},{\"@type\":\"ListItem\",\"position\":2,\"name\":\"Modelos\"}]},{\"@type\":\"WebSite\",\"@id\":\"https:\/\/paulgems.com\/#website\",\"url\":\"https:\/\/paulgems.com\/\",\"name\":\"\",\"description\":\"\",\"potentialAction\":[{\"@type\":\"SearchAction\",\"target\":{\"@type\":\"EntryPoint\",\"urlTemplate\":\"https:\/\/paulgems.com\/?s={search_term_string}\"},\"query-input\":{\"@type\":\"PropertyValueSpecification\",\"valueRequired\":true,\"valueName\":\"search_term_string\"}}],\"inLanguage\":\"en-US\"}]}<\/script>\n<!-- \/ Yoast SEO plugin. -->","yoast_head_json":{"title":"Escorts high class, acompa\u00f1antes modelos vips, alto standing Madrid","description":"Tu encuentro inolvidable con nuestras escorts modelos, escorts high class, escorts de alto standing y acompa\u00f1antes vips en Madrid, disfruta de una grata compa\u00f1\u00eda","robots":{"index":"index","follow":"follow","max-snippet":"max-snippet:-1","max-image-preview":"max-image-preview:large","max-video-preview":"max-video-preview:-1"},"canonical":"https:\/\/paulgems.com\/en\/escorts-acompanantes-vip-modelos\/","og_locale":"en_US","og_type":"article","og_title":"Escorts high class, acompa\u00f1antes modelos vips, alto standing Madrid","og_description":"Tu encuentro inolvidable con nuestras escorts modelos, escorts high class, escorts de alto standing y acompa\u00f1antes vips en Madrid, disfruta de una grata compa\u00f1\u00eda","og_url":"https:\/\/paulgems.com\/en\/escorts-acompanantes-vip-modelos\/","article_modified_time":"2021-11-27T11:00:07+00:00","twitter_card":"summary_large_image","twitter_misc":{"Est. reading time":"4 minutes"},"schema":{"@context":"https:\/\/schema.org","@graph":[{"@type":"WebPage","@id":"https:\/\/paulgems.com\/en\/escorts-acompanantes-vip-modelos\/","url":"https:\/\/paulgems.com\/en\/escorts-acompanantes-vip-modelos\/","name":"Escorts high class, acompa\u00f1antes modelos vips, alto standing Madrid","isPartOf":{"@id":"https:\/\/paulgems.com\/#website"},"datePublished":"2016-08-18T15:31:13+00:00","dateModified":"2021-11-27T11:00:07+00:00","description":"Tu encuentro inolvidable con nuestras escorts modelos, escorts high class, escorts de alto standing y acompa\u00f1antes vips en Madrid, disfruta de una grata compa\u00f1\u00eda","breadcrumb":{"@id":"https:\/\/paulgems.com\/en\/escorts-acompanantes-vip-modelos\/#breadcrumb"},"inLanguage":"en-US","potentialAction":[{"@type":"ReadAction","target":["https:\/\/paulgems.com\/en\/escorts-acompanantes-vip-modelos\/"]}]},{"@type":"BreadcrumbList","@id":"https:\/\/paulgems.com\/en\/escorts-acompanantes-vip-modelos\/#breadcrumb","itemListElement":[{"@type":"ListItem","position":1,"name":"Portada","item":"https:\/\/paulgems.com\/en\/"},{"@type":"ListItem","position":2,"name":"Modelos"}]},{"@type":"WebSite","@id":"https:\/\/paulgems.com\/#website","url":"https:\/\/paulgems.com\/","name":"","description":"","potentialAction":[{"@type":"SearchAction","target":{"@type":"EntryPoint","urlTemplate":"https:\/\/paulgems.com\/?s={search_term_string}"},"query-input":{"@type":"PropertyValueSpecification","valueRequired":true,"valueName":"search_term_string"}}],"inLanguage":"en-US"}]}},"_links":{"self":[{"href":"https:\/\/paulgems.com\/en\/wp-json\/wp\/v2\/pages\/2490","targetHints":{"allow":["GET"]}}],"collection":[{"href":"https:\/\/paulgems.com\/en\/wp-json\/wp\/v2\/pages"}],"about":[{"href":"https:\/\/paulgems.com\/en\/wp-json\/wp\/v2\/types\/page"}],"author":[{"embeddable":true,"href":"https:\/\/paulgems.com\/en\/wp-json\/wp\/v2\/users\/1"}],"replies":[{"embeddable":true,"href":"https:\/\/paulgems.com\/en\/wp-json\/wp\/v2\/comments?post=2490"}],"version-history":[{"count":13,"href":"https:\/\/paulgems.com\/en\/wp-json\/wp\/v2\/pages\/2490\/revisions"}],"predecessor-version":[{"id":14877,"href":"https:\/\/paulgems.com\/en\/wp-json\/wp\/v2\/pages\/2490\/revisions\/14877"}],"wp:attachment":[{"href":"https:\/\/paulgems.com\/en\/wp-json\/wp\/v2\/media?parent=2490"}],"curies":[{"name":"wp","href":"https:\/\/api.w.org\/{rel}","templated":true}]}}