{"id":2483,"date":"2017-02-16T14:35:07","date_gmt":"2017-02-16T14:35:07","guid":{"rendered":"https:\/\/paulgems.com\/duplex-lesbico\/"},"modified":"2021-11-15T09:56:14","modified_gmt":"2021-11-15T09:56:14","slug":"duplex-lesbico","status":"publish","type":"page","link":"https:\/\/paulgems.com\/en\/escorts-de-lujo-en-madrid-scortsservicios-chicas-de-lujo-senoritas-compania-mujeres\/duplex-lesbico\/","title":{"rendered":"D\u00faplex &#8211; l\u00e9sbico"},"content":{"rendered":"<div class=\"wpb-content-wrapper\"><p>[vc_row][vc_column width=&#8221;2\/3&#8243;][vc_column_text]<\/p>\n<h1><span style=\"color: #a0161e;\"><strong>ESCORTS &#8211; ESCORTS LESBIAN<\/strong><\/span><\/h1>\n<p>Make a <strong>duplex with escorts<\/strong> is the sexual fantasy that every man would like to make, and not with any young lady, but with the best <strong>Escorts Madrid Luxury.<\/strong> A <em>succession of erotic and sexual games that involve two beautiful women and that will take you to desire again and again to repeat this meeting.<\/em> Crossing of looks, caresses, kisses and much morbidity among the ladies and gentleman, <strong>the best escort duplex, with lesbian and bisexual escorts <\/strong>escorts in the capital.<\/p>\n<p>From Paul Gems Elite Escorts Madrid, we know the demand for this service and we know the tastes of customers.<\/p>\n<p>Two Spectacular women that will delight every one of the gentlemen who require this service. Open your eyes and don&#8217;t miss a single detail of the two girls. Each moment is an adrenaline rush and an opportunity to enjoy the pleasures of one of the most widespread fantasies among the men, <strong>the lesbian real<\/strong>.[\/vc_column_text][\/vc_column][vc_column width=&#8221;1\/3&#8243;][vc_single_image image=&#8221;2995&#8243; img_size=&#8221;medium&#8221;][\/vc_column][\/vc_row]<\/p>\n<\/div>","protected":false},"excerpt":{"rendered":"<p>[vc_row][vc_column width=&#8221;2\/3&#8243;][vc_column_text] ESCORTS &#8211; ESCORTS LESBIAN Make a duplex with escorts is the sexual fantasy that every man would like to make, and not with any young lady, but with the best Escorts Madrid Luxury. A succession of erotic and sexual games that involve two beautiful women and that will take you to desire again [&hellip;]<\/p>\n","protected":false},"author":1,"featured_media":0,"parent":2464,"menu_order":0,"comment_status":"closed","ping_status":"closed","template":"","meta":{"footnotes":""},"class_list":["post-2483","page","type-page","status-publish","hentry"],"yoast_head":"<!-- This site is optimized with the Yoast SEO plugin v26.3 - https:\/\/yoast.com\/wordpress\/plugins\/seo\/ -->\n<title>Escorts para d\u00faplex, l\u00e9sbico. Lesbianas, encuentro bisexual, 2 chicas<\/title>\n<meta name=\"description\" content=\"Escorts d\u00faplex, encuentro l\u00e9sbico doble con dos preciosas chicas de compa\u00f1\u00eda. Para lesbianas, parejas, mujeres y hombres que quieran una experiencia intensa\" \/>\n<meta name=\"robots\" content=\"index, follow, max-snippet:-1, max-image-preview:large, max-video-preview:-1\" \/>\n<link rel=\"canonical\" href=\"https:\/\/paulgems.com\/en\/escorts-de-lujo-en-madrid-scortsservicios-chicas-de-lujo-senoritas-compania-mujeres\/duplex-lesbico\/\" \/>\n<meta property=\"og:locale\" content=\"en_US\" \/>\n<meta property=\"og:type\" content=\"article\" \/>\n<meta property=\"og:title\" content=\"Escorts para d\u00faplex, l\u00e9sbico. Lesbianas, encuentro bisexual, 2 chicas\" \/>\n<meta property=\"og:description\" content=\"Escorts d\u00faplex, encuentro l\u00e9sbico doble con dos preciosas chicas de compa\u00f1\u00eda. Para lesbianas, parejas, mujeres y hombres que quieran una experiencia intensa\" \/>\n<meta property=\"og:url\" content=\"https:\/\/paulgems.com\/en\/escorts-de-lujo-en-madrid-scortsservicios-chicas-de-lujo-senoritas-compania-mujeres\/duplex-lesbico\/\" \/>\n<meta property=\"article:modified_time\" content=\"2021-11-15T09:56:14+00:00\" \/>\n<meta name=\"twitter:card\" content=\"summary_large_image\" \/>\n<meta name=\"twitter:label1\" content=\"Est. reading time\" \/>\n\t<meta name=\"twitter:data1\" content=\"1 minute\" \/>\n<script type=\"application\/ld+json\" class=\"yoast-schema-graph\">{\"@context\":\"https:\/\/schema.org\",\"@graph\":[{\"@type\":\"WebPage\",\"@id\":\"https:\/\/paulgems.com\/en\/escorts-de-lujo-en-madrid-scortsservicios-chicas-de-lujo-senoritas-compania-mujeres\/duplex-lesbico\/\",\"url\":\"https:\/\/paulgems.com\/en\/escorts-de-lujo-en-madrid-scortsservicios-chicas-de-lujo-senoritas-compania-mujeres\/duplex-lesbico\/\",\"name\":\"Escorts para d\u00faplex, l\u00e9sbico. Lesbianas, encuentro bisexual, 2 chicas\",\"isPartOf\":{\"@id\":\"https:\/\/paulgems.com\/#website\"},\"datePublished\":\"2017-02-16T14:35:07+00:00\",\"dateModified\":\"2021-11-15T09:56:14+00:00\",\"description\":\"Escorts d\u00faplex, encuentro l\u00e9sbico doble con dos preciosas chicas de compa\u00f1\u00eda. Para lesbianas, parejas, mujeres y hombres que quieran una experiencia intensa\",\"breadcrumb\":{\"@id\":\"https:\/\/paulgems.com\/en\/escorts-de-lujo-en-madrid-scortsservicios-chicas-de-lujo-senoritas-compania-mujeres\/duplex-lesbico\/#breadcrumb\"},\"inLanguage\":\"en-US\",\"potentialAction\":[{\"@type\":\"ReadAction\",\"target\":[\"https:\/\/paulgems.com\/en\/escorts-de-lujo-en-madrid-scortsservicios-chicas-de-lujo-senoritas-compania-mujeres\/duplex-lesbico\/\"]}]},{\"@type\":\"BreadcrumbList\",\"@id\":\"https:\/\/paulgems.com\/en\/escorts-de-lujo-en-madrid-scortsservicios-chicas-de-lujo-senoritas-compania-mujeres\/duplex-lesbico\/#breadcrumb\",\"itemListElement\":[{\"@type\":\"ListItem\",\"position\":1,\"name\":\"Portada\",\"item\":\"https:\/\/paulgems.com\/en\/\"},{\"@type\":\"ListItem\",\"position\":2,\"name\":\"Servicios | Agencia de escorts de lujo en Madrid\",\"item\":\"https:\/\/paulgems.com\/en\/escorts-de-lujo-en-madrid-scortsservicios-chicas-de-lujo-senoritas-compania-mujeres\/\"},{\"@type\":\"ListItem\",\"position\":3,\"name\":\"D\u00faplex &#8211; l\u00e9sbico\"}]},{\"@type\":\"WebSite\",\"@id\":\"https:\/\/paulgems.com\/#website\",\"url\":\"https:\/\/paulgems.com\/\",\"name\":\"\",\"description\":\"\",\"potentialAction\":[{\"@type\":\"SearchAction\",\"target\":{\"@type\":\"EntryPoint\",\"urlTemplate\":\"https:\/\/paulgems.com\/?s={search_term_string}\"},\"query-input\":{\"@type\":\"PropertyValueSpecification\",\"valueRequired\":true,\"valueName\":\"search_term_string\"}}],\"inLanguage\":\"en-US\"}]}<\/script>\n<!-- \/ Yoast SEO plugin. -->","yoast_head_json":{"title":"Escorts para d\u00faplex, l\u00e9sbico. Lesbianas, encuentro bisexual, 2 chicas","description":"Escorts d\u00faplex, encuentro l\u00e9sbico doble con dos preciosas chicas de compa\u00f1\u00eda. Para lesbianas, parejas, mujeres y hombres que quieran una experiencia intensa","robots":{"index":"index","follow":"follow","max-snippet":"max-snippet:-1","max-image-preview":"max-image-preview:large","max-video-preview":"max-video-preview:-1"},"canonical":"https:\/\/paulgems.com\/en\/escorts-de-lujo-en-madrid-scortsservicios-chicas-de-lujo-senoritas-compania-mujeres\/duplex-lesbico\/","og_locale":"en_US","og_type":"article","og_title":"Escorts para d\u00faplex, l\u00e9sbico. Lesbianas, encuentro bisexual, 2 chicas","og_description":"Escorts d\u00faplex, encuentro l\u00e9sbico doble con dos preciosas chicas de compa\u00f1\u00eda. Para lesbianas, parejas, mujeres y hombres que quieran una experiencia intensa","og_url":"https:\/\/paulgems.com\/en\/escorts-de-lujo-en-madrid-scortsservicios-chicas-de-lujo-senoritas-compania-mujeres\/duplex-lesbico\/","article_modified_time":"2021-11-15T09:56:14+00:00","twitter_card":"summary_large_image","twitter_misc":{"Est. reading time":"1 minute"},"schema":{"@context":"https:\/\/schema.org","@graph":[{"@type":"WebPage","@id":"https:\/\/paulgems.com\/en\/escorts-de-lujo-en-madrid-scortsservicios-chicas-de-lujo-senoritas-compania-mujeres\/duplex-lesbico\/","url":"https:\/\/paulgems.com\/en\/escorts-de-lujo-en-madrid-scortsservicios-chicas-de-lujo-senoritas-compania-mujeres\/duplex-lesbico\/","name":"Escorts para d\u00faplex, l\u00e9sbico. Lesbianas, encuentro bisexual, 2 chicas","isPartOf":{"@id":"https:\/\/paulgems.com\/#website"},"datePublished":"2017-02-16T14:35:07+00:00","dateModified":"2021-11-15T09:56:14+00:00","description":"Escorts d\u00faplex, encuentro l\u00e9sbico doble con dos preciosas chicas de compa\u00f1\u00eda. Para lesbianas, parejas, mujeres y hombres que quieran una experiencia intensa","breadcrumb":{"@id":"https:\/\/paulgems.com\/en\/escorts-de-lujo-en-madrid-scortsservicios-chicas-de-lujo-senoritas-compania-mujeres\/duplex-lesbico\/#breadcrumb"},"inLanguage":"en-US","potentialAction":[{"@type":"ReadAction","target":["https:\/\/paulgems.com\/en\/escorts-de-lujo-en-madrid-scortsservicios-chicas-de-lujo-senoritas-compania-mujeres\/duplex-lesbico\/"]}]},{"@type":"BreadcrumbList","@id":"https:\/\/paulgems.com\/en\/escorts-de-lujo-en-madrid-scortsservicios-chicas-de-lujo-senoritas-compania-mujeres\/duplex-lesbico\/#breadcrumb","itemListElement":[{"@type":"ListItem","position":1,"name":"Portada","item":"https:\/\/paulgems.com\/en\/"},{"@type":"ListItem","position":2,"name":"Servicios | Agencia de escorts de lujo en Madrid","item":"https:\/\/paulgems.com\/en\/escorts-de-lujo-en-madrid-scortsservicios-chicas-de-lujo-senoritas-compania-mujeres\/"},{"@type":"ListItem","position":3,"name":"D\u00faplex &#8211; l\u00e9sbico"}]},{"@type":"WebSite","@id":"https:\/\/paulgems.com\/#website","url":"https:\/\/paulgems.com\/","name":"","description":"","potentialAction":[{"@type":"SearchAction","target":{"@type":"EntryPoint","urlTemplate":"https:\/\/paulgems.com\/?s={search_term_string}"},"query-input":{"@type":"PropertyValueSpecification","valueRequired":true,"valueName":"search_term_string"}}],"inLanguage":"en-US"}]}},"_links":{"self":[{"href":"https:\/\/paulgems.com\/en\/wp-json\/wp\/v2\/pages\/2483","targetHints":{"allow":["GET"]}}],"collection":[{"href":"https:\/\/paulgems.com\/en\/wp-json\/wp\/v2\/pages"}],"about":[{"href":"https:\/\/paulgems.com\/en\/wp-json\/wp\/v2\/types\/page"}],"author":[{"embeddable":true,"href":"https:\/\/paulgems.com\/en\/wp-json\/wp\/v2\/users\/1"}],"replies":[{"embeddable":true,"href":"https:\/\/paulgems.com\/en\/wp-json\/wp\/v2\/comments?post=2483"}],"version-history":[{"count":6,"href":"https:\/\/paulgems.com\/en\/wp-json\/wp\/v2\/pages\/2483\/revisions"}],"predecessor-version":[{"id":14188,"href":"https:\/\/paulgems.com\/en\/wp-json\/wp\/v2\/pages\/2483\/revisions\/14188"}],"up":[{"embeddable":true,"href":"https:\/\/paulgems.com\/en\/wp-json\/wp\/v2\/pages\/2464"}],"wp:attachment":[{"href":"https:\/\/paulgems.com\/en\/wp-json\/wp\/v2\/media?parent=2483"}],"curies":[{"name":"wp","href":"https:\/\/api.w.org\/{rel}","templated":true}]}}