{"id":2478,"date":"2017-02-16T14:17:31","date_gmt":"2017-02-16T14:17:31","guid":{"rendered":"https:\/\/paulgems.com\/escorts-de-lujo-en-madrid-scortsdominatriz-dominatrices-dominacion-dominatrix-bdsm\/"},"modified":"2021-11-15T09:50:41","modified_gmt":"2021-11-15T09:50:41","slug":"escorts-de-lujo-en-madrid-scortsdominatriz-dominatrices-dominacion-dominatrix-bdsm","status":"publish","type":"page","link":"https:\/\/paulgems.com\/en\/escorts-de-lujo-en-madrid-scortsservicios-chicas-de-lujo-senoritas-compania-mujeres\/escorts-de-lujo-en-madrid-scortsdominatriz-dominatrices-dominacion-dominatrix-bdsm\/","title":{"rendered":"Dominatriz"},"content":{"rendered":"<div class=\"wpb-content-wrapper\"><p>[vc_row][vc_column width=&#8221;2\/3&#8243;][vc_column_text]<\/p>\n<h1><span style=\"color: #a0161e;\"><strong>DOMINATRICES ESCORTS &#8211; DOMINATRIX<\/strong><\/span><\/h1>\n<p>We delve into the world of <strong>domination<\/strong> and all its variants with our escorts dominatrices in Madrid. A strong and vital dominatrix women and that control of sexual relations in addition to also transfer to your social life. There are a number of roles that are highly professional with a fetishist. The BDSM is a reality in this type of meetings.<\/p>\n<p>The dominatrix takes the dominant role while<strong> a series of erotic games with clients submissive<\/strong>.<\/p>\n<p>Some of our escorts know how to treat and make it extremely sexual this practice, know the aesthetics and its variant more elegant, which is the black lingerie, stockings and high heels. But if the client you want to appear with a cat-suit bondage and his black boots it is simply a matter of comment before the meeting.<\/p>\n<p><strong>Luxury escorts<\/strong>, they will be the requirements of the most demanding clients, it is they who will lead, to sort out and do what you like with you, let them take control. Know what you want a man and know how to give the maximum pleasure.[\/vc_column_text][\/vc_column][vc_column width=&#8221;1\/3&#8243;][vc_single_image image=&#8221;2993&#8243; img_size=&#8221;medium&#8221;][\/vc_column][\/vc_row]<\/p>\n<\/div>","protected":false},"excerpt":{"rendered":"<p>[vc_row][vc_column width=&#8221;2\/3&#8243;][vc_column_text] DOMINATRICES ESCORTS &#8211; DOMINATRIX We delve into the world of domination and all its variants with our escorts dominatrices in Madrid. A strong and vital dominatrix women and that control of sexual relations in addition to also transfer to your social life. There are a number of roles that are highly professional with [&hellip;]<\/p>\n","protected":false},"author":1,"featured_media":0,"parent":2464,"menu_order":0,"comment_status":"closed","ping_status":"closed","template":"","meta":{"footnotes":""},"class_list":["post-2478","page","type-page","status-publish","hentry"],"yoast_head":"<!-- This site is optimized with the Yoast SEO plugin v26.3 - https:\/\/yoast.com\/wordpress\/plugins\/seo\/ -->\n<title>Escorts dominatrices, mujer dominatriz BDSM, dominatrix, dominaci\u00f3n<\/title>\n<meta name=\"description\" content=\"Escorts dominatrices en Madrid. Disfruta de sexo intenso con amas y dominatrix. BDSM, dominaci\u00f3n o bondage de la mano en esta pr\u00e1ctica sexual. Dominatriz\" \/>\n<meta name=\"robots\" content=\"index, follow, max-snippet:-1, max-image-preview:large, max-video-preview:-1\" \/>\n<link rel=\"canonical\" href=\"https:\/\/paulgems.com\/en\/escorts-de-lujo-en-madrid-scortsservicios-chicas-de-lujo-senoritas-compania-mujeres\/escorts-de-lujo-en-madrid-scortsdominatriz-dominatrices-dominacion-dominatrix-bdsm\/\" \/>\n<meta property=\"og:locale\" content=\"en_US\" \/>\n<meta property=\"og:type\" content=\"article\" \/>\n<meta property=\"og:title\" content=\"Escorts dominatrices, mujer dominatriz BDSM, dominatrix, dominaci\u00f3n\" \/>\n<meta property=\"og:description\" content=\"Escorts dominatrices en Madrid. Disfruta de sexo intenso con amas y dominatrix. BDSM, dominaci\u00f3n o bondage de la mano en esta pr\u00e1ctica sexual. Dominatriz\" \/>\n<meta property=\"og:url\" content=\"https:\/\/paulgems.com\/en\/escorts-de-lujo-en-madrid-scortsservicios-chicas-de-lujo-senoritas-compania-mujeres\/escorts-de-lujo-en-madrid-scortsdominatriz-dominatrices-dominacion-dominatrix-bdsm\/\" \/>\n<meta property=\"article:modified_time\" content=\"2021-11-15T09:50:41+00:00\" \/>\n<meta name=\"twitter:card\" content=\"summary_large_image\" \/>\n<meta name=\"twitter:label1\" content=\"Est. reading time\" \/>\n\t<meta name=\"twitter:data1\" content=\"1 minute\" \/>\n<script type=\"application\/ld+json\" class=\"yoast-schema-graph\">{\"@context\":\"https:\/\/schema.org\",\"@graph\":[{\"@type\":\"WebPage\",\"@id\":\"https:\/\/paulgems.com\/en\/escorts-de-lujo-en-madrid-scortsservicios-chicas-de-lujo-senoritas-compania-mujeres\/escorts-de-lujo-en-madrid-scortsdominatriz-dominatrices-dominacion-dominatrix-bdsm\/\",\"url\":\"https:\/\/paulgems.com\/en\/escorts-de-lujo-en-madrid-scortsservicios-chicas-de-lujo-senoritas-compania-mujeres\/escorts-de-lujo-en-madrid-scortsdominatriz-dominatrices-dominacion-dominatrix-bdsm\/\",\"name\":\"Escorts dominatrices, mujer dominatriz BDSM, dominatrix, dominaci\u00f3n\",\"isPartOf\":{\"@id\":\"https:\/\/paulgems.com\/#website\"},\"datePublished\":\"2017-02-16T14:17:31+00:00\",\"dateModified\":\"2021-11-15T09:50:41+00:00\",\"description\":\"Escorts dominatrices en Madrid. Disfruta de sexo intenso con amas y dominatrix. BDSM, dominaci\u00f3n o bondage de la mano en esta pr\u00e1ctica sexual. Dominatriz\",\"breadcrumb\":{\"@id\":\"https:\/\/paulgems.com\/en\/escorts-de-lujo-en-madrid-scortsservicios-chicas-de-lujo-senoritas-compania-mujeres\/escorts-de-lujo-en-madrid-scortsdominatriz-dominatrices-dominacion-dominatrix-bdsm\/#breadcrumb\"},\"inLanguage\":\"en-US\",\"potentialAction\":[{\"@type\":\"ReadAction\",\"target\":[\"https:\/\/paulgems.com\/en\/escorts-de-lujo-en-madrid-scortsservicios-chicas-de-lujo-senoritas-compania-mujeres\/escorts-de-lujo-en-madrid-scortsdominatriz-dominatrices-dominacion-dominatrix-bdsm\/\"]}]},{\"@type\":\"BreadcrumbList\",\"@id\":\"https:\/\/paulgems.com\/en\/escorts-de-lujo-en-madrid-scortsservicios-chicas-de-lujo-senoritas-compania-mujeres\/escorts-de-lujo-en-madrid-scortsdominatriz-dominatrices-dominacion-dominatrix-bdsm\/#breadcrumb\",\"itemListElement\":[{\"@type\":\"ListItem\",\"position\":1,\"name\":\"Portada\",\"item\":\"https:\/\/paulgems.com\/en\/\"},{\"@type\":\"ListItem\",\"position\":2,\"name\":\"Servicios | Agencia de escorts de lujo en Madrid\",\"item\":\"https:\/\/paulgems.com\/en\/escorts-de-lujo-en-madrid-scortsservicios-chicas-de-lujo-senoritas-compania-mujeres\/\"},{\"@type\":\"ListItem\",\"position\":3,\"name\":\"Dominatriz\"}]},{\"@type\":\"WebSite\",\"@id\":\"https:\/\/paulgems.com\/#website\",\"url\":\"https:\/\/paulgems.com\/\",\"name\":\"\",\"description\":\"\",\"potentialAction\":[{\"@type\":\"SearchAction\",\"target\":{\"@type\":\"EntryPoint\",\"urlTemplate\":\"https:\/\/paulgems.com\/?s={search_term_string}\"},\"query-input\":{\"@type\":\"PropertyValueSpecification\",\"valueRequired\":true,\"valueName\":\"search_term_string\"}}],\"inLanguage\":\"en-US\"}]}<\/script>\n<!-- \/ Yoast SEO plugin. -->","yoast_head_json":{"title":"Escorts dominatrices, mujer dominatriz BDSM, dominatrix, dominaci\u00f3n","description":"Escorts dominatrices en Madrid. Disfruta de sexo intenso con amas y dominatrix. BDSM, dominaci\u00f3n o bondage de la mano en esta pr\u00e1ctica sexual. Dominatriz","robots":{"index":"index","follow":"follow","max-snippet":"max-snippet:-1","max-image-preview":"max-image-preview:large","max-video-preview":"max-video-preview:-1"},"canonical":"https:\/\/paulgems.com\/en\/escorts-de-lujo-en-madrid-scortsservicios-chicas-de-lujo-senoritas-compania-mujeres\/escorts-de-lujo-en-madrid-scortsdominatriz-dominatrices-dominacion-dominatrix-bdsm\/","og_locale":"en_US","og_type":"article","og_title":"Escorts dominatrices, mujer dominatriz BDSM, dominatrix, dominaci\u00f3n","og_description":"Escorts dominatrices en Madrid. Disfruta de sexo intenso con amas y dominatrix. BDSM, dominaci\u00f3n o bondage de la mano en esta pr\u00e1ctica sexual. Dominatriz","og_url":"https:\/\/paulgems.com\/en\/escorts-de-lujo-en-madrid-scortsservicios-chicas-de-lujo-senoritas-compania-mujeres\/escorts-de-lujo-en-madrid-scortsdominatriz-dominatrices-dominacion-dominatrix-bdsm\/","article_modified_time":"2021-11-15T09:50:41+00:00","twitter_card":"summary_large_image","twitter_misc":{"Est. reading time":"1 minute"},"schema":{"@context":"https:\/\/schema.org","@graph":[{"@type":"WebPage","@id":"https:\/\/paulgems.com\/en\/escorts-de-lujo-en-madrid-scortsservicios-chicas-de-lujo-senoritas-compania-mujeres\/escorts-de-lujo-en-madrid-scortsdominatriz-dominatrices-dominacion-dominatrix-bdsm\/","url":"https:\/\/paulgems.com\/en\/escorts-de-lujo-en-madrid-scortsservicios-chicas-de-lujo-senoritas-compania-mujeres\/escorts-de-lujo-en-madrid-scortsdominatriz-dominatrices-dominacion-dominatrix-bdsm\/","name":"Escorts dominatrices, mujer dominatriz BDSM, dominatrix, dominaci\u00f3n","isPartOf":{"@id":"https:\/\/paulgems.com\/#website"},"datePublished":"2017-02-16T14:17:31+00:00","dateModified":"2021-11-15T09:50:41+00:00","description":"Escorts dominatrices en Madrid. Disfruta de sexo intenso con amas y dominatrix. BDSM, dominaci\u00f3n o bondage de la mano en esta pr\u00e1ctica sexual. Dominatriz","breadcrumb":{"@id":"https:\/\/paulgems.com\/en\/escorts-de-lujo-en-madrid-scortsservicios-chicas-de-lujo-senoritas-compania-mujeres\/escorts-de-lujo-en-madrid-scortsdominatriz-dominatrices-dominacion-dominatrix-bdsm\/#breadcrumb"},"inLanguage":"en-US","potentialAction":[{"@type":"ReadAction","target":["https:\/\/paulgems.com\/en\/escorts-de-lujo-en-madrid-scortsservicios-chicas-de-lujo-senoritas-compania-mujeres\/escorts-de-lujo-en-madrid-scortsdominatriz-dominatrices-dominacion-dominatrix-bdsm\/"]}]},{"@type":"BreadcrumbList","@id":"https:\/\/paulgems.com\/en\/escorts-de-lujo-en-madrid-scortsservicios-chicas-de-lujo-senoritas-compania-mujeres\/escorts-de-lujo-en-madrid-scortsdominatriz-dominatrices-dominacion-dominatrix-bdsm\/#breadcrumb","itemListElement":[{"@type":"ListItem","position":1,"name":"Portada","item":"https:\/\/paulgems.com\/en\/"},{"@type":"ListItem","position":2,"name":"Servicios | Agencia de escorts de lujo en Madrid","item":"https:\/\/paulgems.com\/en\/escorts-de-lujo-en-madrid-scortsservicios-chicas-de-lujo-senoritas-compania-mujeres\/"},{"@type":"ListItem","position":3,"name":"Dominatriz"}]},{"@type":"WebSite","@id":"https:\/\/paulgems.com\/#website","url":"https:\/\/paulgems.com\/","name":"","description":"","potentialAction":[{"@type":"SearchAction","target":{"@type":"EntryPoint","urlTemplate":"https:\/\/paulgems.com\/?s={search_term_string}"},"query-input":{"@type":"PropertyValueSpecification","valueRequired":true,"valueName":"search_term_string"}}],"inLanguage":"en-US"}]}},"_links":{"self":[{"href":"https:\/\/paulgems.com\/en\/wp-json\/wp\/v2\/pages\/2478","targetHints":{"allow":["GET"]}}],"collection":[{"href":"https:\/\/paulgems.com\/en\/wp-json\/wp\/v2\/pages"}],"about":[{"href":"https:\/\/paulgems.com\/en\/wp-json\/wp\/v2\/types\/page"}],"author":[{"embeddable":true,"href":"https:\/\/paulgems.com\/en\/wp-json\/wp\/v2\/users\/1"}],"replies":[{"embeddable":true,"href":"https:\/\/paulgems.com\/en\/wp-json\/wp\/v2\/comments?post=2478"}],"version-history":[{"count":5,"href":"https:\/\/paulgems.com\/en\/wp-json\/wp\/v2\/pages\/2478\/revisions"}],"predecessor-version":[{"id":14182,"href":"https:\/\/paulgems.com\/en\/wp-json\/wp\/v2\/pages\/2478\/revisions\/14182"}],"up":[{"embeddable":true,"href":"https:\/\/paulgems.com\/en\/wp-json\/wp\/v2\/pages\/2464"}],"wp:attachment":[{"href":"https:\/\/paulgems.com\/en\/wp-json\/wp\/v2\/media?parent=2478"}],"curies":[{"name":"wp","href":"https:\/\/api.w.org\/{rel}","templated":true}]}}