{"id":2474,"date":"2017-02-16T14:19:12","date_gmt":"2017-02-16T14:19:12","guid":{"rendered":"https:\/\/paulgems.com\/httppaulgems-comescorts-de-lujo-en-madrid-scortstrios-reales-sexuales-con-escorts-explosivas-amateurs\/"},"modified":"2021-11-15T10:11:41","modified_gmt":"2021-11-15T10:11:41","slug":"httppaulgems-comescorts-de-lujo-en-madrid-scortstrios-reales-sexuales-con-escorts-explosivas-amateurs","status":"publish","type":"page","link":"https:\/\/paulgems.com\/en\/escorts-de-lujo-en-madrid-scortsservicios-chicas-de-lujo-senoritas-compania-mujeres\/httppaulgems-comescorts-de-lujo-en-madrid-scortstrios-reales-sexuales-con-escorts-explosivas-amateurs\/","title":{"rendered":"Tr\u00edos reales"},"content":{"rendered":"<div class=\"wpb-content-wrapper\"><p>[vc_row][vc_column width=&#8221;2\/3&#8243;][vc_column_text]<\/p>\n<h1><span style=\"color: #a0161e;\"><strong>REAL TRIOS ESCORTS<\/strong><\/span><\/h1>\n<p><strong>A real trio<\/strong> is the interaction of three <strong>people in a sexual relationship<\/strong>, these three people can be two girls with a boy, a girl with two boys, or even 3 people of the same sex. There is a huge burden: sexual kisses, caresses, insights and <strong>a lot of sex<\/strong>. The more comfortable you are, more disinhibition is displayed by all parties. In the trios real can come into play. bisexuality with the fluidity that the situation requires, girls can kissing, cuddling, even playing with sex toys and if <strong>the trio is with two boys<\/strong> can also exist such complicity to touch and play to put the limits to the maximum.<\/p>\n<p>Not only is observed, <strong>it is also interacts<\/strong> and really if you just want to enjoy your body and enjoy the, this is the best option. A <strong>lot of sex and lots of fun<\/strong>, don&#8217;t miss it with our escorts luxury as beautiful as involved.<\/p>\n<p>In addition, <strong>Paul Gems Elite Escorts Madrid<\/strong> you have the option of hiring the encounter <strong>with couples and with boys and girls with a taste for bisexuality<\/strong>.<\/p>\n<p>Call\u00a0 Paul Gems Elite Escorts Madrid and concrete an appointment as exciting as fun <strong>with our best companions of luxury in Madrid.<\/strong>[\/vc_column_text][\/vc_column][vc_column width=&#8221;1\/3&#8243;][vc_single_image image=&#8221;3010&#8243; img_size=&#8221;medium&#8221; label=&#8221;&#8221;][\/vc_column][\/vc_row]<\/p>\n<\/div>","protected":false},"excerpt":{"rendered":"<p>[vc_row][vc_column width=&#8221;2\/3&#8243;][vc_column_text] REAL TRIOS ESCORTS A real trio is the interaction of three people in a sexual relationship, these three people can be two girls with a boy, a girl with two boys, or even 3 people of the same sex. There is a huge burden: sexual kisses, caresses, insights and a lot of sex. [&hellip;]<\/p>\n","protected":false},"author":1,"featured_media":0,"parent":2464,"menu_order":0,"comment_status":"closed","ping_status":"closed","template":"","meta":{"footnotes":""},"class_list":["post-2474","page","type-page","status-publish","hentry"],"yoast_head":"<!-- This site is optimized with the Yoast SEO plugin v26.3 - https:\/\/yoast.com\/wordpress\/plugins\/seo\/ -->\n<title>Tr\u00edos reales sexuales con escorts explosivas y amateurs<\/title>\n<meta name=\"description\" content=\"Si deseas un tr\u00edo, ya puedes hacerlo realidad. Tr\u00edos reales con escorts amateurs y explosivas. Experiencias sexuales de las que jam\u00e1s te podr\u00e1s olvidar\" \/>\n<meta name=\"robots\" content=\"index, follow, max-snippet:-1, max-image-preview:large, max-video-preview:-1\" \/>\n<link rel=\"canonical\" href=\"https:\/\/paulgems.com\/en\/escorts-de-lujo-en-madrid-scortsservicios-chicas-de-lujo-senoritas-compania-mujeres\/httppaulgems-comescorts-de-lujo-en-madrid-scortstrios-reales-sexuales-con-escorts-explosivas-amateurs\/\" \/>\n<meta property=\"og:locale\" content=\"en_US\" \/>\n<meta property=\"og:type\" content=\"article\" \/>\n<meta property=\"og:title\" content=\"Tr\u00edos reales sexuales con escorts explosivas y amateurs\" \/>\n<meta property=\"og:description\" content=\"Si deseas un tr\u00edo, ya puedes hacerlo realidad. Tr\u00edos reales con escorts amateurs y explosivas. Experiencias sexuales de las que jam\u00e1s te podr\u00e1s olvidar\" \/>\n<meta property=\"og:url\" content=\"https:\/\/paulgems.com\/en\/escorts-de-lujo-en-madrid-scortsservicios-chicas-de-lujo-senoritas-compania-mujeres\/httppaulgems-comescorts-de-lujo-en-madrid-scortstrios-reales-sexuales-con-escorts-explosivas-amateurs\/\" \/>\n<meta property=\"article:modified_time\" content=\"2021-11-15T10:11:41+00:00\" \/>\n<meta name=\"twitter:card\" content=\"summary_large_image\" \/>\n<meta name=\"twitter:label1\" content=\"Est. reading time\" \/>\n\t<meta name=\"twitter:data1\" content=\"1 minute\" \/>\n<script type=\"application\/ld+json\" class=\"yoast-schema-graph\">{\"@context\":\"https:\/\/schema.org\",\"@graph\":[{\"@type\":\"WebPage\",\"@id\":\"https:\/\/paulgems.com\/en\/escorts-de-lujo-en-madrid-scortsservicios-chicas-de-lujo-senoritas-compania-mujeres\/httppaulgems-comescorts-de-lujo-en-madrid-scortstrios-reales-sexuales-con-escorts-explosivas-amateurs\/\",\"url\":\"https:\/\/paulgems.com\/en\/escorts-de-lujo-en-madrid-scortsservicios-chicas-de-lujo-senoritas-compania-mujeres\/httppaulgems-comescorts-de-lujo-en-madrid-scortstrios-reales-sexuales-con-escorts-explosivas-amateurs\/\",\"name\":\"Tr\u00edos reales sexuales con escorts explosivas y amateurs\",\"isPartOf\":{\"@id\":\"https:\/\/paulgems.com\/#website\"},\"datePublished\":\"2017-02-16T14:19:12+00:00\",\"dateModified\":\"2021-11-15T10:11:41+00:00\",\"description\":\"Si deseas un tr\u00edo, ya puedes hacerlo realidad. Tr\u00edos reales con escorts amateurs y explosivas. Experiencias sexuales de las que jam\u00e1s te podr\u00e1s olvidar\",\"breadcrumb\":{\"@id\":\"https:\/\/paulgems.com\/en\/escorts-de-lujo-en-madrid-scortsservicios-chicas-de-lujo-senoritas-compania-mujeres\/httppaulgems-comescorts-de-lujo-en-madrid-scortstrios-reales-sexuales-con-escorts-explosivas-amateurs\/#breadcrumb\"},\"inLanguage\":\"en-US\",\"potentialAction\":[{\"@type\":\"ReadAction\",\"target\":[\"https:\/\/paulgems.com\/en\/escorts-de-lujo-en-madrid-scortsservicios-chicas-de-lujo-senoritas-compania-mujeres\/httppaulgems-comescorts-de-lujo-en-madrid-scortstrios-reales-sexuales-con-escorts-explosivas-amateurs\/\"]}]},{\"@type\":\"BreadcrumbList\",\"@id\":\"https:\/\/paulgems.com\/en\/escorts-de-lujo-en-madrid-scortsservicios-chicas-de-lujo-senoritas-compania-mujeres\/httppaulgems-comescorts-de-lujo-en-madrid-scortstrios-reales-sexuales-con-escorts-explosivas-amateurs\/#breadcrumb\",\"itemListElement\":[{\"@type\":\"ListItem\",\"position\":1,\"name\":\"Portada\",\"item\":\"https:\/\/paulgems.com\/en\/\"},{\"@type\":\"ListItem\",\"position\":2,\"name\":\"Servicios | Agencia de escorts de lujo en Madrid\",\"item\":\"https:\/\/paulgems.com\/en\/escorts-de-lujo-en-madrid-scortsservicios-chicas-de-lujo-senoritas-compania-mujeres\/\"},{\"@type\":\"ListItem\",\"position\":3,\"name\":\"Tr\u00edos reales\"}]},{\"@type\":\"WebSite\",\"@id\":\"https:\/\/paulgems.com\/#website\",\"url\":\"https:\/\/paulgems.com\/\",\"name\":\"\",\"description\":\"\",\"potentialAction\":[{\"@type\":\"SearchAction\",\"target\":{\"@type\":\"EntryPoint\",\"urlTemplate\":\"https:\/\/paulgems.com\/?s={search_term_string}\"},\"query-input\":{\"@type\":\"PropertyValueSpecification\",\"valueRequired\":true,\"valueName\":\"search_term_string\"}}],\"inLanguage\":\"en-US\"}]}<\/script>\n<!-- \/ Yoast SEO plugin. -->","yoast_head_json":{"title":"Tr\u00edos reales sexuales con escorts explosivas y amateurs","description":"Si deseas un tr\u00edo, ya puedes hacerlo realidad. Tr\u00edos reales con escorts amateurs y explosivas. Experiencias sexuales de las que jam\u00e1s te podr\u00e1s olvidar","robots":{"index":"index","follow":"follow","max-snippet":"max-snippet:-1","max-image-preview":"max-image-preview:large","max-video-preview":"max-video-preview:-1"},"canonical":"https:\/\/paulgems.com\/en\/escorts-de-lujo-en-madrid-scortsservicios-chicas-de-lujo-senoritas-compania-mujeres\/httppaulgems-comescorts-de-lujo-en-madrid-scortstrios-reales-sexuales-con-escorts-explosivas-amateurs\/","og_locale":"en_US","og_type":"article","og_title":"Tr\u00edos reales sexuales con escorts explosivas y amateurs","og_description":"Si deseas un tr\u00edo, ya puedes hacerlo realidad. Tr\u00edos reales con escorts amateurs y explosivas. Experiencias sexuales de las que jam\u00e1s te podr\u00e1s olvidar","og_url":"https:\/\/paulgems.com\/en\/escorts-de-lujo-en-madrid-scortsservicios-chicas-de-lujo-senoritas-compania-mujeres\/httppaulgems-comescorts-de-lujo-en-madrid-scortstrios-reales-sexuales-con-escorts-explosivas-amateurs\/","article_modified_time":"2021-11-15T10:11:41+00:00","twitter_card":"summary_large_image","twitter_misc":{"Est. reading time":"1 minute"},"schema":{"@context":"https:\/\/schema.org","@graph":[{"@type":"WebPage","@id":"https:\/\/paulgems.com\/en\/escorts-de-lujo-en-madrid-scortsservicios-chicas-de-lujo-senoritas-compania-mujeres\/httppaulgems-comescorts-de-lujo-en-madrid-scortstrios-reales-sexuales-con-escorts-explosivas-amateurs\/","url":"https:\/\/paulgems.com\/en\/escorts-de-lujo-en-madrid-scortsservicios-chicas-de-lujo-senoritas-compania-mujeres\/httppaulgems-comescorts-de-lujo-en-madrid-scortstrios-reales-sexuales-con-escorts-explosivas-amateurs\/","name":"Tr\u00edos reales sexuales con escorts explosivas y amateurs","isPartOf":{"@id":"https:\/\/paulgems.com\/#website"},"datePublished":"2017-02-16T14:19:12+00:00","dateModified":"2021-11-15T10:11:41+00:00","description":"Si deseas un tr\u00edo, ya puedes hacerlo realidad. Tr\u00edos reales con escorts amateurs y explosivas. Experiencias sexuales de las que jam\u00e1s te podr\u00e1s olvidar","breadcrumb":{"@id":"https:\/\/paulgems.com\/en\/escorts-de-lujo-en-madrid-scortsservicios-chicas-de-lujo-senoritas-compania-mujeres\/httppaulgems-comescorts-de-lujo-en-madrid-scortstrios-reales-sexuales-con-escorts-explosivas-amateurs\/#breadcrumb"},"inLanguage":"en-US","potentialAction":[{"@type":"ReadAction","target":["https:\/\/paulgems.com\/en\/escorts-de-lujo-en-madrid-scortsservicios-chicas-de-lujo-senoritas-compania-mujeres\/httppaulgems-comescorts-de-lujo-en-madrid-scortstrios-reales-sexuales-con-escorts-explosivas-amateurs\/"]}]},{"@type":"BreadcrumbList","@id":"https:\/\/paulgems.com\/en\/escorts-de-lujo-en-madrid-scortsservicios-chicas-de-lujo-senoritas-compania-mujeres\/httppaulgems-comescorts-de-lujo-en-madrid-scortstrios-reales-sexuales-con-escorts-explosivas-amateurs\/#breadcrumb","itemListElement":[{"@type":"ListItem","position":1,"name":"Portada","item":"https:\/\/paulgems.com\/en\/"},{"@type":"ListItem","position":2,"name":"Servicios | Agencia de escorts de lujo en Madrid","item":"https:\/\/paulgems.com\/en\/escorts-de-lujo-en-madrid-scortsservicios-chicas-de-lujo-senoritas-compania-mujeres\/"},{"@type":"ListItem","position":3,"name":"Tr\u00edos reales"}]},{"@type":"WebSite","@id":"https:\/\/paulgems.com\/#website","url":"https:\/\/paulgems.com\/","name":"","description":"","potentialAction":[{"@type":"SearchAction","target":{"@type":"EntryPoint","urlTemplate":"https:\/\/paulgems.com\/?s={search_term_string}"},"query-input":{"@type":"PropertyValueSpecification","valueRequired":true,"valueName":"search_term_string"}}],"inLanguage":"en-US"}]}},"_links":{"self":[{"href":"https:\/\/paulgems.com\/en\/wp-json\/wp\/v2\/pages\/2474","targetHints":{"allow":["GET"]}}],"collection":[{"href":"https:\/\/paulgems.com\/en\/wp-json\/wp\/v2\/pages"}],"about":[{"href":"https:\/\/paulgems.com\/en\/wp-json\/wp\/v2\/types\/page"}],"author":[{"embeddable":true,"href":"https:\/\/paulgems.com\/en\/wp-json\/wp\/v2\/users\/1"}],"replies":[{"embeddable":true,"href":"https:\/\/paulgems.com\/en\/wp-json\/wp\/v2\/comments?post=2474"}],"version-history":[{"count":5,"href":"https:\/\/paulgems.com\/en\/wp-json\/wp\/v2\/pages\/2474\/revisions"}],"predecessor-version":[{"id":14211,"href":"https:\/\/paulgems.com\/en\/wp-json\/wp\/v2\/pages\/2474\/revisions\/14211"}],"up":[{"embeddable":true,"href":"https:\/\/paulgems.com\/en\/wp-json\/wp\/v2\/pages\/2464"}],"wp:attachment":[{"href":"https:\/\/paulgems.com\/en\/wp-json\/wp\/v2\/media?parent=2474"}],"curies":[{"name":"wp","href":"https:\/\/api.w.org\/{rel}","templated":true}]}}