{"id":2464,"date":"2016-08-18T15:02:15","date_gmt":"2016-08-18T15:02:15","guid":{"rendered":"https:\/\/paulgems.com\/escorts-de-lujo-en-madrid-scortsservicios-chicas-de-lujo-senoritas-compania-mujeres\/"},"modified":"2021-11-27T10:48:54","modified_gmt":"2021-11-27T10:48:54","slug":"escorts-de-lujo-en-madrid-scortsservicios-chicas-de-lujo-senoritas-compania-mujeres","status":"publish","type":"page","link":"https:\/\/paulgems.com\/en\/escorts-de-lujo-en-madrid-scortsservicios-chicas-de-lujo-senoritas-compania-mujeres\/","title":{"rendered":"Servicios | Agencia de escorts de lujo en Madrid"},"content":{"rendered":"<div class=\"wpb-content-wrapper\"><p>[vc_row][vc_column][vc_column_text]<\/p>\n<h1 style=\"text-align: center; font-family: Dancing Script;\">ESCORTS SERVICES IN MADRID<br \/>\nServices of our ladies and luxury girls<\/h1>\n<p>In<strong><em> &#8220;Paul Gems Elite Escorts Madrid&#8221;<\/em><\/strong> you will find different <strong>services with escorts and models<\/strong>, both female and <a href=\"https:\/\/paulgems.com\/en\/escorts-masculinos\/\">male escorts<\/a>, with which you will enjoy <strong>luxury services<\/strong> adapted to your most hidden desires. Choose among our high standing models and enjoy an unforgettable experience with a VIP escort in Madrid with whom you can enjoy social events or intimacy.<\/p>\n<p>What sets us apart from other escort agencies in Madrid is our availability to satisfy the wishes of any client. Its elegance and beauty are unmatched, each of our luxury girls is able to satisfy you while you enjoy their natural beauty and being.<\/p>\n<p><strong>Our company services<\/strong> include hotel reservations and events, having the services of charming and beautiful girls in Madrid is a privilege, which we do not want to deprive you.[\/vc_column_text][\/vc_column][\/vc_row][vc_row][vc_column][vc_column_text][\/vc_column_text][\/vc_column][\/vc_row][vc_row][vc_column width=&#8221;1\/2&#8243;][vc_column_text]<\/p>\n<h3 class=\"sub-tit\"><a href=\"https:\/\/paulgems.com\/en\/escorts-de-lujo-en-madrid-scortsservicios-chicas-de-lujo-senoritas-compania-mujeres\/masajes-eroticos\/\">EROTIC MASSAGE &#8211; NON THERAPEUTIC<\/a><\/h3>\n<p>[\/vc_column_text][vc_single_image image=&#8221;26&#8243; img_size=&#8221;full&#8221; add_caption=&#8221;yes&#8221; alignment=&#8221;center&#8221; onclick=&#8221;custom_link&#8221; link=&#8221;https:\/\/paulgems.com\/en\/escorts-de-lujo-en-madrid-scortsservicios-chicas-de-lujo-senoritas-compania-mujeres\/masajes-eroticos\/&#8221;][vc_column_text]<\/p>\n<p class=\"text-content\" style=\"text-align: justify;\"><a href=\"https:\/\/paulgems.com\/en\/escorts-de-lujo-en-madrid-scortsservicios-chicas-de-lujo-senoritas-compania-mujeres\/masajes-eroticos\/\">Read more<\/a><\/p>\n<p>[\/vc_column_text][\/vc_column][vc_column width=&#8221;1\/2&#8243;][vc_column_text]<\/p>\n<h3 class=\"sub-tit\"><a href=\"https:\/\/paulgems.com\/en\/escorts-de-lujo-en-madrid-scortsservicios-chicas-de-lujo-senoritas-compania-mujeres\/escorts-para-fiestas-madrid\/\">PRIVATE AND BANKRUPTCY PARTIES<\/a><\/h3>\n<p>[\/vc_column_text][vc_single_image image=&#8221;27&#8243; img_size=&#8221;full&#8221; alignment=&#8221;center&#8221; onclick=&#8221;custom_link&#8221; link=&#8221;https:\/\/paulgems.com\/en\/escorts-de-lujo-en-madrid-scortsservicios-chicas-de-lujo-senoritas-compania-mujeres\/escorts-para-fiestas-madrid\/&#8221;][vc_column_text]<\/p>\n<p class=\"text-content\" style=\"text-align: justify;\">**For private parties you have to book 4 days in advance.<\/p>\n<p class=\"text-content\" style=\"text-align: justify;\"><a href=\"https:\/\/paulgems.com\/en\/escorts-de-lujo-en-madrid-scortsservicios-chicas-de-lujo-senoritas-compania-mujeres\/escorts-para-fiestas-madrid\/\">Read more<\/a><\/p>\n<p>[\/vc_column_text][\/vc_column][\/vc_row][vc_row][vc_column][vc_empty_space][\/vc_column][\/vc_row][vc_row][vc_column width=&#8221;1\/2&#8243;][vc_column_text]<\/p>\n<h3 class=\"sub-tit\" style=\"color: #891c23;\">RESERVAS A HOTELES , RESTAURANTE &#8230;..EN MADRID<\/h3>\n<p>[\/vc_column_text][vc_single_image image=&#8221;28&#8243; img_size=&#8221;full&#8221; alignment=&#8221;center&#8221;][vc_column_text][\/vc_column_text][\/vc_column][vc_column width=&#8221;1\/2&#8243;][vc_column_text]<\/p>\n<h3 class=\"sub-tit\"><a href=\"https:\/\/paulgems.com\/en\/escorts-masculinos\/\">MALE ESCORTS<\/a><\/h3>\n<p>[\/vc_column_text][vc_single_image image=&#8221;1359&#8243; img_size=&#8221;large&#8221; onclick=&#8221;custom_link&#8221; link=&#8221;https:\/\/paulgems.com\/en\/escorts-masculinos\/&#8221;][vc_column_text]<\/p>\n<p class=\"text-content\" style=\"text-align: justify;\"><a href=\"https:\/\/paulgems.com\/en\/escorts-masculinos\/\">Read more<\/a><\/p>\n<p>[\/vc_column_text][\/vc_column][\/vc_row][vc_row][vc_column][vc_empty_space][\/vc_column][\/vc_row][vc_row][vc_column width=&#8221;1\/2&#8243;][vc_column_text]<\/p>\n<h3 class=\"sub-tit\"><a href=\"https:\/\/paulgems.com\/en\/escorts-de-lujo-en-madrid-scortsservicios-chicas-de-lujo-senoritas-compania-mujeres\/escorts-de-lujo-en-madrid-scortsgirlfriend-experience-gfe-trato-como-novia-gf-pareja\/\">ESCORTS GIRLFRIEND EXPERIENCE<\/a><\/h3>\n<p>[\/vc_column_text][vc_single_image image=&#8221;1764&#8243; img_size=&#8221;full&#8221; alignment=&#8221;center&#8221; onclick=&#8221;custom_link&#8221; link=&#8221;https:\/\/paulgems.com\/en\/escorts-de-lujo-en-madrid-scortsservicios-chicas-de-lujo-senoritas-compania-mujeres\/escorts-de-lujo-en-madrid-scortsgirlfriend-experience-gfe-trato-como-novia-gf-pareja\/&#8221;][vc_column_text]<\/p>\n<p class=\"hparrafo\" style=\"text-align: justify;\"><a href=\"https:\/\/paulgems.com\/en\/escorts-de-lujo-en-madrid-scortsservicios-chicas-de-lujo-senoritas-compania-mujeres\/escorts-de-lujo-en-madrid-scortsgirlfriend-experience-gfe-trato-como-novia-gf-pareja\/\">Read more<\/a><\/p>\n<p>[\/vc_column_text][\/vc_column][vc_column width=&#8221;1\/2&#8243;][vc_column_text]<\/p>\n<h3 class=\"sub-tit\"><a href=\"https:\/\/paulgems.com\/en\/escorts-de-lujo-en-madrid-scortsservicios-chicas-de-lujo-senoritas-compania-mujeres\/httppaulgems-comescorts-de-lujo-en-madrid-scortstrios-reales-sexuales-con-escorts-explosivas-amateurs\/\">REAL TRIOS<\/a><\/h3>\n<p>[\/vc_column_text][vc_single_image image=&#8221;1760&#8243; img_size=&#8221;full&#8221; alignment=&#8221;center&#8221; onclick=&#8221;custom_link&#8221; link=&#8221;https:\/\/paulgems.com\/en\/escorts-de-lujo-en-madrid-scortsservicios-chicas-de-lujo-senoritas-compania-mujeres\/httppaulgems-comescorts-de-lujo-en-madrid-scortstrios-reales-sexuales-con-escorts-explosivas-amateurs\/&#8221;][vc_column_text]<\/p>\n<p class=\"hparrafo\" style=\"text-align: justify;\"><a href=\"https:\/\/paulgems.com\/en\/escorts-de-lujo-en-madrid-scortsservicios-chicas-de-lujo-senoritas-compania-mujeres\/httppaulgems-comescorts-de-lujo-en-madrid-scortstrios-reales-sexuales-con-escorts-explosivas-amateurs\/\">Read more<\/a><\/p>\n<p>[\/vc_column_text][\/vc_column][\/vc_row][vc_row][vc_column][vc_empty_space][\/vc_column][\/vc_row][vc_row][vc_column width=&#8221;1\/2&#8243;][vc_column_text]<\/p>\n<h3 class=\"sub-tit\"><a href=\"https:\/\/paulgems.com\/en\/escorts-de-lujo-en-madrid-scortsservicios-chicas-de-lujo-senoritas-compania-mujeres\/escorts-de-lujo-en-madrid-scortsdominatriz-dominatrices-dominacion-dominatrix-bdsm\/\">ESCORTS DOMINATRIZ<\/a><\/h3>\n<p>[\/vc_column_text][vc_single_image image=&#8221;1759&#8243; img_size=&#8221;full&#8221; onclick=&#8221;custom_link&#8221; link=&#8221;https:\/\/paulgems.com\/en\/escorts-de-lujo-en-madrid-scortsservicios-chicas-de-lujo-senoritas-compania-mujeres\/escorts-de-lujo-en-madrid-scortsdominatriz-dominatrices-dominacion-dominatrix-bdsm\/&#8221;][vc_column_text]<\/p>\n<p class=\"hparrafo\" style=\"text-align: justify;\"><a href=\"https:\/\/paulgems.com\/en\/escorts-de-lujo-en-madrid-scortsservicios-chicas-de-lujo-senoritas-compania-mujeres\/escorts-de-lujo-en-madrid-scortsdominatriz-dominatrices-dominacion-dominatrix-bdsm\/\">Read more<\/a><\/p>\n<p>[\/vc_column_text][\/vc_column][vc_column width=&#8221;1\/2&#8243;][vc_column_text]<\/p>\n<h3 class=\"sub-tit\"><a href=\"https:\/\/paulgems.com\/en\/escorts-de-lujo-en-madrid-scortsservicios-chicas-de-lujo-senoritas-compania-mujeres\/intercambio-de-parejas\/\">EXCHANGE OF COUPLES &#8211; ATTENTION TO COUPLES<\/a><\/h3>\n<p>[\/vc_column_text][vc_single_image image=&#8221;1677&#8243; img_size=&#8221;full&#8221; alignment=&#8221;center&#8221; onclick=&#8221;custom_link&#8221; link=&#8221;https:\/\/paulgems.com\/en\/escorts-de-lujo-en-madrid-scortsservicios-chicas-de-lujo-senoritas-compania-mujeres\/intercambio-de-parejas\/&#8221;][vc_column_text]<\/p>\n<p class=\"hparrafo\" style=\"text-align: justify;\"><a href=\"https:\/\/paulgems.com\/en\/escorts-de-lujo-en-madrid-scortsservicios-chicas-de-lujo-senoritas-compania-mujeres\/intercambio-de-parejas\/\">Read more<\/a><\/p>\n<p>[\/vc_column_text][\/vc_column][\/vc_row][vc_row][vc_column][vc_empty_space][\/vc_column][\/vc_row][vc_row][vc_column width=&#8221;1\/2&#8243;][vc_column_text]<\/p>\n<h3 class=\"sub-tit\"><a href=\"https:\/\/paulgems.com\/en\/escorts-de-lujo-en-madrid-scortsservicios-chicas-de-lujo-senoritas-compania-mujeres\/duplex-lesbico\/\">DUPLEX ESCORTS &#8211; LESBICO ESCORTS<\/a><\/h3>\n<p>[\/vc_column_text][vc_single_image image=&#8221;1761&#8243; img_size=&#8221;full&#8221; alignment=&#8221;center&#8221; onclick=&#8221;custom_link&#8221; link=&#8221;https:\/\/paulgems.com\/en\/escorts-de-lujo-en-madrid-scortsservicios-chicas-de-lujo-senoritas-compania-mujeres\/duplex-lesbico\/&#8221;][vc_column_text]<\/p>\n<p class=\"hparrafo\" style=\"text-align: justify;\"><a href=\"https:\/\/paulgems.com\/en\/escorts-de-lujo-en-madrid-scortsservicios-chicas-de-lujo-senoritas-compania-mujeres\/duplex-lesbico\/\">Read more<\/a><\/p>\n<p>[\/vc_column_text][\/vc_column][vc_column width=&#8221;1\/2&#8243;][vc_column_text]<\/p>\n<h3 class=\"sub-tit\"><a href=\"https:\/\/paulgems.com\/en\/escorts-de-lujo-en-madrid-scortsservicios-chicas-de-lujo-senoritas-compania-mujeres\/viajes-de-negocios\/\">ESCORTS FOR TRAVEL<\/a><\/h3>\n<p>[\/vc_column_text][vc_single_image image=&#8221;1762&#8243; img_size=&#8221;full&#8221; alignment=&#8221;right&#8221; onclick=&#8221;custom_link&#8221; link=&#8221;https:\/\/paulgems.com\/en\/escorts-de-lujo-en-madrid-scortsservicios-chicas-de-lujo-senoritas-compania-mujeres\/viajes-de-negocios\/&#8221;][vc_column_text]<\/p>\n<p class=\"hparrafo\" style=\"text-align: justify;\"><a href=\"https:\/\/paulgems.com\/en\/escorts-de-lujo-en-madrid-scortsservicios-chicas-de-lujo-senoritas-compania-mujeres\/viajes-de-negocios\/\">Read more<\/a><\/p>\n<p>[\/vc_column_text][\/vc_column][\/vc_row]<\/p>\n<\/div>","protected":false},"excerpt":{"rendered":"<p>[vc_row][vc_column][vc_column_text] ESCORTS SERVICES IN MADRID Services of our ladies and luxury girls In &#8220;Paul Gems Elite Escorts Madrid&#8221; you will find different services with escorts and models, both female and male escorts, with which you will enjoy luxury services adapted to your most hidden desires. Choose among our high standing models and enjoy an unforgettable [&hellip;]<\/p>\n","protected":false},"author":1,"featured_media":0,"parent":0,"menu_order":0,"comment_status":"closed","ping_status":"closed","template":"","meta":{"footnotes":""},"class_list":["post-2464","page","type-page","status-publish","hentry"],"yoast_head":"<!-- This site is optimized with the Yoast SEO plugin v26.3 - https:\/\/yoast.com\/wordpress\/plugins\/seo\/ -->\n<title>Servicios de nuestras se\u00f1oritas y chicas de lujo en Madrid<\/title>\n<meta name=\"description\" content=\"Estos y muchos m\u00e1s, son los servicios de se\u00f1oritas y chicas de lujo en Madrid, de nuestras escorts. Rel\u00e1jate, disfruta y d\u00e9jalo todo en manos de mujeres\" \/>\n<meta name=\"robots\" content=\"index, follow, max-snippet:-1, max-image-preview:large, max-video-preview:-1\" \/>\n<link rel=\"canonical\" href=\"https:\/\/paulgems.com\/en\/escorts-de-lujo-en-madrid-scortsservicios-chicas-de-lujo-senoritas-compania-mujeres\/\" \/>\n<meta property=\"og:locale\" content=\"en_US\" \/>\n<meta property=\"og:type\" content=\"article\" \/>\n<meta property=\"og:title\" content=\"Servicios de nuestras se\u00f1oritas y chicas de lujo en Madrid\" \/>\n<meta property=\"og:description\" content=\"Estos y muchos m\u00e1s, son los servicios de se\u00f1oritas y chicas de lujo en Madrid, de nuestras escorts. Rel\u00e1jate, disfruta y d\u00e9jalo todo en manos de mujeres\" \/>\n<meta property=\"og:url\" content=\"https:\/\/paulgems.com\/en\/escorts-de-lujo-en-madrid-scortsservicios-chicas-de-lujo-senoritas-compania-mujeres\/\" \/>\n<meta property=\"article:modified_time\" content=\"2021-11-27T10:48:54+00:00\" \/>\n<meta name=\"twitter:card\" content=\"summary_large_image\" \/>\n<meta name=\"twitter:label1\" content=\"Est. reading time\" \/>\n\t<meta name=\"twitter:data1\" content=\"2 minutes\" \/>\n<script type=\"application\/ld+json\" class=\"yoast-schema-graph\">{\"@context\":\"https:\/\/schema.org\",\"@graph\":[{\"@type\":\"WebPage\",\"@id\":\"https:\/\/paulgems.com\/en\/escorts-de-lujo-en-madrid-scortsservicios-chicas-de-lujo-senoritas-compania-mujeres\/\",\"url\":\"https:\/\/paulgems.com\/en\/escorts-de-lujo-en-madrid-scortsservicios-chicas-de-lujo-senoritas-compania-mujeres\/\",\"name\":\"Servicios de nuestras se\u00f1oritas y chicas de lujo en Madrid\",\"isPartOf\":{\"@id\":\"https:\/\/paulgems.com\/#website\"},\"datePublished\":\"2016-08-18T15:02:15+00:00\",\"dateModified\":\"2021-11-27T10:48:54+00:00\",\"description\":\"Estos y muchos m\u00e1s, son los servicios de se\u00f1oritas y chicas de lujo en Madrid, de nuestras escorts. Rel\u00e1jate, disfruta y d\u00e9jalo todo en manos de mujeres\",\"breadcrumb\":{\"@id\":\"https:\/\/paulgems.com\/en\/escorts-de-lujo-en-madrid-scortsservicios-chicas-de-lujo-senoritas-compania-mujeres\/#breadcrumb\"},\"inLanguage\":\"en-US\",\"potentialAction\":[{\"@type\":\"ReadAction\",\"target\":[\"https:\/\/paulgems.com\/en\/escorts-de-lujo-en-madrid-scortsservicios-chicas-de-lujo-senoritas-compania-mujeres\/\"]}]},{\"@type\":\"BreadcrumbList\",\"@id\":\"https:\/\/paulgems.com\/en\/escorts-de-lujo-en-madrid-scortsservicios-chicas-de-lujo-senoritas-compania-mujeres\/#breadcrumb\",\"itemListElement\":[{\"@type\":\"ListItem\",\"position\":1,\"name\":\"Portada\",\"item\":\"https:\/\/paulgems.com\/en\/\"},{\"@type\":\"ListItem\",\"position\":2,\"name\":\"Servicios | Agencia de escorts de lujo en Madrid\"}]},{\"@type\":\"WebSite\",\"@id\":\"https:\/\/paulgems.com\/#website\",\"url\":\"https:\/\/paulgems.com\/\",\"name\":\"\",\"description\":\"\",\"potentialAction\":[{\"@type\":\"SearchAction\",\"target\":{\"@type\":\"EntryPoint\",\"urlTemplate\":\"https:\/\/paulgems.com\/?s={search_term_string}\"},\"query-input\":{\"@type\":\"PropertyValueSpecification\",\"valueRequired\":true,\"valueName\":\"search_term_string\"}}],\"inLanguage\":\"en-US\"}]}<\/script>\n<!-- \/ Yoast SEO plugin. -->","yoast_head_json":{"title":"Servicios de nuestras se\u00f1oritas y chicas de lujo en Madrid","description":"Estos y muchos m\u00e1s, son los servicios de se\u00f1oritas y chicas de lujo en Madrid, de nuestras escorts. Rel\u00e1jate, disfruta y d\u00e9jalo todo en manos de mujeres","robots":{"index":"index","follow":"follow","max-snippet":"max-snippet:-1","max-image-preview":"max-image-preview:large","max-video-preview":"max-video-preview:-1"},"canonical":"https:\/\/paulgems.com\/en\/escorts-de-lujo-en-madrid-scortsservicios-chicas-de-lujo-senoritas-compania-mujeres\/","og_locale":"en_US","og_type":"article","og_title":"Servicios de nuestras se\u00f1oritas y chicas de lujo en Madrid","og_description":"Estos y muchos m\u00e1s, son los servicios de se\u00f1oritas y chicas de lujo en Madrid, de nuestras escorts. Rel\u00e1jate, disfruta y d\u00e9jalo todo en manos de mujeres","og_url":"https:\/\/paulgems.com\/en\/escorts-de-lujo-en-madrid-scortsservicios-chicas-de-lujo-senoritas-compania-mujeres\/","article_modified_time":"2021-11-27T10:48:54+00:00","twitter_card":"summary_large_image","twitter_misc":{"Est. reading time":"2 minutes"},"schema":{"@context":"https:\/\/schema.org","@graph":[{"@type":"WebPage","@id":"https:\/\/paulgems.com\/en\/escorts-de-lujo-en-madrid-scortsservicios-chicas-de-lujo-senoritas-compania-mujeres\/","url":"https:\/\/paulgems.com\/en\/escorts-de-lujo-en-madrid-scortsservicios-chicas-de-lujo-senoritas-compania-mujeres\/","name":"Servicios de nuestras se\u00f1oritas y chicas de lujo en Madrid","isPartOf":{"@id":"https:\/\/paulgems.com\/#website"},"datePublished":"2016-08-18T15:02:15+00:00","dateModified":"2021-11-27T10:48:54+00:00","description":"Estos y muchos m\u00e1s, son los servicios de se\u00f1oritas y chicas de lujo en Madrid, de nuestras escorts. Rel\u00e1jate, disfruta y d\u00e9jalo todo en manos de mujeres","breadcrumb":{"@id":"https:\/\/paulgems.com\/en\/escorts-de-lujo-en-madrid-scortsservicios-chicas-de-lujo-senoritas-compania-mujeres\/#breadcrumb"},"inLanguage":"en-US","potentialAction":[{"@type":"ReadAction","target":["https:\/\/paulgems.com\/en\/escorts-de-lujo-en-madrid-scortsservicios-chicas-de-lujo-senoritas-compania-mujeres\/"]}]},{"@type":"BreadcrumbList","@id":"https:\/\/paulgems.com\/en\/escorts-de-lujo-en-madrid-scortsservicios-chicas-de-lujo-senoritas-compania-mujeres\/#breadcrumb","itemListElement":[{"@type":"ListItem","position":1,"name":"Portada","item":"https:\/\/paulgems.com\/en\/"},{"@type":"ListItem","position":2,"name":"Servicios | Agencia de escorts de lujo en Madrid"}]},{"@type":"WebSite","@id":"https:\/\/paulgems.com\/#website","url":"https:\/\/paulgems.com\/","name":"","description":"","potentialAction":[{"@type":"SearchAction","target":{"@type":"EntryPoint","urlTemplate":"https:\/\/paulgems.com\/?s={search_term_string}"},"query-input":{"@type":"PropertyValueSpecification","valueRequired":true,"valueName":"search_term_string"}}],"inLanguage":"en-US"}]}},"_links":{"self":[{"href":"https:\/\/paulgems.com\/en\/wp-json\/wp\/v2\/pages\/2464","targetHints":{"allow":["GET"]}}],"collection":[{"href":"https:\/\/paulgems.com\/en\/wp-json\/wp\/v2\/pages"}],"about":[{"href":"https:\/\/paulgems.com\/en\/wp-json\/wp\/v2\/types\/page"}],"author":[{"embeddable":true,"href":"https:\/\/paulgems.com\/en\/wp-json\/wp\/v2\/users\/1"}],"replies":[{"embeddable":true,"href":"https:\/\/paulgems.com\/en\/wp-json\/wp\/v2\/comments?post=2464"}],"version-history":[{"count":13,"href":"https:\/\/paulgems.com\/en\/wp-json\/wp\/v2\/pages\/2464\/revisions"}],"predecessor-version":[{"id":14870,"href":"https:\/\/paulgems.com\/en\/wp-json\/wp\/v2\/pages\/2464\/revisions\/14870"}],"wp:attachment":[{"href":"https:\/\/paulgems.com\/en\/wp-json\/wp\/v2\/media?parent=2464"}],"curies":[{"name":"wp","href":"https:\/\/api.w.org\/{rel}","templated":true}]}}